{"id":5147,"date":"2023-03-23T15:27:10","date_gmt":"2023-03-23T14:27:10","guid":{"rendered":"https:\/\/grundschule-heinsberg.de\/etudiants\/"},"modified":"2024-03-07T09:01:40","modified_gmt":"2024-03-07T08:01:40","slug":"etudiants","status":"publish","type":"page","link":"https:\/\/grundschule-heinsberg.de\/fr\/etudiants\/","title":{"rendered":"\u00c9tudiants"},"content":{"rendered":"\t\t<div data-elementor-type=\"wp-page\" data-elementor-id=\"5147\" class=\"elementor elementor-5147 elementor-1896\">\n\t\t\t\t\t\t<section class=\"elementor-section elementor-top-section elementor-element elementor-element-a349e54 elementor-section-content-middle elementor-section-full_width elementor-section-height-default elementor-section-height-default\" data-id=\"a349e54\" data-element_type=\"section\" data-settings=\"{&quot;background_background&quot;:&quot;classic&quot;}\">\n\t\t\t\t\t\t<div class=\"elementor-container elementor-column-gap-wide\">\n\t\t\t\t\t<div class=\"elementor-column elementor-col-50 elementor-top-column elementor-element elementor-element-e372514\" data-id=\"e372514\" data-element_type=\"column\">\n\t\t\t<div class=\"elementor-widget-wrap\">\n\t\t\t\t\t\t\t<\/div>\n\t\t<\/div>\n\t\t\t\t<div class=\"elementor-column elementor-col-50 elementor-top-column elementor-element elementor-element-e42f267\" data-id=\"e42f267\" data-element_type=\"column\" data-settings=\"{&quot;background_background&quot;:&quot;classic&quot;}\">\n\t\t\t<div class=\"elementor-widget-wrap\">\n\t\t\t\t\t\t\t<\/div>\n\t\t<\/div>\n\t\t\t\t\t<\/div>\n\t\t<\/section>\n\t\t\t\t<section class=\"elementor-section elementor-top-section elementor-element elementor-element-39681c7 elementor-section-boxed elementor-section-height-default elementor-section-height-default\" data-id=\"39681c7\" data-element_type=\"section\">\n\t\t\t\t\t\t<div class=\"elementor-container elementor-column-gap-default\">\n\t\t\t\t\t<div class=\"elementor-column elementor-col-50 elementor-top-column elementor-element elementor-element-4a1f6a1\" data-id=\"4a1f6a1\" data-element_type=\"column\">\n\t\t\t<div class=\"elementor-widget-wrap elementor-element-populated\">\n\t\t\t\t\t\t<div class=\"elementor-element elementor-element-51cf021 elementor-widget elementor-widget-heading\" data-id=\"51cf021\" data-element_type=\"widget\" data-widget_type=\"heading.default\">\n\t\t\t\t<div class=\"elementor-widget-container\">\n\t\t\t\t\t<h5 class=\"elementor-heading-title elementor-size-default\">Aussi int\u00e9ressant ...<\/h5>\t\t\t\t<\/div>\n\t\t\t\t<\/div>\n\t\t\t\t\t<\/div>\n\t\t<\/div>\n\t\t\t\t<div class=\"elementor-column elementor-col-50 elementor-top-column elementor-element elementor-element-1ba3dad\" data-id=\"1ba3dad\" data-element_type=\"column\">\n\t\t\t<div class=\"elementor-widget-wrap elementor-element-populated\">\n\t\t\t\t\t\t<div class=\"elementor-element elementor-element-c0ccaf7 uael-nav-menu__breakpoint-mobile uael-nav-menu__align-left uael-submenu-open-hover uael-submenu-icon-arrow uael-submenu-animation-none uael-link-redirect-child elementor-widget elementor-widget-uael-nav-menu\" data-id=\"c0ccaf7\" data-element_type=\"widget\" data-settings=\"{&quot;distance_from_menu&quot;:{&quot;unit&quot;:&quot;px&quot;,&quot;size&quot;:&quot;&quot;,&quot;sizes&quot;:[]},&quot;distance_from_menu_tablet&quot;:{&quot;unit&quot;:&quot;px&quot;,&quot;size&quot;:&quot;&quot;,&quot;sizes&quot;:[]},&quot;distance_from_menu_mobile&quot;:{&quot;unit&quot;:&quot;px&quot;,&quot;size&quot;:&quot;&quot;,&quot;sizes&quot;:[]}}\" data-widget_type=\"uael-nav-menu.default\">\n\t\t\t\t<div class=\"elementor-widget-container\">\n\t\t\t\t\t\t\t<div class=\"uael-nav-menu uael-layout-horizontal uael-nav-menu-layout uael-pointer__none\" data-layout=\"horizontal\">\n\t\t\t\t<div role=\"button\" class=\"uael-nav-menu__toggle elementor-clickable\">\n\t\t\t\t\t<span class=\"screen-reader-text\">Main Menu<\/span>\n\t\t\t\t\t<div class=\"uael-nav-menu-icon\">\n\t\t\t\t\t\t<i aria-hidden=\"true\" class=\"fas fa-align-justify\"><\/i>\t\t\t\t\t<\/div>\n\t\t\t\t\t\t\t\t\t<\/div>\n\t\t\t\t\t\t\t<nav class=\"uael-nav-menu__layout-horizontal uael-nav-menu__submenu-arrow\" data-toggle-icon=\"&lt;i aria-hidden=&quot;true&quot; class=&quot;fas fa-align-justify&quot;&gt;&lt;\/i&gt;\" data-close-icon=\"&lt;i aria-hidden=&quot;true&quot; class=&quot;far fa-window-close&quot;&gt;&lt;\/i&gt;\" data-full-width=\"yes\"><ul id=\"menu-1-c0ccaf7\" class=\"uael-nav-menu\"><li id=\"menu-item-5290\" class=\"menu-item menu-item-type-post_type menu-item-object-page parent uael-creative-menu\"><a href=\"https:\/\/grundschule-heinsberg.de\/fr\/notre-ecole\/\" class = \"uael-menu-item\">Notre \u00e9cole<\/a><\/li>\n<li id=\"menu-item-6253\" class=\"menu-item menu-item-type-custom menu-item-object-custom parent uael-creative-menu\"><a href=\"https:\/\/grundschule-heinsberg.de\/fr\/notre-ecole\/#kollegium_fr\" class = \"uael-menu-item\">Coll\u00e8ge et personnel<\/a><\/li>\n<li id=\"menu-item-5292\" class=\"menu-item menu-item-type-post_type menu-item-object-page parent uael-creative-menu\"><a href=\"https:\/\/grundschule-heinsberg.de\/fr\/etudiants\/\" class = \"uael-menu-item\">\u00c9tudiants<\/a><\/li>\n<li id=\"menu-item-5300\" class=\"menu-item menu-item-type-post_type menu-item-object-page parent uael-creative-menu\"><a href=\"https:\/\/grundschule-heinsberg.de\/fr\/comites\/\" class = \"uael-menu-item\">Comit\u00e9s<\/a><\/li>\n<li id=\"menu-item-6254\" class=\"menu-item menu-item-type-post_type menu-item-object-page parent uael-creative-menu\"><a href=\"https:\/\/grundschule-heinsberg.de\/fr\/lecole-de-a-a-z\/\" class = \"uael-menu-item\">L\u2019\u00e9cole de A \u00e0 Z<\/a><\/li>\n<li id=\"menu-item-5302\" class=\"menu-item menu-item-type-post_type menu-item-object-page parent uael-creative-menu\"><a href=\"https:\/\/grundschule-heinsberg.de\/fr\/formulaires\/\" class = \"uael-menu-item\">Formulaires<\/a><\/li>\n<\/ul><\/nav>\n\t\t\t\t\t<\/div>\n\t\t\t\t\t\t\t<\/div>\n\t\t\t\t<\/div>\n\t\t\t\t\t<\/div>\n\t\t<\/div>\n\t\t\t\t\t<\/div>\n\t\t<\/section>\n\t\t\t\t<section class=\"elementor-section elementor-top-section elementor-element elementor-element-6d97d44 elementor-section-boxed elementor-section-height-default elementor-section-height-default\" data-id=\"6d97d44\" data-element_type=\"section\" data-settings=\"{&quot;background_background&quot;:&quot;classic&quot;}\">\n\t\t\t\t\t\t<div class=\"elementor-container elementor-column-gap-default\">\n\t\t\t\t\t<div class=\"elementor-column elementor-col-50 elementor-top-column elementor-element elementor-element-925e23b\" data-id=\"925e23b\" data-element_type=\"column\">\n\t\t\t<div class=\"elementor-widget-wrap elementor-element-populated\">\n\t\t\t\t\t\t<div class=\"elementor-element elementor-element-15b65bfe elementor-widget elementor-widget-heading\" data-id=\"15b65bfe\" data-element_type=\"widget\" data-widget_type=\"heading.default\">\n\t\t\t\t<div class=\"elementor-widget-container\">\n\t\t\t\t\t<h2 class=\"elementor-heading-title elementor-size-default\">Nos classes<\/h2>\t\t\t\t<\/div>\n\t\t\t\t<\/div>\n\t\t\t\t<div class=\"elementor-element elementor-element-08d7e7e elementor-widget elementor-widget-image\" data-id=\"08d7e7e\" data-element_type=\"widget\" data-widget_type=\"image.default\">\n\t\t\t\t<div class=\"elementor-widget-container\">\n\t\t\t\t\t\t\t\t\t\t\t\t<figure class=\"wp-caption\">\n\t\t\t\t\t\t\t\t\t\t<img fetchpriority=\"high\" decoding=\"async\" width=\"1024\" height=\"683\" src=\"https:\/\/grundschule-heinsberg.de\/wp-content\/uploads\/2023\/12\/Klasse-1_2023_24-1024x683.jpg\" class=\"attachment-large size-large wp-image-5148\" alt=\"\" srcset=\"https:\/\/grundschule-heinsberg.de\/wp-content\/uploads\/2023\/12\/Klasse-1_2023_24-1024x683.jpg 1024w, https:\/\/grundschule-heinsberg.de\/wp-content\/uploads\/2023\/12\/Klasse-1_2023_24-300x200.jpg 300w, https:\/\/grundschule-heinsberg.de\/wp-content\/uploads\/2023\/12\/Klasse-1_2023_24-768x512.jpg 768w, https:\/\/grundschule-heinsberg.de\/wp-content\/uploads\/2023\/12\/Klasse-1_2023_24.jpg 1200w\" sizes=\"(max-width: 1024px) 100vw, 1024px\" \/>\t\t\t\t\t\t\t\t\t\t\t<figcaption class=\"widget-image-caption wp-caption-text\">Classe 1 | Professeur principal Sonja K\u00f6ster<\/figcaption>\n\t\t\t\t\t\t\t\t\t\t<\/figure>\n\t\t\t\t\t\t\t\t\t<\/div>\n\t\t\t\t<\/div>\n\t\t\t\t<div class=\"elementor-element elementor-element-0728f0b elementor-widget elementor-widget-image\" data-id=\"0728f0b\" data-element_type=\"widget\" data-widget_type=\"image.default\">\n\t\t\t\t<div class=\"elementor-widget-container\">\n\t\t\t\t\t\t\t\t\t\t\t\t<figure class=\"wp-caption\">\n\t\t\t\t\t\t\t\t\t\t<img decoding=\"async\" width=\"1024\" height=\"683\" src=\"https:\/\/grundschule-heinsberg.de\/wp-content\/uploads\/2023\/12\/Klasse-2_2023_24-1024x683.jpg\" class=\"attachment-large size-large wp-image-5149\" alt=\"\" srcset=\"https:\/\/grundschule-heinsberg.de\/wp-content\/uploads\/2023\/12\/Klasse-2_2023_24-1024x683.jpg 1024w, https:\/\/grundschule-heinsberg.de\/wp-content\/uploads\/2023\/12\/Klasse-2_2023_24-300x200.jpg 300w, https:\/\/grundschule-heinsberg.de\/wp-content\/uploads\/2023\/12\/Klasse-2_2023_24-768x512.jpg 768w, https:\/\/grundschule-heinsberg.de\/wp-content\/uploads\/2023\/12\/Klasse-2_2023_24.jpg 1200w\" sizes=\"(max-width: 1024px) 100vw, 1024px\" \/>\t\t\t\t\t\t\t\t\t\t\t<figcaption class=\"widget-image-caption wp-caption-text\">Classe 2 | Professeur principal Jasmin Soemer<\/figcaption>\n\t\t\t\t\t\t\t\t\t\t<\/figure>\n\t\t\t\t\t\t\t\t\t<\/div>\n\t\t\t\t<\/div>\n\t\t\t\t<div class=\"elementor-element elementor-element-49bfe78 elementor-widget elementor-widget-image\" data-id=\"49bfe78\" data-element_type=\"widget\" data-widget_type=\"image.default\">\n\t\t\t\t<div class=\"elementor-widget-container\">\n\t\t\t\t\t\t\t\t\t\t\t\t<figure class=\"wp-caption\">\n\t\t\t\t\t\t\t\t\t\t<img decoding=\"async\" width=\"1024\" height=\"683\" src=\"https:\/\/grundschule-heinsberg.de\/wp-content\/uploads\/2023\/12\/Klasse-3a_2023_24-1024x683.jpg\" class=\"attachment-large size-large wp-image-5150\" alt=\"\" srcset=\"https:\/\/grundschule-heinsberg.de\/wp-content\/uploads\/2023\/12\/Klasse-3a_2023_24-1024x683.jpg 1024w, https:\/\/grundschule-heinsberg.de\/wp-content\/uploads\/2023\/12\/Klasse-3a_2023_24-300x200.jpg 300w, https:\/\/grundschule-heinsberg.de\/wp-content\/uploads\/2023\/12\/Klasse-3a_2023_24-768x512.jpg 768w, https:\/\/grundschule-heinsberg.de\/wp-content\/uploads\/2023\/12\/Klasse-3a_2023_24.jpg 1200w\" sizes=\"(max-width: 1024px) 100vw, 1024px\" \/>\t\t\t\t\t\t\t\t\t\t\t<figcaption class=\"widget-image-caption wp-caption-text\">Classe 3a | Professeur principal Simone W\u00fclbeck<\/figcaption>\n\t\t\t\t\t\t\t\t\t\t<\/figure>\n\t\t\t\t\t\t\t\t\t<\/div>\n\t\t\t\t<\/div>\n\t\t\t\t<div class=\"elementor-element elementor-element-e59c393 elementor-widget elementor-widget-image\" data-id=\"e59c393\" data-element_type=\"widget\" data-widget_type=\"image.default\">\n\t\t\t\t<div class=\"elementor-widget-container\">\n\t\t\t\t\t\t\t\t\t\t\t\t<figure class=\"wp-caption\">\n\t\t\t\t\t\t\t\t\t\t<img loading=\"lazy\" decoding=\"async\" width=\"1024\" height=\"683\" src=\"https:\/\/grundschule-heinsberg.de\/wp-content\/uploads\/2023\/12\/Klasse-3b_2023_24-1024x683.jpg\" class=\"attachment-large size-large wp-image-5151\" alt=\"\" srcset=\"https:\/\/grundschule-heinsberg.de\/wp-content\/uploads\/2023\/12\/Klasse-3b_2023_24-1024x683.jpg 1024w, https:\/\/grundschule-heinsberg.de\/wp-content\/uploads\/2023\/12\/Klasse-3b_2023_24-300x200.jpg 300w, https:\/\/grundschule-heinsberg.de\/wp-content\/uploads\/2023\/12\/Klasse-3b_2023_24-768x512.jpg 768w, https:\/\/grundschule-heinsberg.de\/wp-content\/uploads\/2023\/12\/Klasse-3b_2023_24.jpg 1200w\" sizes=\"(max-width: 1024px) 100vw, 1024px\" \/>\t\t\t\t\t\t\t\t\t\t\t<figcaption class=\"widget-image-caption wp-caption-text\">Classe 3b | Professeur principal Laura Schreiner<\/figcaption>\n\t\t\t\t\t\t\t\t\t\t<\/figure>\n\t\t\t\t\t\t\t\t\t<\/div>\n\t\t\t\t<\/div>\n\t\t\t\t<div class=\"elementor-element elementor-element-d8797a5 elementor-widget elementor-widget-image\" data-id=\"d8797a5\" data-element_type=\"widget\" data-widget_type=\"image.default\">\n\t\t\t\t<div class=\"elementor-widget-container\">\n\t\t\t\t\t\t\t\t\t\t\t\t<figure class=\"wp-caption\">\n\t\t\t\t\t\t\t\t\t\t<img loading=\"lazy\" decoding=\"async\" width=\"1024\" height=\"683\" src=\"https:\/\/grundschule-heinsberg.de\/wp-content\/uploads\/2023\/12\/Klasse-4_2023_24-1024x683.jpg\" class=\"attachment-large size-large wp-image-5152\" alt=\"\" srcset=\"https:\/\/grundschule-heinsberg.de\/wp-content\/uploads\/2023\/12\/Klasse-4_2023_24-1024x683.jpg 1024w, https:\/\/grundschule-heinsberg.de\/wp-content\/uploads\/2023\/12\/Klasse-4_2023_24-300x200.jpg 300w, https:\/\/grundschule-heinsberg.de\/wp-content\/uploads\/2023\/12\/Klasse-4_2023_24-768x512.jpg 768w, https:\/\/grundschule-heinsberg.de\/wp-content\/uploads\/2023\/12\/Klasse-4_2023_24.jpg 1200w\" sizes=\"(max-width: 1024px) 100vw, 1024px\" \/>\t\t\t\t\t\t\t\t\t\t\t<figcaption class=\"widget-image-caption wp-caption-text\">Classe 4 | Chef de classe Katja Eiden<\/figcaption>\n\t\t\t\t\t\t\t\t\t\t<\/figure>\n\t\t\t\t\t\t\t\t\t<\/div>\n\t\t\t\t<\/div>\n\t\t\t\t\t<\/div>\n\t\t<\/div>\n\t\t\t\t<div class=\"elementor-column elementor-col-50 elementor-top-column elementor-element elementor-element-e798ada\" data-id=\"e798ada\" data-element_type=\"column\" data-settings=\"{&quot;background_background&quot;:&quot;classic&quot;}\">\n\t\t\t<div class=\"elementor-widget-wrap\">\n\t\t\t\t\t\t\t<\/div>\n\t\t<\/div>\n\t\t\t\t\t<\/div>\n\t\t<\/section>\n\t\t\t\t<\/div>\n\t\t","protected":false},"excerpt":{"rendered":"<p>Aussi int\u00e9ressant &#8230; Main Menu Unsere Schule Kollegium &#038; Mitarbeiter Sch\u00fcler Gremien Schule von A bis Z Formulare Nos classes Classe 1 | Professeur principal [&hellip;]<\/p>\n","protected":false},"author":1,"featured_media":0,"parent":0,"menu_order":0,"comment_status":"closed","ping_status":"closed","template":"","meta":{"inline_featured_image":false,"site-sidebar-layout":"no-sidebar","site-content-layout":"page-builder","ast-site-content-layout":"full-width-container","site-content-style":"unboxed","site-sidebar-style":"unboxed","ast-global-header-display":"","ast-banner-title-visibility":"","ast-main-header-display":"","ast-hfb-above-header-display":"","ast-hfb-below-header-display":"","ast-hfb-mobile-header-display":"","site-post-title":"","ast-breadcrumbs-content":"disabled","ast-featured-img":"disabled","footer-sml-layout":"","ast-disable-related-posts":"","theme-transparent-header-meta":"enabled","adv-header-id-meta":"","stick-header-meta":"","header-above-stick-meta":"","header-main-stick-meta":"","header-below-stick-meta":"","astra-migrate-meta-layouts":"default","ast-page-background-enabled":"default","ast-page-background-meta":{"desktop":{"background-color":"","background-image":"","background-repeat":"repeat","background-position":"center center","background-size":"auto","background-attachment":"scroll","background-type":"","background-media":"","overlay-type":"","overlay-color":"","overlay-opacity":"","overlay-gradient":""},"tablet":{"background-color":"","background-image":"","background-repeat":"repeat","background-position":"center center","background-size":"auto","background-attachment":"scroll","background-type":"","background-media":"","overlay-type":"","overlay-color":"","overlay-opacity":"","overlay-gradient":""},"mobile":{"background-color":"","background-image":"","background-repeat":"repeat","background-position":"center center","background-size":"auto","background-attachment":"scroll","background-type":"","background-media":"","overlay-type":"","overlay-color":"","overlay-opacity":"","overlay-gradient":""}},"ast-content-background-meta":{"desktop":{"background-color":"var(--ast-global-color-5)","background-image":"","background-repeat":"repeat","background-position":"center center","background-size":"auto","background-attachment":"scroll","background-type":"","background-media":"","overlay-type":"","overlay-color":"","overlay-opacity":"","overlay-gradient":""},"tablet":{"background-color":"var(--ast-global-color-5)","background-image":"","background-repeat":"repeat","background-position":"center center","background-size":"auto","background-attachment":"scroll","background-type":"","background-media":"","overlay-type":"","overlay-color":"","overlay-opacity":"","overlay-gradient":""},"mobile":{"background-color":"var(--ast-global-color-5)","background-image":"","background-repeat":"repeat","background-position":"center center","background-size":"auto","background-attachment":"scroll","background-type":"","background-media":"","overlay-type":"","overlay-color":"","overlay-opacity":"","overlay-gradient":""}}},"class_list":["post-5147","page","type-page","status-publish","hentry"],"yoast_head":"<!-- This site is optimized with the Yoast SEO plugin v27.3 - https:\/\/yoast.com\/product\/yoast-seo-wordpress\/ -->\n<title>\u00c9tudiants - St. Katharina Grundschule Heinsberg<\/title>\n<meta name=\"robots\" content=\"index, follow, max-snippet:-1, max-image-preview:large, max-video-preview:-1\" \/>\n<link rel=\"canonical\" href=\"https:\/\/grundschule-heinsberg.de\/fr\/etudiants\/\" \/>\n<meta property=\"og:locale\" content=\"fr_FR\" \/>\n<meta property=\"og:type\" content=\"article\" \/>\n<meta property=\"og:title\" content=\"\u00c9tudiants - St. Katharina Grundschule Heinsberg\" \/>\n<meta property=\"og:description\" content=\"Aussi int\u00e9ressant &#8230; Main Menu Unsere Schule Kollegium &#038; Mitarbeiter Sch\u00fcler Gremien Schule von A bis Z Formulare Nos classes Classe 1 | Professeur principal [&hellip;]\" \/>\n<meta property=\"og:url\" content=\"https:\/\/grundschule-heinsberg.de\/fr\/etudiants\/\" \/>\n<meta property=\"og:site_name\" content=\"St. Katharina Grundschule Heinsberg\" \/>\n<meta property=\"article:modified_time\" content=\"2024-03-07T08:01:40+00:00\" \/>\n<meta property=\"og:image\" content=\"https:\/\/grundschule-heinsberg.de\/wp-content\/uploads\/2023\/12\/Klasse-1_2023_24-1024x683.jpg\" \/>\n<meta name=\"twitter:card\" content=\"summary_large_image\" \/>\n<script type=\"application\/ld+json\" class=\"yoast-schema-graph\">{\"@context\":\"https:\\\/\\\/schema.org\",\"@graph\":[{\"@type\":\"WebPage\",\"@id\":\"https:\\\/\\\/grundschule-heinsberg.de\\\/fr\\\/etudiants\\\/\",\"url\":\"https:\\\/\\\/grundschule-heinsberg.de\\\/fr\\\/etudiants\\\/\",\"name\":\"\u00c9tudiants - St. Katharina Grundschule Heinsberg\",\"isPartOf\":{\"@id\":\"https:\\\/\\\/grundschule-heinsberg.de\\\/fr\\\/#website\"},\"primaryImageOfPage\":{\"@id\":\"https:\\\/\\\/grundschule-heinsberg.de\\\/fr\\\/etudiants\\\/#primaryimage\"},\"image\":{\"@id\":\"https:\\\/\\\/grundschule-heinsberg.de\\\/fr\\\/etudiants\\\/#primaryimage\"},\"thumbnailUrl\":\"https:\\\/\\\/grundschule-heinsberg.de\\\/wp-content\\\/uploads\\\/2023\\\/12\\\/Klasse-1_2023_24-1024x683.jpg\",\"datePublished\":\"2023-03-23T14:27:10+00:00\",\"dateModified\":\"2024-03-07T08:01:40+00:00\",\"breadcrumb\":{\"@id\":\"https:\\\/\\\/grundschule-heinsberg.de\\\/fr\\\/etudiants\\\/#breadcrumb\"},\"inLanguage\":\"fr-FR\",\"potentialAction\":[{\"@type\":\"ReadAction\",\"target\":[\"https:\\\/\\\/grundschule-heinsberg.de\\\/fr\\\/etudiants\\\/\"]}]},{\"@type\":\"ImageObject\",\"inLanguage\":\"fr-FR\",\"@id\":\"https:\\\/\\\/grundschule-heinsberg.de\\\/fr\\\/etudiants\\\/#primaryimage\",\"url\":\"https:\\\/\\\/grundschule-heinsberg.de\\\/wp-content\\\/uploads\\\/2023\\\/12\\\/Klasse-1_2023_24-1024x683.jpg\",\"contentUrl\":\"https:\\\/\\\/grundschule-heinsberg.de\\\/wp-content\\\/uploads\\\/2023\\\/12\\\/Klasse-1_2023_24-1024x683.jpg\"},{\"@type\":\"BreadcrumbList\",\"@id\":\"https:\\\/\\\/grundschule-heinsberg.de\\\/fr\\\/etudiants\\\/#breadcrumb\",\"itemListElement\":[{\"@type\":\"ListItem\",\"position\":1,\"name\":\"Startseite\",\"item\":\"https:\\\/\\\/grundschule-heinsberg.de\\\/fr\\\/\"},{\"@type\":\"ListItem\",\"position\":2,\"name\":\"\u00c9tudiants\"}]},{\"@type\":\"WebSite\",\"@id\":\"https:\\\/\\\/grundschule-heinsberg.de\\\/fr\\\/#website\",\"url\":\"https:\\\/\\\/grundschule-heinsberg.de\\\/fr\\\/\",\"name\":\"St. Katharina Grundschule Heinsberg\",\"description\":\"f\u00fcreinander, voneinander, gemeinsam und individuell: Hand in Hand auf dem Weg in die Zukunft\",\"publisher\":{\"@id\":\"https:\\\/\\\/grundschule-heinsberg.de\\\/fr\\\/#organization\"},\"potentialAction\":[{\"@type\":\"SearchAction\",\"target\":{\"@type\":\"EntryPoint\",\"urlTemplate\":\"https:\\\/\\\/grundschule-heinsberg.de\\\/fr\\\/?s={search_term_string}\"},\"query-input\":{\"@type\":\"PropertyValueSpecification\",\"valueRequired\":true,\"valueName\":\"search_term_string\"}}],\"inLanguage\":\"fr-FR\"},{\"@type\":\"Organization\",\"@id\":\"https:\\\/\\\/grundschule-heinsberg.de\\\/fr\\\/#organization\",\"name\":\"St. Katharina Grundschule Heinsberg\",\"url\":\"https:\\\/\\\/grundschule-heinsberg.de\\\/fr\\\/\",\"logo\":{\"@type\":\"ImageObject\",\"inLanguage\":\"fr-FR\",\"@id\":\"https:\\\/\\\/grundschule-heinsberg.de\\\/fr\\\/#\\\/schema\\\/logo\\\/image\\\/\",\"url\":\"https:\\\/\\\/grundschule-heinsberg.de\\\/wp-content\\\/uploads\\\/2023\\\/03\\\/230307_Grundschule-Heinsberg_Logo_RGB.svg\",\"contentUrl\":\"https:\\\/\\\/grundschule-heinsberg.de\\\/wp-content\\\/uploads\\\/2023\\\/03\\\/230307_Grundschule-Heinsberg_Logo_RGB.svg\",\"width\":311,\"height\":135,\"caption\":\"St. Katharina Grundschule Heinsberg\"},\"image\":{\"@id\":\"https:\\\/\\\/grundschule-heinsberg.de\\\/fr\\\/#\\\/schema\\\/logo\\\/image\\\/\"}}]}<\/script>\n<!-- \/ Yoast SEO plugin. -->","yoast_head_json":{"title":"\u00c9tudiants - St. Katharina Grundschule Heinsberg","robots":{"index":"index","follow":"follow","max-snippet":"max-snippet:-1","max-image-preview":"max-image-preview:large","max-video-preview":"max-video-preview:-1"},"canonical":"https:\/\/grundschule-heinsberg.de\/fr\/etudiants\/","og_locale":"fr_FR","og_type":"article","og_title":"\u00c9tudiants - St. Katharina Grundschule Heinsberg","og_description":"Aussi int\u00e9ressant &#8230; Main Menu Unsere Schule Kollegium &#038; Mitarbeiter Sch\u00fcler Gremien Schule von A bis Z Formulare Nos classes Classe 1 | Professeur principal [&hellip;]","og_url":"https:\/\/grundschule-heinsberg.de\/fr\/etudiants\/","og_site_name":"St. Katharina Grundschule Heinsberg","article_modified_time":"2024-03-07T08:01:40+00:00","og_image":[{"url":"https:\/\/grundschule-heinsberg.de\/wp-content\/uploads\/2023\/12\/Klasse-1_2023_24-1024x683.jpg","type":"","width":"","height":""}],"twitter_card":"summary_large_image","schema":{"@context":"https:\/\/schema.org","@graph":[{"@type":"WebPage","@id":"https:\/\/grundschule-heinsberg.de\/fr\/etudiants\/","url":"https:\/\/grundschule-heinsberg.de\/fr\/etudiants\/","name":"\u00c9tudiants - St. Katharina Grundschule Heinsberg","isPartOf":{"@id":"https:\/\/grundschule-heinsberg.de\/fr\/#website"},"primaryImageOfPage":{"@id":"https:\/\/grundschule-heinsberg.de\/fr\/etudiants\/#primaryimage"},"image":{"@id":"https:\/\/grundschule-heinsberg.de\/fr\/etudiants\/#primaryimage"},"thumbnailUrl":"https:\/\/grundschule-heinsberg.de\/wp-content\/uploads\/2023\/12\/Klasse-1_2023_24-1024x683.jpg","datePublished":"2023-03-23T14:27:10+00:00","dateModified":"2024-03-07T08:01:40+00:00","breadcrumb":{"@id":"https:\/\/grundschule-heinsberg.de\/fr\/etudiants\/#breadcrumb"},"inLanguage":"fr-FR","potentialAction":[{"@type":"ReadAction","target":["https:\/\/grundschule-heinsberg.de\/fr\/etudiants\/"]}]},{"@type":"ImageObject","inLanguage":"fr-FR","@id":"https:\/\/grundschule-heinsberg.de\/fr\/etudiants\/#primaryimage","url":"https:\/\/grundschule-heinsberg.de\/wp-content\/uploads\/2023\/12\/Klasse-1_2023_24-1024x683.jpg","contentUrl":"https:\/\/grundschule-heinsberg.de\/wp-content\/uploads\/2023\/12\/Klasse-1_2023_24-1024x683.jpg"},{"@type":"BreadcrumbList","@id":"https:\/\/grundschule-heinsberg.de\/fr\/etudiants\/#breadcrumb","itemListElement":[{"@type":"ListItem","position":1,"name":"Startseite","item":"https:\/\/grundschule-heinsberg.de\/fr\/"},{"@type":"ListItem","position":2,"name":"\u00c9tudiants"}]},{"@type":"WebSite","@id":"https:\/\/grundschule-heinsberg.de\/fr\/#website","url":"https:\/\/grundschule-heinsberg.de\/fr\/","name":"St. Katharina Grundschule Heinsberg","description":"f\u00fcreinander, voneinander, gemeinsam und individuell: Hand in Hand auf dem Weg in die Zukunft","publisher":{"@id":"https:\/\/grundschule-heinsberg.de\/fr\/#organization"},"potentialAction":[{"@type":"SearchAction","target":{"@type":"EntryPoint","urlTemplate":"https:\/\/grundschule-heinsberg.de\/fr\/?s={search_term_string}"},"query-input":{"@type":"PropertyValueSpecification","valueRequired":true,"valueName":"search_term_string"}}],"inLanguage":"fr-FR"},{"@type":"Organization","@id":"https:\/\/grundschule-heinsberg.de\/fr\/#organization","name":"St. Katharina Grundschule Heinsberg","url":"https:\/\/grundschule-heinsberg.de\/fr\/","logo":{"@type":"ImageObject","inLanguage":"fr-FR","@id":"https:\/\/grundschule-heinsberg.de\/fr\/#\/schema\/logo\/image\/","url":"https:\/\/grundschule-heinsberg.de\/wp-content\/uploads\/2023\/03\/230307_Grundschule-Heinsberg_Logo_RGB.svg","contentUrl":"https:\/\/grundschule-heinsberg.de\/wp-content\/uploads\/2023\/03\/230307_Grundschule-Heinsberg_Logo_RGB.svg","width":311,"height":135,"caption":"St. Katharina Grundschule Heinsberg"},"image":{"@id":"https:\/\/grundschule-heinsberg.de\/fr\/#\/schema\/logo\/image\/"}}]}},"_links":{"self":[{"href":"https:\/\/grundschule-heinsberg.de\/fr\/wp-json\/wp\/v2\/pages\/5147","targetHints":{"allow":["GET"]}}],"collection":[{"href":"https:\/\/grundschule-heinsberg.de\/fr\/wp-json\/wp\/v2\/pages"}],"about":[{"href":"https:\/\/grundschule-heinsberg.de\/fr\/wp-json\/wp\/v2\/types\/page"}],"author":[{"embeddable":true,"href":"https:\/\/grundschule-heinsberg.de\/fr\/wp-json\/wp\/v2\/users\/1"}],"replies":[{"embeddable":true,"href":"https:\/\/grundschule-heinsberg.de\/fr\/wp-json\/wp\/v2\/comments?post=5147"}],"version-history":[{"count":0,"href":"https:\/\/grundschule-heinsberg.de\/fr\/wp-json\/wp\/v2\/pages\/5147\/revisions"}],"wp:attachment":[{"href":"https:\/\/grundschule-heinsberg.de\/fr\/wp-json\/wp\/v2\/media?parent=5147"}],"curies":[{"name":"wp","href":"https:\/\/api.w.org\/{rel}","templated":true}]}}