{"id":5159,"date":"2023-08-16T16:28:39","date_gmt":"2023-08-16T14:28:39","guid":{"rendered":"https:\/\/grundschule-heinsberg.de\/classe-2000\/"},"modified":"2024-03-07T09:03:16","modified_gmt":"2024-03-07T08:03:16","slug":"classe-2000","status":"publish","type":"page","link":"https:\/\/grundschule-heinsberg.de\/fr\/classe-2000\/","title":{"rendered":"Classe 2000"},"content":{"rendered":"\t\t<div data-elementor-type=\"wp-page\" data-elementor-id=\"5159\" class=\"elementor elementor-5159 elementor-3613\">\n\t\t\t\t\t\t<section class=\"elementor-section elementor-top-section elementor-element elementor-element-74b95b4 elementor-section-content-middle elementor-section-full_width elementor-section-height-default elementor-section-height-default\" data-id=\"74b95b4\" data-element_type=\"section\" data-settings=\"{&quot;background_background&quot;:&quot;classic&quot;}\">\n\t\t\t\t\t\t<div class=\"elementor-container elementor-column-gap-wide\">\n\t\t\t\t\t<div class=\"elementor-column elementor-col-50 elementor-top-column elementor-element elementor-element-743dafe\" data-id=\"743dafe\" data-element_type=\"column\" data-settings=\"{&quot;background_background&quot;:&quot;classic&quot;}\">\n\t\t\t<div class=\"elementor-widget-wrap\">\n\t\t\t\t\t\t\t<\/div>\n\t\t<\/div>\n\t\t\t\t<div class=\"elementor-column elementor-col-50 elementor-top-column elementor-element elementor-element-5dbb722\" data-id=\"5dbb722\" data-element_type=\"column\" data-settings=\"{&quot;background_background&quot;:&quot;classic&quot;}\">\n\t\t\t<div class=\"elementor-widget-wrap\">\n\t\t\t\t\t\t\t<\/div>\n\t\t<\/div>\n\t\t\t\t\t<\/div>\n\t\t<\/section>\n\t\t\t\t<section class=\"elementor-section elementor-top-section elementor-element elementor-element-8398ede elementor-section-boxed elementor-section-height-default elementor-section-height-default\" data-id=\"8398ede\" data-element_type=\"section\">\n\t\t\t\t\t\t<div class=\"elementor-container elementor-column-gap-default\">\n\t\t\t\t\t<div class=\"elementor-column elementor-col-50 elementor-top-column elementor-element elementor-element-e85702f\" data-id=\"e85702f\" data-element_type=\"column\">\n\t\t\t<div class=\"elementor-widget-wrap elementor-element-populated\">\n\t\t\t\t\t\t<div class=\"elementor-element elementor-element-f260c65 elementor-widget elementor-widget-heading\" data-id=\"f260c65\" data-element_type=\"widget\" data-widget_type=\"heading.default\">\n\t\t\t\t<div class=\"elementor-widget-container\">\n\t\t\t\t\t<h3 class=\"elementor-heading-title elementor-size-xl\">Classe 2000<\/h3>\t\t\t\t<\/div>\n\t\t\t\t<\/div>\n\t\t\t\t<div class=\"elementor-element elementor-element-7f34283 elementor-widget elementor-widget-text-editor\" data-id=\"7f34283\" data-element_type=\"widget\" data-widget_type=\"text-editor.default\">\n\t\t\t\t<div class=\"elementor-widget-container\">\n\t\t\t\t\t\t\t\t\t<p>La communaut\u00e9 scolaire a d\u00e9cid\u00e9 ensemble, il y a de nombreuses ann\u00e9es, d&rsquo;adopter la classe 2000.<\/p>\n<p>Le programme se d\u00e9roule dans notre \u00e9cole de la premi\u00e8re \u00e0 la quatri\u00e8me ann\u00e9e.  <br>Le programme est un atout pour les \u00e9l\u00e8ves de l&rsquo;\u00e9cole primaire St. Katharina.<\/p>\n<p><\/p>\t\t\t\t\t\t\t\t<\/div>\n\t\t\t\t<\/div>\n\t\t\t\t<div class=\"elementor-element elementor-element-aacca17 elementor-widget elementor-widget-heading\" data-id=\"aacca17\" data-element_type=\"widget\" data-widget_type=\"heading.default\">\n\t\t\t\t<div class=\"elementor-widget-container\">\n\t\t\t\t\t<h6 class=\"elementor-heading-title elementor-size-default\">Vous trouverez ici des informations pr\u00e9cises sur le programme :<\/h6>\t\t\t\t<\/div>\n\t\t\t\t<\/div>\n\t\t\t\t<div class=\"elementor-element elementor-element-512c511 elementor-widget elementor-widget-button\" data-id=\"512c511\" data-element_type=\"widget\" data-widget_type=\"button.default\">\n\t\t\t\t<div class=\"elementor-widget-container\">\n\t\t\t\t\t\t\t\t\t<div class=\"elementor-button-wrapper\">\n\t\t\t\t\t<a class=\"elementor-button elementor-button-link elementor-size-sm\" href=\"https:\/\/www.klasse2000.de\/das-programm\/das-programm-klasse2000\" target=\"_blank\">\n\t\t\t\t\t\t<span class=\"elementor-button-content-wrapper\">\n\t\t\t\t\t\t\t\t\t<span class=\"elementor-button-text\">Classe 2000<\/span>\n\t\t\t\t\t<\/span>\n\t\t\t\t\t<\/a>\n\t\t\t\t<\/div>\n\t\t\t\t\t\t\t\t<\/div>\n\t\t\t\t<\/div>\n\t\t\t\t\t<\/div>\n\t\t<\/div>\n\t\t\t\t<div class=\"elementor-column elementor-col-50 elementor-top-column elementor-element elementor-element-1b356db\" data-id=\"1b356db\" data-element_type=\"column\">\n\t\t\t<div class=\"elementor-widget-wrap elementor-element-populated\">\n\t\t\t\t\t\t<div class=\"elementor-element elementor-element-44a1f90 elementor-widget elementor-widget-image\" data-id=\"44a1f90\" data-element_type=\"widget\" data-widget_type=\"image.default\">\n\t\t\t\t<div class=\"elementor-widget-container\">\n\t\t\t\t\t\t\t\t\t\t\t\t\t\t\t<img fetchpriority=\"high\" decoding=\"async\" width=\"727\" height=\"736\" src=\"https:\/\/grundschule-heinsberg.de\/wp-content\/uploads\/2023\/08\/logo-klasse-2000-02.png\" class=\"attachment-full size-full wp-image-5162\" alt=\"\" srcset=\"https:\/\/grundschule-heinsberg.de\/wp-content\/uploads\/2023\/08\/logo-klasse-2000-02.png 727w, https:\/\/grundschule-heinsberg.de\/wp-content\/uploads\/2023\/08\/logo-klasse-2000-02-296x300.png 296w\" sizes=\"(max-width: 727px) 100vw, 727px\" \/>\t\t\t\t\t\t\t\t\t\t\t\t\t\t\t<\/div>\n\t\t\t\t<\/div>\n\t\t\t\t<div class=\"elementor-element elementor-element-5e2a530 elementor-widget elementor-widget-image\" data-id=\"5e2a530\" data-element_type=\"widget\" data-widget_type=\"image.default\">\n\t\t\t\t<div class=\"elementor-widget-container\">\n\t\t\t\t\t\t\t\t\t\t\t\t\t\t\t\t<a href=\"https:\/\/www.klasse2000.de\" target=\"_blank\">\n\t\t\t\t\t\t\t<img decoding=\"async\" width=\"600\" height=\"657\" src=\"https:\/\/grundschule-heinsberg.de\/wp-content\/uploads\/2023\/08\/csm_GF_reuss_730x800_eca7b2320a_klasse-2000.jpg\" class=\"attachment-full size-full wp-image-5163\" alt=\"\" srcset=\"https:\/\/grundschule-heinsberg.de\/wp-content\/uploads\/2023\/08\/csm_GF_reuss_730x800_eca7b2320a_klasse-2000.jpg 600w, https:\/\/grundschule-heinsberg.de\/wp-content\/uploads\/2023\/08\/csm_GF_reuss_730x800_eca7b2320a_klasse-2000-274x300.jpg 274w\" sizes=\"(max-width: 600px) 100vw, 600px\" \/>\t\t\t\t\t\t\t\t<\/a>\n\t\t\t\t\t\t\t\t\t\t\t\t\t\t\t<\/div>\n\t\t\t\t<\/div>\n\t\t\t\t\t<\/div>\n\t\t<\/div>\n\t\t\t\t\t<\/div>\n\t\t<\/section>\n\t\t\t\t<\/div>\n\t\t","protected":false},"excerpt":{"rendered":"<p>Classe 2000 La communaut\u00e9 scolaire a d\u00e9cid\u00e9 ensemble, il y a de nombreuses ann\u00e9es, d&rsquo;adopter la classe 2000. Le programme se d\u00e9roule dans notre \u00e9cole [&hellip;]<\/p>\n","protected":false},"author":2,"featured_media":0,"parent":0,"menu_order":0,"comment_status":"closed","ping_status":"closed","template":"","meta":{"inline_featured_image":false,"site-sidebar-layout":"no-sidebar","site-content-layout":"page-builder","ast-site-content-layout":"default","site-content-style":"default","site-sidebar-style":"default","ast-global-header-display":"","ast-banner-title-visibility":"","ast-main-header-display":"","ast-hfb-above-header-display":"","ast-hfb-below-header-display":"","ast-hfb-mobile-header-display":"","site-post-title":"disabled","ast-breadcrumbs-content":"","ast-featured-img":"disabled","footer-sml-layout":"","ast-disable-related-posts":"","theme-transparent-header-meta":"","adv-header-id-meta":"","stick-header-meta":"","header-above-stick-meta":"","header-main-stick-meta":"","header-below-stick-meta":"","astra-migrate-meta-layouts":"default","ast-page-background-enabled":"default","ast-page-background-meta":{"desktop":{"background-color":"","background-image":"","background-repeat":"repeat","background-position":"center center","background-size":"auto","background-attachment":"scroll","background-type":"","background-media":"","overlay-type":"","overlay-color":"","overlay-opacity":"","overlay-gradient":""},"tablet":{"background-color":"","background-image":"","background-repeat":"repeat","background-position":"center center","background-size":"auto","background-attachment":"scroll","background-type":"","background-media":"","overlay-type":"","overlay-color":"","overlay-opacity":"","overlay-gradient":""},"mobile":{"background-color":"","background-image":"","background-repeat":"repeat","background-position":"center center","background-size":"auto","background-attachment":"scroll","background-type":"","background-media":"","overlay-type":"","overlay-color":"","overlay-opacity":"","overlay-gradient":""}},"ast-content-background-meta":{"desktop":{"background-color":"var(--ast-global-color-5)","background-image":"","background-repeat":"repeat","background-position":"center center","background-size":"auto","background-attachment":"scroll","background-type":"","background-media":"","overlay-type":"","overlay-color":"","overlay-opacity":"","overlay-gradient":""},"tablet":{"background-color":"var(--ast-global-color-5)","background-image":"","background-repeat":"repeat","background-position":"center center","background-size":"auto","background-attachment":"scroll","background-type":"","background-media":"","overlay-type":"","overlay-color":"","overlay-opacity":"","overlay-gradient":""},"mobile":{"background-color":"var(--ast-global-color-5)","background-image":"","background-repeat":"repeat","background-position":"center center","background-size":"auto","background-attachment":"scroll","background-type":"","background-media":"","overlay-type":"","overlay-color":"","overlay-opacity":"","overlay-gradient":""}}},"class_list":["post-5159","page","type-page","status-publish","hentry"],"yoast_head":"<!-- This site is optimized with the Yoast SEO plugin v27.3 - https:\/\/yoast.com\/product\/yoast-seo-wordpress\/ -->\n<title>Classe 2000 - St. Katharina Grundschule Heinsberg<\/title>\n<meta name=\"robots\" content=\"index, follow, max-snippet:-1, max-image-preview:large, max-video-preview:-1\" \/>\n<link rel=\"canonical\" href=\"https:\/\/grundschule-heinsberg.de\/fr\/classe-2000\/\" \/>\n<meta property=\"og:locale\" content=\"fr_FR\" \/>\n<meta property=\"og:type\" content=\"article\" \/>\n<meta property=\"og:title\" content=\"Classe 2000 - St. Katharina Grundschule Heinsberg\" \/>\n<meta property=\"og:description\" content=\"Classe 2000 La communaut\u00e9 scolaire a d\u00e9cid\u00e9 ensemble, il y a de nombreuses ann\u00e9es, d&rsquo;adopter la classe 2000. Le programme se d\u00e9roule dans notre \u00e9cole [&hellip;]\" \/>\n<meta property=\"og:url\" content=\"https:\/\/grundschule-heinsberg.de\/fr\/classe-2000\/\" \/>\n<meta property=\"og:site_name\" content=\"St. Katharina Grundschule Heinsberg\" \/>\n<meta property=\"article:modified_time\" content=\"2024-03-07T08:03:16+00:00\" \/>\n<meta property=\"og:image\" content=\"https:\/\/grundschule-heinsberg.de\/wp-content\/uploads\/2023\/08\/logo-klasse-2000-02.png\" \/>\n<meta name=\"twitter:card\" content=\"summary_large_image\" \/>\n<script type=\"application\/ld+json\" class=\"yoast-schema-graph\">{\"@context\":\"https:\\\/\\\/schema.org\",\"@graph\":[{\"@type\":\"WebPage\",\"@id\":\"https:\\\/\\\/grundschule-heinsberg.de\\\/fr\\\/classe-2000\\\/\",\"url\":\"https:\\\/\\\/grundschule-heinsberg.de\\\/fr\\\/classe-2000\\\/\",\"name\":\"Classe 2000 - St. Katharina Grundschule Heinsberg\",\"isPartOf\":{\"@id\":\"https:\\\/\\\/grundschule-heinsberg.de\\\/fr\\\/#website\"},\"primaryImageOfPage\":{\"@id\":\"https:\\\/\\\/grundschule-heinsberg.de\\\/fr\\\/classe-2000\\\/#primaryimage\"},\"image\":{\"@id\":\"https:\\\/\\\/grundschule-heinsberg.de\\\/fr\\\/classe-2000\\\/#primaryimage\"},\"thumbnailUrl\":\"https:\\\/\\\/grundschule-heinsberg.de\\\/wp-content\\\/uploads\\\/2023\\\/08\\\/logo-klasse-2000-02.png\",\"datePublished\":\"2023-08-16T14:28:39+00:00\",\"dateModified\":\"2024-03-07T08:03:16+00:00\",\"breadcrumb\":{\"@id\":\"https:\\\/\\\/grundschule-heinsberg.de\\\/fr\\\/classe-2000\\\/#breadcrumb\"},\"inLanguage\":\"fr-FR\",\"potentialAction\":[{\"@type\":\"ReadAction\",\"target\":[\"https:\\\/\\\/grundschule-heinsberg.de\\\/fr\\\/classe-2000\\\/\"]}]},{\"@type\":\"ImageObject\",\"inLanguage\":\"fr-FR\",\"@id\":\"https:\\\/\\\/grundschule-heinsberg.de\\\/fr\\\/classe-2000\\\/#primaryimage\",\"url\":\"https:\\\/\\\/grundschule-heinsberg.de\\\/wp-content\\\/uploads\\\/2023\\\/08\\\/logo-klasse-2000-02.png\",\"contentUrl\":\"https:\\\/\\\/grundschule-heinsberg.de\\\/wp-content\\\/uploads\\\/2023\\\/08\\\/logo-klasse-2000-02.png\"},{\"@type\":\"BreadcrumbList\",\"@id\":\"https:\\\/\\\/grundschule-heinsberg.de\\\/fr\\\/classe-2000\\\/#breadcrumb\",\"itemListElement\":[{\"@type\":\"ListItem\",\"position\":1,\"name\":\"Startseite\",\"item\":\"https:\\\/\\\/grundschule-heinsberg.de\\\/fr\\\/\"},{\"@type\":\"ListItem\",\"position\":2,\"name\":\"Classe 2000\"}]},{\"@type\":\"WebSite\",\"@id\":\"https:\\\/\\\/grundschule-heinsberg.de\\\/fr\\\/#website\",\"url\":\"https:\\\/\\\/grundschule-heinsberg.de\\\/fr\\\/\",\"name\":\"St. Katharina Grundschule Heinsberg\",\"description\":\"f\u00fcreinander, voneinander, gemeinsam und individuell: Hand in Hand auf dem Weg in die Zukunft\",\"publisher\":{\"@id\":\"https:\\\/\\\/grundschule-heinsberg.de\\\/fr\\\/#organization\"},\"potentialAction\":[{\"@type\":\"SearchAction\",\"target\":{\"@type\":\"EntryPoint\",\"urlTemplate\":\"https:\\\/\\\/grundschule-heinsberg.de\\\/fr\\\/?s={search_term_string}\"},\"query-input\":{\"@type\":\"PropertyValueSpecification\",\"valueRequired\":true,\"valueName\":\"search_term_string\"}}],\"inLanguage\":\"fr-FR\"},{\"@type\":\"Organization\",\"@id\":\"https:\\\/\\\/grundschule-heinsberg.de\\\/fr\\\/#organization\",\"name\":\"St. Katharina Grundschule Heinsberg\",\"url\":\"https:\\\/\\\/grundschule-heinsberg.de\\\/fr\\\/\",\"logo\":{\"@type\":\"ImageObject\",\"inLanguage\":\"fr-FR\",\"@id\":\"https:\\\/\\\/grundschule-heinsberg.de\\\/fr\\\/#\\\/schema\\\/logo\\\/image\\\/\",\"url\":\"https:\\\/\\\/grundschule-heinsberg.de\\\/wp-content\\\/uploads\\\/2023\\\/03\\\/230307_Grundschule-Heinsberg_Logo_RGB.svg\",\"contentUrl\":\"https:\\\/\\\/grundschule-heinsberg.de\\\/wp-content\\\/uploads\\\/2023\\\/03\\\/230307_Grundschule-Heinsberg_Logo_RGB.svg\",\"width\":311,\"height\":135,\"caption\":\"St. Katharina Grundschule Heinsberg\"},\"image\":{\"@id\":\"https:\\\/\\\/grundschule-heinsberg.de\\\/fr\\\/#\\\/schema\\\/logo\\\/image\\\/\"}}]}<\/script>\n<!-- \/ Yoast SEO plugin. -->","yoast_head_json":{"title":"Classe 2000 - St. Katharina Grundschule Heinsberg","robots":{"index":"index","follow":"follow","max-snippet":"max-snippet:-1","max-image-preview":"max-image-preview:large","max-video-preview":"max-video-preview:-1"},"canonical":"https:\/\/grundschule-heinsberg.de\/fr\/classe-2000\/","og_locale":"fr_FR","og_type":"article","og_title":"Classe 2000 - St. Katharina Grundschule Heinsberg","og_description":"Classe 2000 La communaut\u00e9 scolaire a d\u00e9cid\u00e9 ensemble, il y a de nombreuses ann\u00e9es, d&rsquo;adopter la classe 2000. Le programme se d\u00e9roule dans notre \u00e9cole [&hellip;]","og_url":"https:\/\/grundschule-heinsberg.de\/fr\/classe-2000\/","og_site_name":"St. Katharina Grundschule Heinsberg","article_modified_time":"2024-03-07T08:03:16+00:00","og_image":[{"url":"https:\/\/grundschule-heinsberg.de\/wp-content\/uploads\/2023\/08\/logo-klasse-2000-02.png","type":"","width":"","height":""}],"twitter_card":"summary_large_image","schema":{"@context":"https:\/\/schema.org","@graph":[{"@type":"WebPage","@id":"https:\/\/grundschule-heinsberg.de\/fr\/classe-2000\/","url":"https:\/\/grundschule-heinsberg.de\/fr\/classe-2000\/","name":"Classe 2000 - St. Katharina Grundschule Heinsberg","isPartOf":{"@id":"https:\/\/grundschule-heinsberg.de\/fr\/#website"},"primaryImageOfPage":{"@id":"https:\/\/grundschule-heinsberg.de\/fr\/classe-2000\/#primaryimage"},"image":{"@id":"https:\/\/grundschule-heinsberg.de\/fr\/classe-2000\/#primaryimage"},"thumbnailUrl":"https:\/\/grundschule-heinsberg.de\/wp-content\/uploads\/2023\/08\/logo-klasse-2000-02.png","datePublished":"2023-08-16T14:28:39+00:00","dateModified":"2024-03-07T08:03:16+00:00","breadcrumb":{"@id":"https:\/\/grundschule-heinsberg.de\/fr\/classe-2000\/#breadcrumb"},"inLanguage":"fr-FR","potentialAction":[{"@type":"ReadAction","target":["https:\/\/grundschule-heinsberg.de\/fr\/classe-2000\/"]}]},{"@type":"ImageObject","inLanguage":"fr-FR","@id":"https:\/\/grundschule-heinsberg.de\/fr\/classe-2000\/#primaryimage","url":"https:\/\/grundschule-heinsberg.de\/wp-content\/uploads\/2023\/08\/logo-klasse-2000-02.png","contentUrl":"https:\/\/grundschule-heinsberg.de\/wp-content\/uploads\/2023\/08\/logo-klasse-2000-02.png"},{"@type":"BreadcrumbList","@id":"https:\/\/grundschule-heinsberg.de\/fr\/classe-2000\/#breadcrumb","itemListElement":[{"@type":"ListItem","position":1,"name":"Startseite","item":"https:\/\/grundschule-heinsberg.de\/fr\/"},{"@type":"ListItem","position":2,"name":"Classe 2000"}]},{"@type":"WebSite","@id":"https:\/\/grundschule-heinsberg.de\/fr\/#website","url":"https:\/\/grundschule-heinsberg.de\/fr\/","name":"St. Katharina Grundschule Heinsberg","description":"f\u00fcreinander, voneinander, gemeinsam und individuell: Hand in Hand auf dem Weg in die Zukunft","publisher":{"@id":"https:\/\/grundschule-heinsberg.de\/fr\/#organization"},"potentialAction":[{"@type":"SearchAction","target":{"@type":"EntryPoint","urlTemplate":"https:\/\/grundschule-heinsberg.de\/fr\/?s={search_term_string}"},"query-input":{"@type":"PropertyValueSpecification","valueRequired":true,"valueName":"search_term_string"}}],"inLanguage":"fr-FR"},{"@type":"Organization","@id":"https:\/\/grundschule-heinsberg.de\/fr\/#organization","name":"St. Katharina Grundschule Heinsberg","url":"https:\/\/grundschule-heinsberg.de\/fr\/","logo":{"@type":"ImageObject","inLanguage":"fr-FR","@id":"https:\/\/grundschule-heinsberg.de\/fr\/#\/schema\/logo\/image\/","url":"https:\/\/grundschule-heinsberg.de\/wp-content\/uploads\/2023\/03\/230307_Grundschule-Heinsberg_Logo_RGB.svg","contentUrl":"https:\/\/grundschule-heinsberg.de\/wp-content\/uploads\/2023\/03\/230307_Grundschule-Heinsberg_Logo_RGB.svg","width":311,"height":135,"caption":"St. Katharina Grundschule Heinsberg"},"image":{"@id":"https:\/\/grundschule-heinsberg.de\/fr\/#\/schema\/logo\/image\/"}}]}},"_links":{"self":[{"href":"https:\/\/grundschule-heinsberg.de\/fr\/wp-json\/wp\/v2\/pages\/5159","targetHints":{"allow":["GET"]}}],"collection":[{"href":"https:\/\/grundschule-heinsberg.de\/fr\/wp-json\/wp\/v2\/pages"}],"about":[{"href":"https:\/\/grundschule-heinsberg.de\/fr\/wp-json\/wp\/v2\/types\/page"}],"author":[{"embeddable":true,"href":"https:\/\/grundschule-heinsberg.de\/fr\/wp-json\/wp\/v2\/users\/2"}],"replies":[{"embeddable":true,"href":"https:\/\/grundschule-heinsberg.de\/fr\/wp-json\/wp\/v2\/comments?post=5159"}],"version-history":[{"count":0,"href":"https:\/\/grundschule-heinsberg.de\/fr\/wp-json\/wp\/v2\/pages\/5159\/revisions"}],"wp:attachment":[{"href":"https:\/\/grundschule-heinsberg.de\/fr\/wp-json\/wp\/v2\/media?parent=5159"}],"curies":[{"name":"wp","href":"https:\/\/api.w.org\/{rel}","templated":true}]}}