{"id":5389,"date":"2023-03-09T10:48:51","date_gmt":"2023-03-09T09:48:51","guid":{"rendered":"https:\/\/grundschule-heinsberg.de\/informativa-sulla-privacy\/"},"modified":"2024-03-07T14:32:18","modified_gmt":"2024-03-07T13:32:18","slug":"informativa-sulla-privacy","status":"publish","type":"page","link":"https:\/\/grundschule-heinsberg.de\/it\/informativa-sulla-privacy\/","title":{"rendered":"Informativa sulla privacy"},"content":{"rendered":"\t\t<div data-elementor-type=\"wp-page\" data-elementor-id=\"5389\" class=\"elementor elementor-5389 elementor-3\">\n\t\t\t\t\t\t<section class=\"elementor-section elementor-top-section elementor-element elementor-element-2c5b6433 elementor-section-boxed elementor-section-height-default elementor-section-height-default\" data-id=\"2c5b6433\" data-element_type=\"section\">\n\t\t\t\t\t\t<div class=\"elementor-container elementor-column-gap-default\">\n\t\t\t\t\t<div class=\"elementor-column elementor-col-100 elementor-top-column elementor-element elementor-element-1e698bd7\" data-id=\"1e698bd7\" data-element_type=\"column\">\n\t\t\t<div class=\"elementor-widget-wrap elementor-element-populated\">\n\t\t\t\t\t\t<div class=\"elementor-element elementor-element-d706d7d elementor-widget elementor-widget-text-editor\" data-id=\"d706d7d\" data-element_type=\"widget\" data-widget_type=\"text-editor.default\">\n\t\t\t\t<div class=\"elementor-widget-container\">\n\t\t\t\t\t\t\t\t\t<h3>1. La protezione dei dati in sintesi<\/h3>\n<h4>Informazioni generali<\/h4>\n<p>Le seguenti informazioni forniscono una semplice panoramica di ci\u00f2 che accade ai vostri dati personali quando visitate il nostro sito web. I dati personali sono tutti i dati con i quali \u00e8 possibile identificarvi personalmente. Informazioni dettagliate sul tema della protezione dei dati sono disponibili nella nostra informativa sulla privacy riportata in calce al presente testo.<\/p>\n<h4>Raccolta di dati sul nostro sito web<\/h4>\n<p><strong>Chi \u00e8 responsabile della raccolta dei dati su questo sito?<\/strong> <br>Il trattamento dei dati su questo sito web viene effettuato dal gestore del sito. I loro dati di contatto sono riportati nelle note legali di questo sito.<\/p>\n<p><strong>Come raccogliamo i vostri dati?<\/strong> <br>Da un lato, i vostri dati vengono raccolti quando ce li fornite. Pu\u00f2 trattarsi, ad esempio, dei dati inseriti dall&#8217;utente in un modulo di contatto. Altri dati vengono raccolti automaticamente dai nostri sistemi informatici quando visitate il sito web. Si tratta principalmente di dati tecnici (ad es. browser internet, sistema operativo o ora della visualizzazione della pagina). Questi dati vengono raccolti automaticamente non appena si entra nel nostro sito web.<\/p>\n<p><strong>Per cosa utilizziamo i vostri dati?<\/strong> <br>Alcuni dati vengono raccolti per garantire che il sito web sia fornito senza errori. Altri dati possono essere utilizzati per analizzare il comportamento degli utenti.<\/p>\n<p><strong>Quali diritti avete sui vostri dati?<\/strong> <br>Avete il diritto di ricevere gratuitamente in qualsiasi momento informazioni sull&#8217;origine, il destinatario e lo scopo dei vostri dati personali memorizzati. L&#8217;utente ha inoltre il diritto di richiedere la correzione, il blocco o la cancellazione di tali dati. Per ulteriori domande sul tema della protezione dei dati, potete contattarci in qualsiasi momento all&#8217;indirizzo indicato nella nota legale. Inoltre, avete il diritto di presentare un reclamo all&#8217;autorit\u00e0 di vigilanza competente.<\/p>\n<h3>2 Note generali e informazioni obbligatorie<\/h3>\n<h4>Protezione dei dati<\/h4>\n<p>I gestori di queste pagine prendono molto sul serio la protezione dei vostri dati personali. Trattiamo i vostri dati personali in modo confidenziale e in conformit\u00e0 alle norme di legge sulla protezione dei dati e alla presente informativa sulla privacy. Quando si utilizza questo sito web, vengono raccolti diversi dati personali. I dati personali sono dati che possono essere utilizzati per identificarvi personalmente. La presente informativa sulla privacy spiega quali dati raccogliamo e per quali scopi li utilizziamo. Spiega inoltre come e a quale scopo ci\u00f2 avviene. Desideriamo sottolineare che la trasmissione di dati su Internet (ad esempio, la comunicazione via e-mail) pu\u00f2 presentare lacune nella sicurezza. Non \u00e8 possibile proteggere completamente i dati dall&#8217;accesso di terzi.<\/p>\n<h4>Revoca del consenso al trattamento dei dati<\/h4>\n<p>Molte operazioni di trattamento dei dati sono possibili solo con il vostro esplicito consenso. \u00c8 possibile revocare il proprio consenso in qualsiasi momento. Tutto ci\u00f2 che dovete fare \u00e8 inviarci un&#8217;e-mail informale. La legalit\u00e0 del trattamento dei dati effettuato fino alla revoca rimane inalterata dalla revoca stessa. Obiezione alle e-mail pubblicitarie Con la presente ci opponiamo all&#8217;utilizzo dei dati di contatto pubblicati nell&#8217;ambito dell&#8217;obbligo di notifica legale per l&#8217;invio di materiale pubblicitario e informativo non espressamente richiesto. I gestori di questo sito web si riservano espressamente il diritto di intraprendere azioni legali in caso di invio non richiesto di informazioni pubblicitarie, come ad esempio e-mail di spam.<\/p>\n<h3>3. raccolta di dati sul nostro sito web<\/h3>\n<h4>Biscotti<\/h4>\n<p>Alcune pagine Internet utilizzano i cosiddetti cookie. I cookie non danneggiano il computer e non contengono virus. I cookie vengono utilizzati per rendere il nostro sito web pi\u00f9 facile da usare, efficace e sicuro. I cookie sono piccoli file di testo che vengono memorizzati sul computer e salvati dal browser. La maggior parte dei cookie che utilizziamo sono i cosiddetti &#8220;cookie di sessione&#8221;. Vengono cancellati automaticamente al termine della visita. Altri cookie rimangono memorizzati sul dispositivo finale dell&#8217;utente fino a quando non vengono eliminati. Questi cookie ci consentono di riconoscere il vostro browser alla successiva visita del nostro sito web. Potete impostare il vostro browser in modo da essere informati sull&#8217;impostazione dei cookie e consentire i cookie solo in singoli casi, escludere l&#8217;accettazione dei cookie per determinati casi o in generale e attivare la cancellazione automatica dei cookie alla chiusura del browser. Se i cookie vengono disattivati, la funzionalit\u00e0 di questo sito web potrebbe essere limitata. I cookie necessari per eseguire il processo di comunicazione elettronica o per fornire determinate funzioni richieste dall&#8217;utente (ad es. la funzione carrello) vengono memorizzati sulla base dell&#8217;art. 6 par. 1 lett. f GDPR. 1 lit. f DSGVO memorizzato. L&#8217;operatore del sito web ha un interesse legittimo nella memorizzazione dei cookie per la fornitura tecnicamente priva di errori e ottimizzata dei propri servizi. Nella misura in cui vengono memorizzati altri cookie (ad esempio, cookie per l&#8217;analisi del comportamento di navigazione), questi vengono trattati separatamente nella presente informativa sulla privacy.<\/p>\n<h4>File di log del server<\/h4>\n<p>Il fornitore delle pagine raccoglie e memorizza automaticamente le informazioni nei cosiddetti file di log del server, che il vostro browser ci trasmette automaticamente. Questi sono:<\/p>\n<ul>\n<li>Tipo e versione del browser<\/li>\n<li>Sistema operativo utilizzato<\/li>\n<li>URL di riferimento<\/li>\n<li>Nome host del computer di accesso<\/li>\n<li>Ora della richiesta del server<\/li>\n<li>Indirizzo IP<\/li>\n<\/ul>\n<p>Questi dati non vengono uniti ad altre fonti di dati. La base per il trattamento dei dati \u00e8 l&#8217;art. 6 par. 1 lit. f GDPR, che consente il trattamento dei dati per l&#8217;adempimento di un contratto o di misure precontrattuali.<\/p>\n<h4>Modulo di contatto <\/h4>\n<p>Se ci inviate richieste di informazioni tramite il modulo di contatto, i vostri dati dal modulo di richiesta, compresi i dati di contatto che ci fornite, saranno memorizzati da noi allo scopo di elaborare la richiesta e in caso di domande successive. Non trasmettiamo questi dati senza il vostro consenso.<\/p>\n<p>I dati inseriti nel modulo di contatto vengono pertanto trattati esclusivamente sulla base del vostro consenso (art. 6 par. 1 lett. a GDPR). Il consenso pu\u00f2 essere revocato in qualsiasi momento. Tutto ci\u00f2 che dovete fare \u00e8 inviarci un&#8217;e-mail informale. La legalit\u00e0 delle operazioni di trattamento dei dati effettuate fino alla revoca rimane inalterata dalla revoca stessa.<\/p>\n<p>Conserveremo i dati forniti dall&#8217;utente nel modulo di contatto fino a quando l&#8217;utente non ne richieder\u00e0 la cancellazione, non revocher\u00e0 il consenso alla loro memorizzazione o lo scopo della loro memorizzazione non sar\u00e0 pi\u00f9 pertinente (ad esempio, dopo aver soddisfatto la sua richiesta). Le disposizioni di legge obbligatorie, in particolare i periodi di conservazione, rimangono inalterate.<\/p>\t\t\t\t\t\t\t\t<\/div>\n\t\t\t\t<\/div>\n\t\t\t\t\t<\/div>\n\t\t<\/div>\n\t\t\t\t\t<\/div>\n\t\t<\/section>\n\t\t\t\t<\/div>\n\t\t","protected":false},"excerpt":{"rendered":"<p>1. La protezione dei dati in sintesi Informazioni generali Le seguenti informazioni forniscono una semplice panoramica di ci\u00f2 che accade ai vostri dati personali quando [&hellip;]<\/p>\n","protected":false},"author":1,"featured_media":0,"parent":0,"menu_order":0,"comment_status":"closed","ping_status":"open","template":"","meta":{"inline_featured_image":false,"site-sidebar-layout":"default","site-content-layout":"","ast-site-content-layout":"default","site-content-style":"default","site-sidebar-style":"default","ast-global-header-display":"","ast-banner-title-visibility":"","ast-main-header-display":"","ast-hfb-above-header-display":"","ast-hfb-below-header-display":"","ast-hfb-mobile-header-display":"","site-post-title":"","ast-breadcrumbs-content":"","ast-featured-img":"","footer-sml-layout":"","ast-disable-related-posts":"","theme-transparent-header-meta":"","adv-header-id-meta":"","stick-header-meta":"","header-above-stick-meta":"","header-main-stick-meta":"","header-below-stick-meta":"","astra-migrate-meta-layouts":"default","ast-page-background-enabled":"default","ast-page-background-meta":{"desktop":{"background-color":"","background-image":"","background-repeat":"repeat","background-position":"center center","background-size":"auto","background-attachment":"scroll","background-type":"","background-media":"","overlay-type":"","overlay-color":"","overlay-opacity":"","overlay-gradient":""},"tablet":{"background-color":"","background-image":"","background-repeat":"repeat","background-position":"center center","background-size":"auto","background-attachment":"scroll","background-type":"","background-media":"","overlay-type":"","overlay-color":"","overlay-opacity":"","overlay-gradient":""},"mobile":{"background-color":"","background-image":"","background-repeat":"repeat","background-position":"center center","background-size":"auto","background-attachment":"scroll","background-type":"","background-media":"","overlay-type":"","overlay-color":"","overlay-opacity":"","overlay-gradient":""}},"ast-content-background-meta":{"desktop":{"background-color":"var(--ast-global-color-5)","background-image":"","background-repeat":"repeat","background-position":"center center","background-size":"auto","background-attachment":"scroll","background-type":"","background-media":"","overlay-type":"","overlay-color":"","overlay-opacity":"","overlay-gradient":""},"tablet":{"background-color":"var(--ast-global-color-5)","background-image":"","background-repeat":"repeat","background-position":"center center","background-size":"auto","background-attachment":"scroll","background-type":"","background-media":"","overlay-type":"","overlay-color":"","overlay-opacity":"","overlay-gradient":""},"mobile":{"background-color":"var(--ast-global-color-5)","background-image":"","background-repeat":"repeat","background-position":"center center","background-size":"auto","background-attachment":"scroll","background-type":"","background-media":"","overlay-type":"","overlay-color":"","overlay-opacity":"","overlay-gradient":""}}},"class_list":["post-5389","page","type-page","status-publish","hentry"],"yoast_head":"<!-- This site is optimized with the Yoast SEO plugin v27.4 - https:\/\/yoast.com\/product\/yoast-seo-wordpress\/ -->\n<title>Informativa sulla privacy - St. Katharina Grundschule Heinsberg<\/title>\n<meta name=\"robots\" content=\"index, follow, max-snippet:-1, max-image-preview:large, max-video-preview:-1\" \/>\n<link rel=\"canonical\" href=\"https:\/\/grundschule-heinsberg.de\/it\/informativa-sulla-privacy\/\" \/>\n<meta property=\"og:locale\" content=\"it_IT\" \/>\n<meta property=\"og:type\" content=\"article\" \/>\n<meta property=\"og:title\" content=\"Informativa sulla privacy - St. Katharina Grundschule Heinsberg\" \/>\n<meta property=\"og:description\" content=\"1. La protezione dei dati in sintesi Informazioni generali Le seguenti informazioni forniscono una semplice panoramica di ci\u00f2 che accade ai vostri dati personali quando [&hellip;]\" \/>\n<meta property=\"og:url\" content=\"https:\/\/grundschule-heinsberg.de\/it\/informativa-sulla-privacy\/\" \/>\n<meta property=\"og:site_name\" content=\"St. Katharina Grundschule Heinsberg\" \/>\n<meta property=\"article:modified_time\" content=\"2024-03-07T13:32:18+00:00\" \/>\n<meta property=\"og:image\" content=\"https:\/\/grundschule-heinsberg.de\/wp-content\/uploads\/2023\/03\/head_aussenansicht-grundschule-heinsberg.jpg\" \/>\n\t<meta property=\"og:image:width\" content=\"1080\" \/>\n\t<meta property=\"og:image:height\" content=\"810\" \/>\n\t<meta property=\"og:image:type\" content=\"image\/jpeg\" \/>\n<meta name=\"twitter:card\" content=\"summary_large_image\" \/>\n<meta name=\"twitter:label1\" content=\"Tempo di lettura stimato\" \/>\n\t<meta name=\"twitter:data1\" content=\"5 minuti\" \/>\n<script type=\"application\/ld+json\" class=\"yoast-schema-graph\">{\"@context\":\"https:\\\/\\\/schema.org\",\"@graph\":[{\"@type\":\"WebPage\",\"@id\":\"https:\\\/\\\/grundschule-heinsberg.de\\\/it\\\/informativa-sulla-privacy\\\/\",\"url\":\"https:\\\/\\\/grundschule-heinsberg.de\\\/it\\\/informativa-sulla-privacy\\\/\",\"name\":\"Informativa sulla privacy - St. Katharina Grundschule Heinsberg\",\"isPartOf\":{\"@id\":\"https:\\\/\\\/grundschule-heinsberg.de\\\/it\\\/#website\"},\"datePublished\":\"2023-03-09T09:48:51+00:00\",\"dateModified\":\"2024-03-07T13:32:18+00:00\",\"breadcrumb\":{\"@id\":\"https:\\\/\\\/grundschule-heinsberg.de\\\/it\\\/informativa-sulla-privacy\\\/#breadcrumb\"},\"inLanguage\":\"it-IT\",\"potentialAction\":[{\"@type\":\"ReadAction\",\"target\":[\"https:\\\/\\\/grundschule-heinsberg.de\\\/it\\\/informativa-sulla-privacy\\\/\"]}]},{\"@type\":\"BreadcrumbList\",\"@id\":\"https:\\\/\\\/grundschule-heinsberg.de\\\/it\\\/informativa-sulla-privacy\\\/#breadcrumb\",\"itemListElement\":[{\"@type\":\"ListItem\",\"position\":1,\"name\":\"Startseite\",\"item\":\"https:\\\/\\\/grundschule-heinsberg.de\\\/it\\\/\"},{\"@type\":\"ListItem\",\"position\":2,\"name\":\"Informativa sulla privacy\"}]},{\"@type\":\"WebSite\",\"@id\":\"https:\\\/\\\/grundschule-heinsberg.de\\\/it\\\/#website\",\"url\":\"https:\\\/\\\/grundschule-heinsberg.de\\\/it\\\/\",\"name\":\"St. Katharina Grundschule Heinsberg\",\"description\":\"f\u00fcreinander, voneinander, gemeinsam und individuell: Hand in Hand auf dem Weg in die Zukunft\",\"publisher\":{\"@id\":\"https:\\\/\\\/grundschule-heinsberg.de\\\/it\\\/#organization\"},\"potentialAction\":[{\"@type\":\"SearchAction\",\"target\":{\"@type\":\"EntryPoint\",\"urlTemplate\":\"https:\\\/\\\/grundschule-heinsberg.de\\\/it\\\/?s={search_term_string}\"},\"query-input\":{\"@type\":\"PropertyValueSpecification\",\"valueRequired\":true,\"valueName\":\"search_term_string\"}}],\"inLanguage\":\"it-IT\"},{\"@type\":\"Organization\",\"@id\":\"https:\\\/\\\/grundschule-heinsberg.de\\\/it\\\/#organization\",\"name\":\"St. Katharina Grundschule Heinsberg\",\"url\":\"https:\\\/\\\/grundschule-heinsberg.de\\\/it\\\/\",\"logo\":{\"@type\":\"ImageObject\",\"inLanguage\":\"it-IT\",\"@id\":\"https:\\\/\\\/grundschule-heinsberg.de\\\/it\\\/#\\\/schema\\\/logo\\\/image\\\/\",\"url\":\"https:\\\/\\\/grundschule-heinsberg.de\\\/wp-content\\\/uploads\\\/2023\\\/03\\\/230307_Grundschule-Heinsberg_Logo_RGB.svg\",\"contentUrl\":\"https:\\\/\\\/grundschule-heinsberg.de\\\/wp-content\\\/uploads\\\/2023\\\/03\\\/230307_Grundschule-Heinsberg_Logo_RGB.svg\",\"width\":311,\"height\":135,\"caption\":\"St. Katharina Grundschule Heinsberg\"},\"image\":{\"@id\":\"https:\\\/\\\/grundschule-heinsberg.de\\\/it\\\/#\\\/schema\\\/logo\\\/image\\\/\"}}]}<\/script>\n<!-- \/ Yoast SEO plugin. -->","yoast_head_json":{"title":"Informativa sulla privacy - St. Katharina Grundschule Heinsberg","robots":{"index":"index","follow":"follow","max-snippet":"max-snippet:-1","max-image-preview":"max-image-preview:large","max-video-preview":"max-video-preview:-1"},"canonical":"https:\/\/grundschule-heinsberg.de\/it\/informativa-sulla-privacy\/","og_locale":"it_IT","og_type":"article","og_title":"Informativa sulla privacy - St. Katharina Grundschule Heinsberg","og_description":"1. La protezione dei dati in sintesi Informazioni generali Le seguenti informazioni forniscono una semplice panoramica di ci\u00f2 che accade ai vostri dati personali quando [&hellip;]","og_url":"https:\/\/grundschule-heinsberg.de\/it\/informativa-sulla-privacy\/","og_site_name":"St. Katharina Grundschule Heinsberg","article_modified_time":"2024-03-07T13:32:18+00:00","og_image":[{"width":1080,"height":810,"url":"https:\/\/grundschule-heinsberg.de\/wp-content\/uploads\/2023\/03\/head_aussenansicht-grundschule-heinsberg.jpg","type":"image\/jpeg"}],"twitter_card":"summary_large_image","twitter_misc":{"Tempo di lettura stimato":"5 minuti"},"schema":{"@context":"https:\/\/schema.org","@graph":[{"@type":"WebPage","@id":"https:\/\/grundschule-heinsberg.de\/it\/informativa-sulla-privacy\/","url":"https:\/\/grundschule-heinsberg.de\/it\/informativa-sulla-privacy\/","name":"Informativa sulla privacy - St. Katharina Grundschule Heinsberg","isPartOf":{"@id":"https:\/\/grundschule-heinsberg.de\/it\/#website"},"datePublished":"2023-03-09T09:48:51+00:00","dateModified":"2024-03-07T13:32:18+00:00","breadcrumb":{"@id":"https:\/\/grundschule-heinsberg.de\/it\/informativa-sulla-privacy\/#breadcrumb"},"inLanguage":"it-IT","potentialAction":[{"@type":"ReadAction","target":["https:\/\/grundschule-heinsberg.de\/it\/informativa-sulla-privacy\/"]}]},{"@type":"BreadcrumbList","@id":"https:\/\/grundschule-heinsberg.de\/it\/informativa-sulla-privacy\/#breadcrumb","itemListElement":[{"@type":"ListItem","position":1,"name":"Startseite","item":"https:\/\/grundschule-heinsberg.de\/it\/"},{"@type":"ListItem","position":2,"name":"Informativa sulla privacy"}]},{"@type":"WebSite","@id":"https:\/\/grundschule-heinsberg.de\/it\/#website","url":"https:\/\/grundschule-heinsberg.de\/it\/","name":"St. Katharina Grundschule Heinsberg","description":"f\u00fcreinander, voneinander, gemeinsam und individuell: Hand in Hand auf dem Weg in die Zukunft","publisher":{"@id":"https:\/\/grundschule-heinsberg.de\/it\/#organization"},"potentialAction":[{"@type":"SearchAction","target":{"@type":"EntryPoint","urlTemplate":"https:\/\/grundschule-heinsberg.de\/it\/?s={search_term_string}"},"query-input":{"@type":"PropertyValueSpecification","valueRequired":true,"valueName":"search_term_string"}}],"inLanguage":"it-IT"},{"@type":"Organization","@id":"https:\/\/grundschule-heinsberg.de\/it\/#organization","name":"St. Katharina Grundschule Heinsberg","url":"https:\/\/grundschule-heinsberg.de\/it\/","logo":{"@type":"ImageObject","inLanguage":"it-IT","@id":"https:\/\/grundschule-heinsberg.de\/it\/#\/schema\/logo\/image\/","url":"https:\/\/grundschule-heinsberg.de\/wp-content\/uploads\/2023\/03\/230307_Grundschule-Heinsberg_Logo_RGB.svg","contentUrl":"https:\/\/grundschule-heinsberg.de\/wp-content\/uploads\/2023\/03\/230307_Grundschule-Heinsberg_Logo_RGB.svg","width":311,"height":135,"caption":"St. Katharina Grundschule Heinsberg"},"image":{"@id":"https:\/\/grundschule-heinsberg.de\/it\/#\/schema\/logo\/image\/"}}]}},"_links":{"self":[{"href":"https:\/\/grundschule-heinsberg.de\/it\/wp-json\/wp\/v2\/pages\/5389","targetHints":{"allow":["GET"]}}],"collection":[{"href":"https:\/\/grundschule-heinsberg.de\/it\/wp-json\/wp\/v2\/pages"}],"about":[{"href":"https:\/\/grundschule-heinsberg.de\/it\/wp-json\/wp\/v2\/types\/page"}],"author":[{"embeddable":true,"href":"https:\/\/grundschule-heinsberg.de\/it\/wp-json\/wp\/v2\/users\/1"}],"replies":[{"embeddable":true,"href":"https:\/\/grundschule-heinsberg.de\/it\/wp-json\/wp\/v2\/comments?post=5389"}],"version-history":[{"count":0,"href":"https:\/\/grundschule-heinsberg.de\/it\/wp-json\/wp\/v2\/pages\/5389\/revisions"}],"wp:attachment":[{"href":"https:\/\/grundschule-heinsberg.de\/it\/wp-json\/wp\/v2\/media?parent=5389"}],"curies":[{"name":"wp","href":"https:\/\/api.w.org\/{rel}","templated":true}]}}