{"id":6088,"date":"2023-03-09T10:48:51","date_gmt":"2023-03-09T09:48:51","guid":{"rendered":"https:\/\/grundschule-heinsberg.de\/parastina-daneyan\/"},"modified":"2024-03-07T15:14:43","modified_gmt":"2024-03-07T14:14:43","slug":"parastina-daneyan","status":"publish","type":"page","link":"https:\/\/grundschule-heinsberg.de\/ku\/parastina-daneyan\/","title":{"rendered":"Parastina daneyan"},"content":{"rendered":"\t\t<div data-elementor-type=\"wp-page\" data-elementor-id=\"6088\" class=\"elementor elementor-6088 elementor-3\">\n\t\t\t\t\t\t<section class=\"elementor-section elementor-top-section elementor-element elementor-element-2c5b6433 elementor-section-boxed elementor-section-height-default elementor-section-height-default\" data-id=\"2c5b6433\" data-element_type=\"section\">\n\t\t\t\t\t\t<div class=\"elementor-container elementor-column-gap-default\">\n\t\t\t\t\t<div class=\"elementor-column elementor-col-100 elementor-top-column elementor-element elementor-element-1e698bd7\" data-id=\"1e698bd7\" data-element_type=\"column\">\n\t\t\t<div class=\"elementor-widget-wrap elementor-element-populated\">\n\t\t\t\t\t\t<div class=\"elementor-element elementor-element-d706d7d elementor-widget elementor-widget-text-editor\" data-id=\"d706d7d\" data-element_type=\"widget\" data-widget_type=\"text-editor.default\">\n\t\t\t\t<div class=\"elementor-widget-container\">\n\t\t\t\t\t\t\t\t\t<h3>1. Parastina daneyan bi \u00e7avek\u00ee<\/h3>\n<h4>Agahiy\u00ean gi\u015ft\u00ee<\/h4>\n<p>Agahdariya j\u00ear\u00een nih\u00ear\u00eenek h\u00easan peyda dike ka \u00e7i diqewime daney\u00ean weya kesane dema ku h\u00fbn serdana malpera me dikin. Daney\u00ean kesane her daneyek e ku dikare were bikar an\u00een da ku h\u00fbn kesane nas bikin. Agahiy\u00ean berfireh \u00ean li ser mijara parastina daneyan dikarin di danezana me ya parastina daney\u00ea de ku li j\u00ear v\u00ea niv\u00ees\u00ea hat\u00ee navn\u00ee\u015f kirin de werin d\u00eetin.<\/p>\n<h4>Komkirina daneyan li ser malpera me<\/h4>\n<p><strong>K\u00ee ji berhevkirina daneyan li ser v\u00ea malper\u00ea berpirsiyar e?<\/strong> <br>Daney\u00ean li ser v\u00ea malper\u00ea ji h\u00eala operator\u00ea malper\u00ea ve t\u00eane kirin. H\u00fbn dikarin h\u00fbrguliy\u00ean p\u00eawendiya wan di navn\u00ee\u015fa v\u00ea malper\u00ea de bib\u00eenin.<\/p>\n<p><strong>Em \u00e7awa daney\u00ean we berhev dikin?<\/strong> <br>Ji aliyek\u00ee ve dema ku h\u00fbn ji me re peyda dikin daney\u00ean we t\u00eane berhev kirin. Ev dibe ku, wek nim\u00fbne, daney\u00ean ku h\u00fbn t\u00eakevin forma t\u00eakiliy\u00ea. Dema ku h\u00fbn serdana malper\u00ea dikin daney\u00ean din bixweber ji h\u00eala pergal\u00ean me y\u00ean IT ve t\u00eane berhev kirin. Ev di ser\u00ee de daney\u00ean tekn\u00eek\u00ee ye (m\u00eenak geroka \u00eenternet\u00ea, pergala xebitandin\u00ea an dema gih\u00ee\u015ftina r\u00fbpel\u00ea). Gava ku h\u00fbn t\u00eakevin malpera me, ev dane bixweber t\u00eane berhev kirin.<\/p>\n<p><strong>Em daney\u00ean we ji bo \u00e7i bikar t\u00eenin?<\/strong> <br>Hin dane t\u00eane berhev kirin da ku p\u00ea ewle bibin ku malper b\u00ea xelet\u00ee t\u00eate peyda kirin. Daney\u00ean din dikarin ji bo anal\u00eezkirina tevgera bikarh\u00eaner\u00ea we werin bikar an\u00een.<\/p>\n<p><strong>Di derbar\u00ea daney\u00ean we de \u00e7i maf\u00ean we hene?<\/strong> <br>Maf\u00ea we heye ku h\u00fbn di her k\u00ealiy\u00ea de agahdar\u00ee li ser esl\u00ea xwe, wergir \u00fb armanca daney\u00ean xwe y\u00ean kesane y\u00ean hilan\u00een bela\u015f bist\u00eenin. Her weha maf\u00ea we heye ku h\u00fbn daxwaz bikin ku ev dane b\u00eane rastkirin, astengkirin an j\u00eabirin. Ger pirs\u00ean we y\u00ean din di derbar\u00ea parastina daney\u00ea de hebin h\u00fbn dikarin her dem bi me re t\u00eakil\u00ee daynin li navn\u00ee\u015fana ku di danezana qan\u00fbn\u00ee de hat\u00ee day\u00een. Her weha maf\u00ea we heye ku h\u00fbn giliy\u00ea saziya \u00e7avd\u00eariy\u00ea ya berpirsiyar bikin.<\/p>\n<h3>2. Agahdariya gelemper\u00ee \u00fb agahdariya mecb\u00fbr\u00ee<\/h3>\n<h4>parastina daneyan<\/h4>\n<p>Operator\u00ean van malperan parastina daney\u00ean weya kesane pir cidd\u00ee digirin. Em daney\u00ean weya kesane bi nepen\u00ee \u00fb li gor\u00ee r\u00eazik\u00ean qan\u00fbn\u00ee y\u00ean parastina daney\u00ea \u00fb v\u00ea danezana parastina daney\u00ea digirin dest. Dema ku h\u00fbn v\u00ea malper\u00ea bikar t\u00eenin, daney\u00ean kesane y\u00ean cih\u00eareng t\u00eane berhev kirin. Daney\u00ean kesane daney\u00ean ku dikarin bikar b\u00eenin ku h\u00fbn kesane nas bikin. Ev danezana parastina daney\u00ea diyar dike ku em \u00e7i daneyan berhev dikin \u00fb ji bo \u00e7i bikar t\u00eenin. Ew j\u00ee diyar dike ku ev yek \u00e7awa \u00fb ji bo \u00e7i dibe. Em dixwazin destn\u00ee\u015fan bikin ku veguheztina daney\u00ea li ser \u00centernet\u00ea (m\u00eenak dema ku bi e-namey\u00ea ve t\u00ea ragihandin) dikare k\u00eamasiy\u00ean ewlehiy\u00ea hebe. Parastina b\u00eak\u00eamas\u00ee ya daneyan ji gih\u00ee\u015ftina aliy\u00ean s\u00eayem\u00een ne gengaz e.<\/p>\n<h4>Betalkirina raz\u00eeb\u00fbna we ya ji bo hilberandina daney\u00ea<\/h4>\n<p>Gelek operasyon\u00ean hilberandina daney\u00ea ten\u00ea bi raz\u00eeb\u00fbna weya e\u015fkere gengaz in. H\u00fbn dikarin her wext\u00ea raz\u00eeb\u00fbna ku we ber\u00ea daye betal bikin. Ya ku h\u00fbn hewce ne bikin ev e ku ji me re e-nameyek neferm\u00ee bi\u015f\u00eenin. Rewab\u00fbna p\u00eavajoya daney\u00ea ya ku heya betalkirin\u00ea hat\u00ee kirin, ji betalkirin\u00ea b\u00eabandor dim\u00eene. Li dij\u00ee e-namey\u00ean reklam\u00ea \u00eetirazkirin Bikaran\u00eena h\u00fbrguliy\u00ean t\u00eakiliy\u00ea y\u00ean ku wek\u00ee be\u015fek ji berpirsiyariya \u00e7apkirin\u00ea ya \u015fandina reklam \u00fb materyal\u00ean agahdar\u00ee y\u00ean nexwest\u00ee hatine we\u015fandin, bi v\u00ea yek\u00ea t\u00ea \u00eetiraz kirin. Operator\u00ean r\u00fbpelan bi e\u015fkere maf\u00ea xwe dipar\u00eazin ku di b\u00fbyera \u015fandina agahdariya reklam\u00ea ya nexwest\u00ee de, wek\u00ee e-namey\u00ean spam, tedb\u00eer\u00ean qan\u00fbn\u00ee bigirin.<\/p>\n<h3>3. Komkirina daneyan li ser malpera me<\/h3>\n<h4>Cookies<\/h4>\n<p>Hin malperan bi nav\u00ea cookies bikar t\u00eenin. Cookies ti zirar\u00ea nadin komputera we \u00fb v\u00eerus t\u00ea de n\u00eenin. Cookies xizmet\u00ea dikin ku p\u00ea\u015fk\u00ea\u015fiya me bikarh\u00eaner-dostane, bi bandor \u00fb ewledartir bikin. Cookies pel\u00ean niv\u00ees\u00ea y\u00ean pi\u00e7\u00fbk in ku li ser komputera we t\u00eane hilan\u00een \u00fb geroka we tomar dike. Piraniya \u00e7erez\u00ean ku em bikar t\u00eenin bi nav\u00ea &#8220;cookies sesion&#8221; in. Ew bixweber pi\u015ft\u00ee serdana we t\u00eane j\u00eabirin. Cookiy\u00ean din li ser c\u00eehaza we t\u00eane hilan\u00een heya ku h\u00fbn wan j\u00eabirin. Van \u00e7erezan r\u00ea didin me ku geroka we gava din ku h\u00fbn serdan\u00ea nas bikin. H\u00fbn dikarin geroka xwe wisa saz bikin ku h\u00fbn di derheq\u00ea m\u00eehengkirina cookie-yan de agahdar bibin \u00fb ten\u00ea di rew\u015f\u00ean takekes\u00ee de dest\u00fbr bidin cookies, ji bo hin rew\u015fan an bi gelemper\u00ee pejirandina cookie-yan ji hol\u00ea rakin, \u00fb dema girtina gerok\u00ea j\u00eabirina otomat\u00eek\u00ee ya cookies \u00e7alak bikin. Ger \u00e7erezan werin ne\u00e7alak kirin, dibe ku fonksiyona v\u00ea malper\u00ea were s\u00eenordar kirin. Cookies ku ji bo p\u00eakan\u00eena p\u00eavajoya ragihandina elektron\u00eek\u00ee an ji bo peydakirina hin fonksiyon\u00ean ku h\u00fbn hewce ne (m\u00eenak fonksiyona selika kir\u00een\u00ea) hewce ne li ser bingeha Hunera 6 Para. 1 l\u00eetre. f GDPR rizgar kirin. Operator\u00ea malper\u00ea berjewendiyek rewa ye ku cookies hil\u00eene da ku kar\u00fbbar\u00ean xwe bi rengek tekn\u00eek\u00ee b\u00ea xelet\u00ee \u00fb xwe\u015fb\u00een peyda bike. Ger \u00e7erez\u00ean din (m\u00eenak \u00e7erez\u00ean ji bo anal\u00eezkirina tevgera weya gerok\u00ea) werin hilan\u00een, ew \u00ea di v\u00ea danezana parastina daney\u00ea de ji hev cuda werin derman kirin.<\/p>\n<h4>Pel\u00ean t\u00eaketin\u00ea y\u00ean server\u00ea<\/h4>\n<p>P\u00ea\u015fk\u00ea\u015fvan\u00ea r\u00fbpelan bixweber agahdariyan di nav pel\u00ean t\u00eaketin\u00ea y\u00ean server\u00ea de, ku geroka we bixweber ji me re di\u015f\u00eene, berhev dike \u00fb hil\u00eene. Ev in:<\/p>\n<ul>\n<li>Curey\u00ea gerok \u00fb guhertoya gerok\u00ea<\/li>\n<li>pergala xebat\u00ea t\u00ea bikaran\u00een<\/li>\n<li>Referrer URL<\/li>\n<li>Nav\u00ea m\u00eavandar\u00ea komputera gih\u00ee\u015ft\u00ee<\/li>\n<li>Dema daxwaza server\u00ea<\/li>\n<li>Navn\u00ee\u015fana IP&#8217;y\u00ea<\/li>\n<\/ul>\n<p>Ev dane d\u00ea bi \u00e7avkaniy\u00ean daney\u00ean din re ney\u00ea yek kirin. Bingeha ji bo hilberandina daneyan Xala 6 Para. 1 l\u00eetre. f GDPR, ku dest\u00fbr\u00ea dide hilberandina daneyan da ku peymanek an tedb\u00eer\u00ean p\u00ea\u015f-peyman p\u00eak b\u00eene.<\/p>\n<h4>forma t\u00eakiliy\u00ea  <\/h4>\n<p>Ger h\u00fbn bi karan\u00eena forma p\u00eawendiy\u00ea l\u00eapirs\u00eenan ji me re bi\u015f\u00eenin, h\u00fbrguliy\u00ean we y\u00ean ji forma l\u00eapirs\u00een\u00ea, tev\u00ee h\u00fbrguliy\u00ean t\u00eakiliy\u00ea ku we li wir peyda kirine, d\u00ea ji h\u00eala me ve werin hilan\u00een da ku l\u00eapirs\u00een\u00ea bi\u015fop\u00eenin \u00fb di rew\u015fa pirs\u00ean \u015fopandin\u00ea de. Em \u00ea b\u00eay\u00ee dest\u00fbra we van daneyan derbas nekin.<\/p>\n<p>Ji ber v\u00ea yek\u00ea daney\u00ean ku ketine forma t\u00eakil\u00eey\u00ea bi taybet\u00ee li ser bingeha raz\u00eeb\u00fbna we t\u00eane xebitandin (Xan. 6 Para. 1 lit. a GDPR). H\u00fbn dikarin v\u00ea raz\u00eeb\u00fbn\u00ea her dem betal bikin. Ya ku h\u00fbn hewce ne bikin ev e ku ji me re e-nameyek neferm\u00ee bi\u015f\u00eenin. Qan\u00fbn\u00eeb\u00fbna operasyon\u00ean hilberandina daneyan ku heya dema betalkirin\u00ea hatine kirin, ji betalkirin\u00ea b\u00eabandor dim\u00eene.<\/p>\n<p>Daney\u00ean ku h\u00fbn di forma p\u00eawendiy\u00ea de diniv\u00eesin d\u00ea bi me re bim\u00eenin heya ku h\u00fbn ji me daxwaz bikin ku em wan j\u00eabirin, raz\u00eeb\u00fbna xwe ya hilan\u00een\u00ea betal nekin an j\u00ee mebesta hilan\u00eena daney\u00ea nema derbas dibe (m\u00eenak pi\u015ft\u00ee ku daxwaziya we hate hilan\u00een). Hikm\u00ean qan\u00fbn\u00ee y\u00ean mecb\u00fbr\u00ee &#8211; bi taybet\u00ee serdem\u00ean ragirtin\u00ea &#8211; b\u00eabandor dim\u00eenin.<\/p>\t\t\t\t\t\t\t\t<\/div>\n\t\t\t\t<\/div>\n\t\t\t\t\t<\/div>\n\t\t<\/div>\n\t\t\t\t\t<\/div>\n\t\t<\/section>\n\t\t\t\t<\/div>\n\t\t","protected":false},"excerpt":{"rendered":"<p>1. Parastina daneyan bi \u00e7avek\u00ee Agahiy\u00ean gi\u015ft\u00ee Agahdariya j\u00ear\u00een nih\u00ear\u00eenek h\u00easan peyda dike ka \u00e7i diqewime daney\u00ean weya kesane dema ku h\u00fbn serdana malpera me [&hellip;]<\/p>\n","protected":false},"author":1,"featured_media":0,"parent":0,"menu_order":0,"comment_status":"closed","ping_status":"open","template":"","meta":{"inline_featured_image":false,"site-sidebar-layout":"default","site-content-layout":"","ast-site-content-layout":"default","site-content-style":"default","site-sidebar-style":"default","ast-global-header-display":"","ast-banner-title-visibility":"","ast-main-header-display":"","ast-hfb-above-header-display":"","ast-hfb-below-header-display":"","ast-hfb-mobile-header-display":"","site-post-title":"","ast-breadcrumbs-content":"","ast-featured-img":"","footer-sml-layout":"","ast-disable-related-posts":"","theme-transparent-header-meta":"","adv-header-id-meta":"","stick-header-meta":"","header-above-stick-meta":"","header-main-stick-meta":"","header-below-stick-meta":"","astra-migrate-meta-layouts":"default","ast-page-background-enabled":"default","ast-page-background-meta":{"desktop":{"background-color":"","background-image":"","background-repeat":"repeat","background-position":"center center","background-size":"auto","background-attachment":"scroll","background-type":"","background-media":"","overlay-type":"","overlay-color":"","overlay-opacity":"","overlay-gradient":""},"tablet":{"background-color":"","background-image":"","background-repeat":"repeat","background-position":"center center","background-size":"auto","background-attachment":"scroll","background-type":"","background-media":"","overlay-type":"","overlay-color":"","overlay-opacity":"","overlay-gradient":""},"mobile":{"background-color":"","background-image":"","background-repeat":"repeat","background-position":"center center","background-size":"auto","background-attachment":"scroll","background-type":"","background-media":"","overlay-type":"","overlay-color":"","overlay-opacity":"","overlay-gradient":""}},"ast-content-background-meta":{"desktop":{"background-color":"var(--ast-global-color-5)","background-image":"","background-repeat":"repeat","background-position":"center center","background-size":"auto","background-attachment":"scroll","background-type":"","background-media":"","overlay-type":"","overlay-color":"","overlay-opacity":"","overlay-gradient":""},"tablet":{"background-color":"var(--ast-global-color-5)","background-image":"","background-repeat":"repeat","background-position":"center center","background-size":"auto","background-attachment":"scroll","background-type":"","background-media":"","overlay-type":"","overlay-color":"","overlay-opacity":"","overlay-gradient":""},"mobile":{"background-color":"var(--ast-global-color-5)","background-image":"","background-repeat":"repeat","background-position":"center center","background-size":"auto","background-attachment":"scroll","background-type":"","background-media":"","overlay-type":"","overlay-color":"","overlay-opacity":"","overlay-gradient":""}}},"class_list":["post-6088","page","type-page","status-publish","hentry"],"yoast_head":"<!-- This site is optimized with the Yoast SEO plugin v27.4 - https:\/\/yoast.com\/product\/yoast-seo-wordpress\/ -->\n<title>Parastina daneyan - St. Katharina Grundschule Heinsberg<\/title>\n<meta name=\"robots\" content=\"index, follow, max-snippet:-1, max-image-preview:large, max-video-preview:-1\" \/>\n<link rel=\"canonical\" href=\"https:\/\/grundschule-heinsberg.de\/ku\/parastina-daneyan\/\" \/>\n<meta property=\"og:locale\" content=\"en_US\" \/>\n<meta property=\"og:type\" content=\"article\" \/>\n<meta property=\"og:title\" content=\"Parastina daneyan - St. Katharina Grundschule Heinsberg\" \/>\n<meta property=\"og:description\" content=\"1. Parastina daneyan bi \u00e7avek\u00ee Agahiy\u00ean gi\u015ft\u00ee Agahdariya j\u00ear\u00een nih\u00ear\u00eenek h\u00easan peyda dike ka \u00e7i diqewime daney\u00ean weya kesane dema ku h\u00fbn serdana malpera me [&hellip;]\" \/>\n<meta property=\"og:url\" content=\"https:\/\/grundschule-heinsberg.de\/ku\/parastina-daneyan\/\" \/>\n<meta property=\"og:site_name\" content=\"St. Katharina Grundschule Heinsberg\" \/>\n<meta property=\"article:modified_time\" content=\"2024-03-07T14:14:43+00:00\" \/>\n<meta property=\"og:image\" content=\"https:\/\/grundschule-heinsberg.de\/wp-content\/uploads\/2023\/03\/head_aussenansicht-grundschule-heinsberg.jpg\" \/>\n\t<meta property=\"og:image:width\" content=\"1080\" \/>\n\t<meta property=\"og:image:height\" content=\"810\" \/>\n\t<meta property=\"og:image:type\" content=\"image\/jpeg\" \/>\n<meta name=\"twitter:card\" content=\"summary_large_image\" \/>\n<meta name=\"twitter:label1\" content=\"Est. reading time\" \/>\n\t<meta name=\"twitter:data1\" content=\"7 \u062e\u0648\u0644\u06d5\u06a9\" \/>\n<script type=\"application\/ld+json\" class=\"yoast-schema-graph\">{\"@context\":\"https:\\\/\\\/schema.org\",\"@graph\":[{\"@type\":\"WebPage\",\"@id\":\"https:\\\/\\\/grundschule-heinsberg.de\\\/ku\\\/parastina-daneyan\\\/\",\"url\":\"https:\\\/\\\/grundschule-heinsberg.de\\\/ku\\\/parastina-daneyan\\\/\",\"name\":\"Parastina daneyan - St. Katharina Grundschule Heinsberg\",\"isPartOf\":{\"@id\":\"https:\\\/\\\/grundschule-heinsberg.de\\\/ku\\\/#website\"},\"datePublished\":\"2023-03-09T09:48:51+00:00\",\"dateModified\":\"2024-03-07T14:14:43+00:00\",\"breadcrumb\":{\"@id\":\"https:\\\/\\\/grundschule-heinsberg.de\\\/ku\\\/parastina-daneyan\\\/#breadcrumb\"},\"inLanguage\":\"ckb\",\"potentialAction\":[{\"@type\":\"ReadAction\",\"target\":[\"https:\\\/\\\/grundschule-heinsberg.de\\\/ku\\\/parastina-daneyan\\\/\"]}]},{\"@type\":\"BreadcrumbList\",\"@id\":\"https:\\\/\\\/grundschule-heinsberg.de\\\/ku\\\/parastina-daneyan\\\/#breadcrumb\",\"itemListElement\":[{\"@type\":\"ListItem\",\"position\":1,\"name\":\"Startseite\",\"item\":\"https:\\\/\\\/grundschule-heinsberg.de\\\/ku\\\/\"},{\"@type\":\"ListItem\",\"position\":2,\"name\":\"Parastina daneyan\"}]},{\"@type\":\"WebSite\",\"@id\":\"https:\\\/\\\/grundschule-heinsberg.de\\\/ku\\\/#website\",\"url\":\"https:\\\/\\\/grundschule-heinsberg.de\\\/ku\\\/\",\"name\":\"St. Katharina Grundschule Heinsberg\",\"description\":\"f\u00fcreinander, voneinander, gemeinsam und individuell: Hand in Hand auf dem Weg in die Zukunft\",\"publisher\":{\"@id\":\"https:\\\/\\\/grundschule-heinsberg.de\\\/ku\\\/#organization\"},\"potentialAction\":[{\"@type\":\"SearchAction\",\"target\":{\"@type\":\"EntryPoint\",\"urlTemplate\":\"https:\\\/\\\/grundschule-heinsberg.de\\\/ku\\\/?s={search_term_string}\"},\"query-input\":{\"@type\":\"PropertyValueSpecification\",\"valueRequired\":true,\"valueName\":\"search_term_string\"}}],\"inLanguage\":\"ckb\"},{\"@type\":\"Organization\",\"@id\":\"https:\\\/\\\/grundschule-heinsberg.de\\\/ku\\\/#organization\",\"name\":\"St. Katharina Grundschule Heinsberg\",\"url\":\"https:\\\/\\\/grundschule-heinsberg.de\\\/ku\\\/\",\"logo\":{\"@type\":\"ImageObject\",\"inLanguage\":\"ckb\",\"@id\":\"https:\\\/\\\/grundschule-heinsberg.de\\\/ku\\\/#\\\/schema\\\/logo\\\/image\\\/\",\"url\":\"https:\\\/\\\/grundschule-heinsberg.de\\\/wp-content\\\/uploads\\\/2023\\\/03\\\/230307_Grundschule-Heinsberg_Logo_RGB.svg\",\"contentUrl\":\"https:\\\/\\\/grundschule-heinsberg.de\\\/wp-content\\\/uploads\\\/2023\\\/03\\\/230307_Grundschule-Heinsberg_Logo_RGB.svg\",\"width\":311,\"height\":135,\"caption\":\"St. Katharina Grundschule Heinsberg\"},\"image\":{\"@id\":\"https:\\\/\\\/grundschule-heinsberg.de\\\/ku\\\/#\\\/schema\\\/logo\\\/image\\\/\"}}]}<\/script>\n<!-- \/ Yoast SEO plugin. -->","yoast_head_json":{"title":"Parastina daneyan - St. Katharina Grundschule Heinsberg","robots":{"index":"index","follow":"follow","max-snippet":"max-snippet:-1","max-image-preview":"max-image-preview:large","max-video-preview":"max-video-preview:-1"},"canonical":"https:\/\/grundschule-heinsberg.de\/ku\/parastina-daneyan\/","og_locale":"en_US","og_type":"article","og_title":"Parastina daneyan - St. Katharina Grundschule Heinsberg","og_description":"1. Parastina daneyan bi \u00e7avek\u00ee Agahiy\u00ean gi\u015ft\u00ee Agahdariya j\u00ear\u00een nih\u00ear\u00eenek h\u00easan peyda dike ka \u00e7i diqewime daney\u00ean weya kesane dema ku h\u00fbn serdana malpera me [&hellip;]","og_url":"https:\/\/grundschule-heinsberg.de\/ku\/parastina-daneyan\/","og_site_name":"St. Katharina Grundschule Heinsberg","article_modified_time":"2024-03-07T14:14:43+00:00","og_image":[{"width":1080,"height":810,"url":"https:\/\/grundschule-heinsberg.de\/wp-content\/uploads\/2023\/03\/head_aussenansicht-grundschule-heinsberg.jpg","type":"image\/jpeg"}],"twitter_card":"summary_large_image","twitter_misc":{"Est. reading time":"7 \u062e\u0648\u0644\u06d5\u06a9"},"schema":{"@context":"https:\/\/schema.org","@graph":[{"@type":"WebPage","@id":"https:\/\/grundschule-heinsberg.de\/ku\/parastina-daneyan\/","url":"https:\/\/grundschule-heinsberg.de\/ku\/parastina-daneyan\/","name":"Parastina daneyan - St. Katharina Grundschule Heinsberg","isPartOf":{"@id":"https:\/\/grundschule-heinsberg.de\/ku\/#website"},"datePublished":"2023-03-09T09:48:51+00:00","dateModified":"2024-03-07T14:14:43+00:00","breadcrumb":{"@id":"https:\/\/grundschule-heinsberg.de\/ku\/parastina-daneyan\/#breadcrumb"},"inLanguage":"ckb","potentialAction":[{"@type":"ReadAction","target":["https:\/\/grundschule-heinsberg.de\/ku\/parastina-daneyan\/"]}]},{"@type":"BreadcrumbList","@id":"https:\/\/grundschule-heinsberg.de\/ku\/parastina-daneyan\/#breadcrumb","itemListElement":[{"@type":"ListItem","position":1,"name":"Startseite","item":"https:\/\/grundschule-heinsberg.de\/ku\/"},{"@type":"ListItem","position":2,"name":"Parastina daneyan"}]},{"@type":"WebSite","@id":"https:\/\/grundschule-heinsberg.de\/ku\/#website","url":"https:\/\/grundschule-heinsberg.de\/ku\/","name":"St. Katharina Grundschule Heinsberg","description":"f\u00fcreinander, voneinander, gemeinsam und individuell: Hand in Hand auf dem Weg in die Zukunft","publisher":{"@id":"https:\/\/grundschule-heinsberg.de\/ku\/#organization"},"potentialAction":[{"@type":"SearchAction","target":{"@type":"EntryPoint","urlTemplate":"https:\/\/grundschule-heinsberg.de\/ku\/?s={search_term_string}"},"query-input":{"@type":"PropertyValueSpecification","valueRequired":true,"valueName":"search_term_string"}}],"inLanguage":"ckb"},{"@type":"Organization","@id":"https:\/\/grundschule-heinsberg.de\/ku\/#organization","name":"St. Katharina Grundschule Heinsberg","url":"https:\/\/grundschule-heinsberg.de\/ku\/","logo":{"@type":"ImageObject","inLanguage":"ckb","@id":"https:\/\/grundschule-heinsberg.de\/ku\/#\/schema\/logo\/image\/","url":"https:\/\/grundschule-heinsberg.de\/wp-content\/uploads\/2023\/03\/230307_Grundschule-Heinsberg_Logo_RGB.svg","contentUrl":"https:\/\/grundschule-heinsberg.de\/wp-content\/uploads\/2023\/03\/230307_Grundschule-Heinsberg_Logo_RGB.svg","width":311,"height":135,"caption":"St. Katharina Grundschule Heinsberg"},"image":{"@id":"https:\/\/grundschule-heinsberg.de\/ku\/#\/schema\/logo\/image\/"}}]}},"_links":{"self":[{"href":"https:\/\/grundschule-heinsberg.de\/ku\/wp-json\/wp\/v2\/pages\/6088","targetHints":{"allow":["GET"]}}],"collection":[{"href":"https:\/\/grundschule-heinsberg.de\/ku\/wp-json\/wp\/v2\/pages"}],"about":[{"href":"https:\/\/grundschule-heinsberg.de\/ku\/wp-json\/wp\/v2\/types\/page"}],"author":[{"embeddable":true,"href":"https:\/\/grundschule-heinsberg.de\/ku\/wp-json\/wp\/v2\/users\/1"}],"replies":[{"embeddable":true,"href":"https:\/\/grundschule-heinsberg.de\/ku\/wp-json\/wp\/v2\/comments?post=6088"}],"version-history":[{"count":0,"href":"https:\/\/grundschule-heinsberg.de\/ku\/wp-json\/wp\/v2\/pages\/6088\/revisions"}],"wp:attachment":[{"href":"https:\/\/grundschule-heinsberg.de\/ku\/wp-json\/wp\/v2\/media?parent=6088"}],"curies":[{"name":"wp","href":"https:\/\/api.w.org\/{rel}","templated":true}]}}