{"id":5434,"date":"2023-03-09T10:48:51","date_gmt":"2023-03-09T09:48:51","guid":{"rendered":"https:\/\/grundschule-heinsberg.de\/politica-de-privacidade\/"},"modified":"2024-03-07T14:32:19","modified_gmt":"2024-03-07T13:32:19","slug":"politica-de-privacidade","status":"publish","type":"page","link":"https:\/\/grundschule-heinsberg.de\/pt-pt\/politica-de-privacidade\/","title":{"rendered":"Pol\u00edtica de privacidade"},"content":{"rendered":"\t\t<div data-elementor-type=\"wp-page\" data-elementor-id=\"5434\" class=\"elementor elementor-5434 elementor-3\">\n\t\t\t\t\t\t<section class=\"elementor-section elementor-top-section elementor-element elementor-element-2c5b6433 elementor-section-boxed elementor-section-height-default elementor-section-height-default\" data-id=\"2c5b6433\" data-element_type=\"section\">\n\t\t\t\t\t\t<div class=\"elementor-container elementor-column-gap-default\">\n\t\t\t\t\t<div class=\"elementor-column elementor-col-100 elementor-top-column elementor-element elementor-element-1e698bd7\" data-id=\"1e698bd7\" data-element_type=\"column\">\n\t\t\t<div class=\"elementor-widget-wrap elementor-element-populated\">\n\t\t\t\t\t\t<div class=\"elementor-element elementor-element-d706d7d elementor-widget elementor-widget-text-editor\" data-id=\"d706d7d\" data-element_type=\"widget\" data-widget_type=\"text-editor.default\">\n\t\t\t\t<div class=\"elementor-widget-container\">\n\t\t\t\t\t\t\t\t\t<h3>1. a prote\u00e7\u00e3o de dados em resumo<\/h3>\n<h4>Informa\u00e7\u00f5es gerais<\/h4>\n<p>As informa\u00e7\u00f5es que se seguem fornecem uma vis\u00e3o geral simples do que acontece aos seus dados pessoais quando visita o nosso s\u00edtio Web. Os dados pessoais s\u00e3o todos os dados com os quais o utilizador pode ser identificado pessoalmente. Informa\u00e7\u00f5es pormenorizadas sobre a quest\u00e3o da prote\u00e7\u00e3o de dados podem ser encontradas na nossa pol\u00edtica de privacidade, que se encontra abaixo deste texto.<\/p>\n<h4>Recolha de dados no nosso s\u00edtio Web<\/h4>\n<p><strong>Quem \u00e9 respons\u00e1vel pela recolha de dados neste s\u00edtio Web?<\/strong> <br>O tratamento dos dados neste s\u00edtio Web \u00e9 efectuado pelo operador do s\u00edtio Web. Os seus contactos podem ser consultados no aviso legal deste s\u00edtio Web.<\/p>\n<p><strong>Como \u00e9 que recolhemos os seus dados?<\/strong> <br>Por um lado, os seus dados s\u00e3o recolhidos quando os fornece. Pode tratar-se, por exemplo, de dados introduzidos num formul\u00e1rio de contacto. Outros dados s\u00e3o recolhidos automaticamente pelos nossos sistemas inform\u00e1ticos quando o utilizador visita o s\u00edtio Web. Trata-se principalmente de dados t\u00e9cnicos (por exemplo, navegador da Internet, sistema operativo ou hora da visualiza\u00e7\u00e3o da p\u00e1gina). Estes dados s\u00e3o recolhidos automaticamente assim que entra no nosso s\u00edtio Web.<\/p>\n<p><strong>Para que \u00e9 que utilizamos os seus dados?<\/strong> <br>Alguns dos dados s\u00e3o recolhidos para garantir que o s\u00edtio Web \u00e9 fornecido sem erros. Outros dados podem ser utilizados para analisar o comportamento do utilizador.<\/p>\n<p><strong>Que direitos tem relativamente aos seus dados?<\/strong> <br>O utilizador tem o direito de receber gratuitamente, em qualquer altura, informa\u00e7\u00f5es sobre a origem, o destinat\u00e1rio e a finalidade dos seus dados pessoais armazenados. Tem tamb\u00e9m o direito de solicitar a corre\u00e7\u00e3o, o bloqueio ou a elimina\u00e7\u00e3o desses dados. Pode contactar-nos a qualquer momento para o endere\u00e7o indicado no aviso legal se tiver mais perguntas sobre a quest\u00e3o da prote\u00e7\u00e3o de dados. Al\u00e9m disso, o utilizador tem o direito de apresentar uma queixa \u00e0 autoridade de controlo competente.<\/p>\n<h3>2 Notas gerais e informa\u00e7\u00f5es obrigat\u00f3rias<\/h3>\n<h4>Prote\u00e7\u00e3o de dados<\/h4>\n<p>Os operadores destas p\u00e1ginas levam muito a s\u00e9rio a prote\u00e7\u00e3o dos seus dados pessoais. Tratamos os seus dados pessoais de forma confidencial e de acordo com os regulamentos legais de prote\u00e7\u00e3o de dados e com esta pol\u00edtica de privacidade. Quando o utilizador utiliza este s\u00edtio Web, s\u00e3o recolhidos v\u00e1rios dados pessoais. Os dados pessoais s\u00e3o dados que podem ser utilizados para o identificar pessoalmente. Esta pol\u00edtica de privacidade explica quais os dados que recolhemos e para que os utilizamos. Explica tamb\u00e9m como e com que objetivo isso \u00e9 feito. Gostar\u00edamos de salientar que a transmiss\u00e3o de dados atrav\u00e9s da Internet (por exemplo, quando se comunica por correio eletr\u00f3nico) pode ter lacunas de seguran\u00e7a. N\u00e3o \u00e9 poss\u00edvel uma prote\u00e7\u00e3o completa dos dados contra o acesso de terceiros.<\/p>\n<h4>Revoga\u00e7\u00e3o do seu consentimento para o tratamento de dados<\/h4>\n<p>Muitas opera\u00e7\u00f5es de tratamento de dados s\u00f3 s\u00e3o poss\u00edveis com o seu consentimento expresso. O utilizador pode revogar o seu consentimento em qualquer altura. Basta enviar-nos uma mensagem eletr\u00f3nica informal. A legalidade do tratamento de dados efectuado at\u00e9 \u00e0 revoga\u00e7\u00e3o n\u00e3o \u00e9 afetada pela revoga\u00e7\u00e3o. Obje\u00e7\u00e3o a e-mails publicit\u00e1rios Opomo-nos \u00e0 utiliza\u00e7\u00e3o dos dados de contacto publicados no \u00e2mbito da nossa obriga\u00e7\u00e3o de notifica\u00e7\u00e3o legal para enviar material publicit\u00e1rio e informativo que n\u00e3o tenha sido expressamente solicitado. Os operadores deste s\u00edtio reservam-se expressamente o direito de intentar uma a\u00e7\u00e3o judicial em caso de envio n\u00e3o solicitado de informa\u00e7\u00f5es publicit\u00e1rias, tais como mensagens de correio eletr\u00f3nico n\u00e3o solicitadas.<\/p>\n<h3>3. recolha de dados no nosso s\u00edtio Web<\/h3>\n<h4>Biscoitos<\/h4>\n<p>Algumas das p\u00e1ginas da Internet utilizam os chamados &#8220;cookies&#8221;. Os cookies n\u00e3o danificam o seu computador e n\u00e3o cont\u00eam v\u00edrus. Os cookies s\u00e3o utilizados para tornar o nosso s\u00edtio Web mais f\u00e1cil de utilizar, eficaz e seguro. Os cookies s\u00e3o pequenos ficheiros de texto que s\u00e3o armazenados no seu computador e guardados pelo seu browser. A maioria dos cookies que utilizamos s\u00e3o os chamados &#8220;cookies de sess\u00e3o&#8221;. S\u00e3o automaticamente eliminados no final da sua visita. Outros cookies permanecem armazenados no dispositivo final do utilizador at\u00e9 que este os apague. Estes cookies permitem-nos reconhecer o seu navegador na pr\u00f3xima vez que visitar o nosso s\u00edtio Web. Pode configurar o seu browser de modo a ser informado sobre a defini\u00e7\u00e3o de cookies e s\u00f3 permitir cookies em casos individuais, excluir a aceita\u00e7\u00e3o de cookies em certos casos ou em geral e ativar a elimina\u00e7\u00e3o autom\u00e1tica de cookies ao fechar o browser. Se os cookies forem desactivados, a funcionalidade deste s\u00edtio Web pode ser limitada. Os cookies que s\u00e3o necess\u00e1rios para realizar o processo de comunica\u00e7\u00e3o eletr\u00f3nica ou para fornecer determinadas fun\u00e7\u00f5es que tenha solicitado (por exemplo, fun\u00e7\u00e3o de cesto de compras) s\u00e3o armazenados com base no Art. 6, par\u00e1grafo 1 lit. f do RGPD. 1 litro. f DSGVO armazenado. O operador do s\u00edtio Web tem um interesse leg\u00edtimo no armazenamento de cookies para a presta\u00e7\u00e3o tecnicamente sem erros e optimizada dos seus servi\u00e7os. Na medida em que s\u00e3o armazenados outros cookies (por exemplo, cookies para analisar o seu comportamento de navega\u00e7\u00e3o), estes s\u00e3o tratados separadamente na presente pol\u00edtica de privacidade.<\/p>\n<h4>Ficheiros de registo do servidor<\/h4>\n<p>O fornecedor das p\u00e1ginas recolhe e armazena automaticamente informa\u00e7\u00f5es nos chamados ficheiros de registo do servidor, que o seu browser nos transmite automaticamente. Estes s\u00e3o:<\/p>\n<ul>\n<li>Tipo de navegador e vers\u00e3o do navegador<\/li>\n<li>Sistema operativo utilizado<\/li>\n<li>URL de refer\u00eancia<\/li>\n<li>Nome do anfitri\u00e3o do computador de acesso<\/li>\n<li>Hora do pedido do servidor<\/li>\n<li>Endere\u00e7o IP<\/li>\n<\/ul>\n<p>Estes dados n\u00e3o s\u00e3o fundidos com outras fontes de dados. A base para o processamento de dados \u00e9 o artigo 6. 1 litro. f RGPD, que permite o tratamento de dados para o cumprimento de um contrato ou de medidas pr\u00e9-contratuais.<\/p>\n<h4>Formul\u00e1rio de contacto <\/h4>\n<p>Se nos enviar pedidos de informa\u00e7\u00e3o atrav\u00e9s do formul\u00e1rio de contacto, os seus dados do formul\u00e1rio de pedido de informa\u00e7\u00e3o, incluindo os dados de contacto que a\u00ed fornecer, ser\u00e3o armazenados por n\u00f3s para efeitos de processamento do pedido de informa\u00e7\u00e3o e em caso de perguntas subsequentes. N\u00e3o transmitimos estes dados sem o seu consentimento.<\/p>\n<p>Os dados introduzidos no formul\u00e1rio de contacto s\u00e3o, portanto, processados exclusivamente com base no seu consentimento (art. 6.\u00ba, n.\u00ba 1, al\u00ednea a) do RGPD). O utilizador pode revogar este consentimento em qualquer altura. Basta enviar-nos uma mensagem eletr\u00f3nica informal. A legalidade das opera\u00e7\u00f5es de tratamento de dados efectuadas at\u00e9 \u00e0 revoga\u00e7\u00e3o n\u00e3o \u00e9 afetada pela revoga\u00e7\u00e3o.<\/p>\n<p>Conservaremos os dados que fornecer no formul\u00e1rio de contacto at\u00e9 que solicite a sua elimina\u00e7\u00e3o, revogue o seu consentimento para a sua conserva\u00e7\u00e3o ou a finalidade da sua conserva\u00e7\u00e3o deixe de ser pertinente (por exemplo, ap\u00f3s a satisfa\u00e7\u00e3o do seu pedido). As disposi\u00e7\u00f5es legais obrigat\u00f3rias, nomeadamente os per\u00edodos de conserva\u00e7\u00e3o, n\u00e3o s\u00e3o afectadas.<\/p>\t\t\t\t\t\t\t\t<\/div>\n\t\t\t\t<\/div>\n\t\t\t\t\t<\/div>\n\t\t<\/div>\n\t\t\t\t\t<\/div>\n\t\t<\/section>\n\t\t\t\t<\/div>\n\t\t","protected":false},"excerpt":{"rendered":"<p>1. a prote\u00e7\u00e3o de dados em resumo Informa\u00e7\u00f5es gerais As informa\u00e7\u00f5es que se seguem fornecem uma vis\u00e3o geral simples do que acontece aos seus dados [&hellip;]<\/p>\n","protected":false},"author":1,"featured_media":0,"parent":0,"menu_order":0,"comment_status":"closed","ping_status":"open","template":"","meta":{"inline_featured_image":false,"site-sidebar-layout":"default","site-content-layout":"","ast-site-content-layout":"default","site-content-style":"default","site-sidebar-style":"default","ast-global-header-display":"","ast-banner-title-visibility":"","ast-main-header-display":"","ast-hfb-above-header-display":"","ast-hfb-below-header-display":"","ast-hfb-mobile-header-display":"","site-post-title":"","ast-breadcrumbs-content":"","ast-featured-img":"","footer-sml-layout":"","ast-disable-related-posts":"","theme-transparent-header-meta":"","adv-header-id-meta":"","stick-header-meta":"","header-above-stick-meta":"","header-main-stick-meta":"","header-below-stick-meta":"","astra-migrate-meta-layouts":"default","ast-page-background-enabled":"default","ast-page-background-meta":{"desktop":{"background-color":"","background-image":"","background-repeat":"repeat","background-position":"center center","background-size":"auto","background-attachment":"scroll","background-type":"","background-media":"","overlay-type":"","overlay-color":"","overlay-opacity":"","overlay-gradient":""},"tablet":{"background-color":"","background-image":"","background-repeat":"repeat","background-position":"center center","background-size":"auto","background-attachment":"scroll","background-type":"","background-media":"","overlay-type":"","overlay-color":"","overlay-opacity":"","overlay-gradient":""},"mobile":{"background-color":"","background-image":"","background-repeat":"repeat","background-position":"center center","background-size":"auto","background-attachment":"scroll","background-type":"","background-media":"","overlay-type":"","overlay-color":"","overlay-opacity":"","overlay-gradient":""}},"ast-content-background-meta":{"desktop":{"background-color":"var(--ast-global-color-5)","background-image":"","background-repeat":"repeat","background-position":"center center","background-size":"auto","background-attachment":"scroll","background-type":"","background-media":"","overlay-type":"","overlay-color":"","overlay-opacity":"","overlay-gradient":""},"tablet":{"background-color":"var(--ast-global-color-5)","background-image":"","background-repeat":"repeat","background-position":"center center","background-size":"auto","background-attachment":"scroll","background-type":"","background-media":"","overlay-type":"","overlay-color":"","overlay-opacity":"","overlay-gradient":""},"mobile":{"background-color":"var(--ast-global-color-5)","background-image":"","background-repeat":"repeat","background-position":"center center","background-size":"auto","background-attachment":"scroll","background-type":"","background-media":"","overlay-type":"","overlay-color":"","overlay-opacity":"","overlay-gradient":""}}},"class_list":["post-5434","page","type-page","status-publish","hentry"],"yoast_head":"<!-- This site is optimized with the Yoast SEO plugin v27.3 - https:\/\/yoast.com\/product\/yoast-seo-wordpress\/ -->\n<title>Pol\u00edtica de privacidade - St. Katharina Grundschule Heinsberg<\/title>\n<meta name=\"robots\" content=\"index, follow, max-snippet:-1, max-image-preview:large, max-video-preview:-1\" \/>\n<link rel=\"canonical\" href=\"https:\/\/grundschule-heinsberg.de\/pt-pt\/politica-de-privacidade\/\" \/>\n<meta property=\"og:locale\" content=\"pt_PT\" \/>\n<meta property=\"og:type\" content=\"article\" \/>\n<meta property=\"og:title\" content=\"Pol\u00edtica de privacidade - St. Katharina Grundschule Heinsberg\" \/>\n<meta property=\"og:description\" content=\"1. a prote\u00e7\u00e3o de dados em resumo Informa\u00e7\u00f5es gerais As informa\u00e7\u00f5es que se seguem fornecem uma vis\u00e3o geral simples do que acontece aos seus dados [&hellip;]\" \/>\n<meta property=\"og:url\" content=\"https:\/\/grundschule-heinsberg.de\/pt-pt\/politica-de-privacidade\/\" \/>\n<meta property=\"og:site_name\" content=\"St. Katharina Grundschule Heinsberg\" \/>\n<meta property=\"article:modified_time\" content=\"2024-03-07T13:32:19+00:00\" \/>\n<meta property=\"og:image\" content=\"https:\/\/grundschule-heinsberg.de\/wp-content\/uploads\/2023\/03\/head_aussenansicht-grundschule-heinsberg.jpg\" \/>\n\t<meta property=\"og:image:width\" content=\"1080\" \/>\n\t<meta property=\"og:image:height\" content=\"810\" \/>\n\t<meta property=\"og:image:type\" content=\"image\/jpeg\" \/>\n<meta name=\"twitter:card\" content=\"summary_large_image\" \/>\n<meta name=\"twitter:label1\" content=\"Tempo estimado de leitura\" \/>\n\t<meta name=\"twitter:data1\" content=\"6 minutos\" \/>\n<script type=\"application\/ld+json\" class=\"yoast-schema-graph\">{\"@context\":\"https:\\\/\\\/schema.org\",\"@graph\":[{\"@type\":\"WebPage\",\"@id\":\"https:\\\/\\\/grundschule-heinsberg.de\\\/pt-pt\\\/politica-de-privacidade\\\/\",\"url\":\"https:\\\/\\\/grundschule-heinsberg.de\\\/pt-pt\\\/politica-de-privacidade\\\/\",\"name\":\"Pol\u00edtica de privacidade - St. Katharina Grundschule Heinsberg\",\"isPartOf\":{\"@id\":\"https:\\\/\\\/grundschule-heinsberg.de\\\/pt-pt\\\/#website\"},\"datePublished\":\"2023-03-09T09:48:51+00:00\",\"dateModified\":\"2024-03-07T13:32:19+00:00\",\"breadcrumb\":{\"@id\":\"https:\\\/\\\/grundschule-heinsberg.de\\\/pt-pt\\\/politica-de-privacidade\\\/#breadcrumb\"},\"inLanguage\":\"pt-PT\",\"potentialAction\":[{\"@type\":\"ReadAction\",\"target\":[\"https:\\\/\\\/grundschule-heinsberg.de\\\/pt-pt\\\/politica-de-privacidade\\\/\"]}]},{\"@type\":\"BreadcrumbList\",\"@id\":\"https:\\\/\\\/grundschule-heinsberg.de\\\/pt-pt\\\/politica-de-privacidade\\\/#breadcrumb\",\"itemListElement\":[{\"@type\":\"ListItem\",\"position\":1,\"name\":\"Startseite\",\"item\":\"https:\\\/\\\/grundschule-heinsberg.de\\\/pt-pt\\\/\"},{\"@type\":\"ListItem\",\"position\":2,\"name\":\"Pol\u00edtica de privacidade\"}]},{\"@type\":\"WebSite\",\"@id\":\"https:\\\/\\\/grundschule-heinsberg.de\\\/pt-pt\\\/#website\",\"url\":\"https:\\\/\\\/grundschule-heinsberg.de\\\/pt-pt\\\/\",\"name\":\"St. Katharina Grundschule Heinsberg\",\"description\":\"f\u00fcreinander, voneinander, gemeinsam und individuell: Hand in Hand auf dem Weg in die Zukunft\",\"publisher\":{\"@id\":\"https:\\\/\\\/grundschule-heinsberg.de\\\/pt-pt\\\/#organization\"},\"potentialAction\":[{\"@type\":\"SearchAction\",\"target\":{\"@type\":\"EntryPoint\",\"urlTemplate\":\"https:\\\/\\\/grundschule-heinsberg.de\\\/pt-pt\\\/?s={search_term_string}\"},\"query-input\":{\"@type\":\"PropertyValueSpecification\",\"valueRequired\":true,\"valueName\":\"search_term_string\"}}],\"inLanguage\":\"pt-PT\"},{\"@type\":\"Organization\",\"@id\":\"https:\\\/\\\/grundschule-heinsberg.de\\\/pt-pt\\\/#organization\",\"name\":\"St. Katharina Grundschule Heinsberg\",\"url\":\"https:\\\/\\\/grundschule-heinsberg.de\\\/pt-pt\\\/\",\"logo\":{\"@type\":\"ImageObject\",\"inLanguage\":\"pt-PT\",\"@id\":\"https:\\\/\\\/grundschule-heinsberg.de\\\/pt-pt\\\/#\\\/schema\\\/logo\\\/image\\\/\",\"url\":\"https:\\\/\\\/grundschule-heinsberg.de\\\/wp-content\\\/uploads\\\/2023\\\/03\\\/230307_Grundschule-Heinsberg_Logo_RGB.svg\",\"contentUrl\":\"https:\\\/\\\/grundschule-heinsberg.de\\\/wp-content\\\/uploads\\\/2023\\\/03\\\/230307_Grundschule-Heinsberg_Logo_RGB.svg\",\"width\":311,\"height\":135,\"caption\":\"St. Katharina Grundschule Heinsberg\"},\"image\":{\"@id\":\"https:\\\/\\\/grundschule-heinsberg.de\\\/pt-pt\\\/#\\\/schema\\\/logo\\\/image\\\/\"}}]}<\/script>\n<!-- \/ Yoast SEO plugin. -->","yoast_head_json":{"title":"Pol\u00edtica de privacidade - St. Katharina Grundschule Heinsberg","robots":{"index":"index","follow":"follow","max-snippet":"max-snippet:-1","max-image-preview":"max-image-preview:large","max-video-preview":"max-video-preview:-1"},"canonical":"https:\/\/grundschule-heinsberg.de\/pt-pt\/politica-de-privacidade\/","og_locale":"pt_PT","og_type":"article","og_title":"Pol\u00edtica de privacidade - St. Katharina Grundschule Heinsberg","og_description":"1. a prote\u00e7\u00e3o de dados em resumo Informa\u00e7\u00f5es gerais As informa\u00e7\u00f5es que se seguem fornecem uma vis\u00e3o geral simples do que acontece aos seus dados [&hellip;]","og_url":"https:\/\/grundschule-heinsberg.de\/pt-pt\/politica-de-privacidade\/","og_site_name":"St. Katharina Grundschule Heinsberg","article_modified_time":"2024-03-07T13:32:19+00:00","og_image":[{"width":1080,"height":810,"url":"https:\/\/grundschule-heinsberg.de\/wp-content\/uploads\/2023\/03\/head_aussenansicht-grundschule-heinsberg.jpg","type":"image\/jpeg"}],"twitter_card":"summary_large_image","twitter_misc":{"Tempo estimado de leitura":"6 minutos"},"schema":{"@context":"https:\/\/schema.org","@graph":[{"@type":"WebPage","@id":"https:\/\/grundschule-heinsberg.de\/pt-pt\/politica-de-privacidade\/","url":"https:\/\/grundschule-heinsberg.de\/pt-pt\/politica-de-privacidade\/","name":"Pol\u00edtica de privacidade - St. Katharina Grundschule Heinsberg","isPartOf":{"@id":"https:\/\/grundschule-heinsberg.de\/pt-pt\/#website"},"datePublished":"2023-03-09T09:48:51+00:00","dateModified":"2024-03-07T13:32:19+00:00","breadcrumb":{"@id":"https:\/\/grundschule-heinsberg.de\/pt-pt\/politica-de-privacidade\/#breadcrumb"},"inLanguage":"pt-PT","potentialAction":[{"@type":"ReadAction","target":["https:\/\/grundschule-heinsberg.de\/pt-pt\/politica-de-privacidade\/"]}]},{"@type":"BreadcrumbList","@id":"https:\/\/grundschule-heinsberg.de\/pt-pt\/politica-de-privacidade\/#breadcrumb","itemListElement":[{"@type":"ListItem","position":1,"name":"Startseite","item":"https:\/\/grundschule-heinsberg.de\/pt-pt\/"},{"@type":"ListItem","position":2,"name":"Pol\u00edtica de privacidade"}]},{"@type":"WebSite","@id":"https:\/\/grundschule-heinsberg.de\/pt-pt\/#website","url":"https:\/\/grundschule-heinsberg.de\/pt-pt\/","name":"St. Katharina Grundschule Heinsberg","description":"f\u00fcreinander, voneinander, gemeinsam und individuell: Hand in Hand auf dem Weg in die Zukunft","publisher":{"@id":"https:\/\/grundschule-heinsberg.de\/pt-pt\/#organization"},"potentialAction":[{"@type":"SearchAction","target":{"@type":"EntryPoint","urlTemplate":"https:\/\/grundschule-heinsberg.de\/pt-pt\/?s={search_term_string}"},"query-input":{"@type":"PropertyValueSpecification","valueRequired":true,"valueName":"search_term_string"}}],"inLanguage":"pt-PT"},{"@type":"Organization","@id":"https:\/\/grundschule-heinsberg.de\/pt-pt\/#organization","name":"St. Katharina Grundschule Heinsberg","url":"https:\/\/grundschule-heinsberg.de\/pt-pt\/","logo":{"@type":"ImageObject","inLanguage":"pt-PT","@id":"https:\/\/grundschule-heinsberg.de\/pt-pt\/#\/schema\/logo\/image\/","url":"https:\/\/grundschule-heinsberg.de\/wp-content\/uploads\/2023\/03\/230307_Grundschule-Heinsberg_Logo_RGB.svg","contentUrl":"https:\/\/grundschule-heinsberg.de\/wp-content\/uploads\/2023\/03\/230307_Grundschule-Heinsberg_Logo_RGB.svg","width":311,"height":135,"caption":"St. Katharina Grundschule Heinsberg"},"image":{"@id":"https:\/\/grundschule-heinsberg.de\/pt-pt\/#\/schema\/logo\/image\/"}}]}},"_links":{"self":[{"href":"https:\/\/grundschule-heinsberg.de\/pt-pt\/wp-json\/wp\/v2\/pages\/5434","targetHints":{"allow":["GET"]}}],"collection":[{"href":"https:\/\/grundschule-heinsberg.de\/pt-pt\/wp-json\/wp\/v2\/pages"}],"about":[{"href":"https:\/\/grundschule-heinsberg.de\/pt-pt\/wp-json\/wp\/v2\/types\/page"}],"author":[{"embeddable":true,"href":"https:\/\/grundschule-heinsberg.de\/pt-pt\/wp-json\/wp\/v2\/users\/1"}],"replies":[{"embeddable":true,"href":"https:\/\/grundschule-heinsberg.de\/pt-pt\/wp-json\/wp\/v2\/comments?post=5434"}],"version-history":[{"count":0,"href":"https:\/\/grundschule-heinsberg.de\/pt-pt\/wp-json\/wp\/v2\/pages\/5434\/revisions"}],"wp:attachment":[{"href":"https:\/\/grundschule-heinsberg.de\/pt-pt\/wp-json\/wp\/v2\/media?parent=5434"}],"curies":[{"name":"wp","href":"https:\/\/api.w.org\/{rel}","templated":true}]}}