{"id":9318,"date":"2024-09-07T19:39:51","date_gmt":"2024-09-07T17:39:51","guid":{"rendered":"https:\/\/grundschule-heinsberg.de\/escola-com-coragem\/"},"modified":"2024-09-07T19:48:53","modified_gmt":"2024-09-07T17:48:53","slug":"escola-com-coragem","status":"publish","type":"page","link":"https:\/\/grundschule-heinsberg.de\/pt-pt\/escola-com-coragem\/","title":{"rendered":"Escola com coragem"},"content":{"rendered":"\t\t<div data-elementor-type=\"wp-page\" data-elementor-id=\"9318\" class=\"elementor elementor-9318 elementor-9289\">\n\t\t\t\t\t\t<section class=\"elementor-section elementor-top-section elementor-element elementor-element-2957ae8 elementor-section-content-middle elementor-section-full_width elementor-section-height-default elementor-section-height-default\" data-id=\"2957ae8\" data-element_type=\"section\" data-settings=\"{&quot;background_background&quot;:&quot;classic&quot;}\">\n\t\t\t\t\t\t<div class=\"elementor-container elementor-column-gap-wide\">\n\t\t\t\t\t<div class=\"elementor-column elementor-col-50 elementor-top-column elementor-element elementor-element-8dcf5bc\" data-id=\"8dcf5bc\" data-element_type=\"column\" data-settings=\"{&quot;background_background&quot;:&quot;classic&quot;}\">\n\t\t\t<div class=\"elementor-widget-wrap\">\n\t\t\t\t\t\t\t<\/div>\n\t\t<\/div>\n\t\t\t\t<div class=\"elementor-column elementor-col-50 elementor-top-column elementor-element elementor-element-1ef8d77\" data-id=\"1ef8d77\" data-element_type=\"column\" data-settings=\"{&quot;background_background&quot;:&quot;classic&quot;}\">\n\t\t\t<div class=\"elementor-widget-wrap\">\n\t\t\t\t\t\t\t<\/div>\n\t\t<\/div>\n\t\t\t\t\t<\/div>\n\t\t<\/section>\n\t\t\t\t<section class=\"elementor-section elementor-top-section elementor-element elementor-element-450eede elementor-section-boxed elementor-section-height-default elementor-section-height-default\" data-id=\"450eede\" data-element_type=\"section\">\n\t\t\t\t\t\t<div class=\"elementor-container elementor-column-gap-default\">\n\t\t\t\t\t<div class=\"elementor-column elementor-col-50 elementor-top-column elementor-element elementor-element-838a6e3\" data-id=\"838a6e3\" data-element_type=\"column\">\n\t\t\t<div class=\"elementor-widget-wrap elementor-element-populated\">\n\t\t\t\t\t\t<div class=\"elementor-element elementor-element-053bdaf elementor-widget-mobile__width-inherit elementor-widget elementor-widget-uael-advanced-heading\" data-id=\"053bdaf\" data-element_type=\"widget\" data-widget_type=\"uael-advanced-heading.default\">\n\t\t\t\t<div class=\"elementor-widget-container\">\n\t\t\t\t\t\n\t\t<div class=\"uael-module-content uael-heading-wrapper\">\n\t\t\t\t\t\t\n\t\t\t<h2 class=\"uael-heading\">\n\t\t\t\t\t\t\t\t\t\t<span class=\"uael-heading-text elementor-inline-editing uael-size--xl\" data-elementor-setting-key=\"heading_title\" data-elementor-inline-editing-toolbar=\"basic\">Escola com coragem<\/span>\n\t\t\t\t\t\t\t<\/h2>\n\n\t\t\t\t\t\t\t<div class=\"uael-sub-heading elementor-inline-editing\" data-elementor-setting-key=\"sub_heading\" data-elementor-inline-editing-toolbar=\"advanced\" ><p>Escola sem racismo - escola com coragem<\/p><\/div>\n\t\t\t\n\t\t\t\n\t\t\t\n\t\t\t\t\t\t<\/div>\n\t\t\t\t\t\t<\/div>\n\t\t\t\t<\/div>\n\t\t\t\t<div class=\"elementor-element elementor-element-88a6eb0 elementor-widget elementor-widget-text-editor\" data-id=\"88a6eb0\" data-element_type=\"widget\" data-widget_type=\"text-editor.default\">\n\t\t\t\t<div class=\"elementor-widget-container\">\n\t\t\t\t\t\t\t\t\t<p style=\"font-weight: 400;\">A elei\u00e7\u00e3o para a admiss\u00e3o na rede &#8220;Escola com Coragem&#8221; foi conclu\u00edda. Estamos muito satisfeitos por 95,2% da comunidade escolar apoiar o nosso objetivo de nos tornarmos uma &#8220;Escola com Coragem&#8221; e por termos conseguido que o Presidente da C\u00e2mara Jarosz patrocinasse o nosso projeto. Os documentos de candidatura s\u00e3o ent\u00e3o enviados para a rede.<\/p>\n<p style=\"font-weight: 400;\">\n<p style=\"font-weight: 400;\"><strong>O que \u00e9 que isso significa?<\/strong><\/p>\n<p style=\"font-weight: 400;\">Racismo significa que desvalorizamos outras pessoas ou as tratamos mal porque s\u00e3o diferentes, t\u00eam uma cor de pele diferente ou v\u00eam de um pa\u00eds diferente do nosso.<\/p>\n<p style=\"font-weight: 400;\">Na nossa escola aprendem muitas crian\u00e7as diferentes: altas e baixas, gordas e magras, lentas e r\u00e1pidas e tamb\u00e9m crian\u00e7as com diferentes cores de cabelo e de pele, bem como crian\u00e7as de diferentes culturas e religi\u00f5es.<\/p>\n<p style=\"font-weight: 400;\">Muitos adultos trabalham na nossa escola e tamb\u00e9m s\u00e3o diferentes uns dos outros em muitos aspectos.<\/p>\n<p style=\"font-weight: 400;\">Alguns de n\u00f3s v\u00eam de outros pa\u00edses e falam uma l\u00edngua diferente da alem\u00e3, t\u00eam costumes e religi\u00f5es diferentes.<\/p>\n<p style=\"font-weight: 400;\">Todos e cada um de n\u00f3s somos \u00fanicos e valiosos para a nossa comunidade escolar!!!!<\/p>\n<p style=\"font-weight: 400;\">\n<p style=\"font-weight: 400;\"><strong>Como \u00e9 que \u00e9 a implementa\u00e7\u00e3o na escola?<\/strong><\/p>\n<p style=\"font-weight: 400;\">Por um lado, j\u00e1 estamos a p\u00f4r isto em pr\u00e1tica nas nossas rela\u00e7\u00f5es di\u00e1rias com a comunidade escolar. Por outro lado, os debates no conselho de turma, o parlamento dos alunos, a resolu\u00e7\u00e3o de conflitos, o lema do m\u00eas, o grupo dos sorrisos e o regulamento interno apoiam os nossos esfor\u00e7os. A nossa campanha de recolha da Irm\u00e3 Raphaela, h\u00e1 muito estabelecida, tamb\u00e9m vai continuar.<\/p>\n<p style=\"font-weight: 400;\"><u>Para al\u00e9m disso:<\/u><\/p>\n<p style=\"font-weight: 400;\"><strong>&#8220;Dia das boas ac\u00e7\u00f5es&#8221;<\/strong><\/p>\n<p style=\"font-weight: 400;\">Cada crian\u00e7a da Escola Prim\u00e1ria St Katharina torna-se um anjo ajudante num dia especial e apoia uma pessoa selecionada.<\/p>\n<p style=\"font-weight: 400;\">Exemplos: Ajuda nas compras, no jardim, a varrer e &#8230;<\/p>\n<p style=\"font-weight: 400;\">Realizaremos tamb\u00e9m um projeto selecionado todos os anos sobre o tema &#8220;Viver juntos numa comunidade colorida&#8221;.<\/p>\n<p style=\"font-weight: 400;\">\n<p>A certifica\u00e7\u00e3o oficial teve lugar a 4 de julho de 2024.<br \/>\nO Presidente da C\u00e2mara Bj\u00f6rn Jarosz, patrocinador do projeto, proferiu um discurso encorajador aquando da aceita\u00e7\u00e3o oficial na rede &#8220;Escola com Coragem&#8221;.<br \/>\nElogiou o empenho das crian\u00e7as e sublinhou a import\u00e2ncia dos seus esfor\u00e7os para uma comunidade escolar respeitadora e tolerante.<br \/>\nEm seguida, Britta Halbe, diretora da autoridade escolar, dirigiu-se aos alunos e perguntou-lhes quais as boas ac\u00e7\u00f5es que tinham praticado no &#8220;<strong><em>Dia das Boas Ac\u00e7\u00f5es&#8221;<\/em><\/strong> tinha-se apercebido.<br \/>\nEste dia, que se caracteriza pela ajuda e pela solidariedade, \u00e9 mais um exemplo do empenhamento da comunidade escolar em a\u00e7\u00e3o.    <\/p>\n<p style=\"font-weight: 400;\">O pr\u00e9mio oficial &#8220;Escola com Coragem&#8221; foi entregue pela Sra. Dagmar Sprenger e pelo Sr. Patrick Ebertz do Centro Municipal de Integra\u00e7\u00e3o de Olpe.<br \/>\nNas suas palavras, sublinharam a import\u00e2ncia do pr\u00e9mio e encorajaram a comunidade escolar a prosseguir com determina\u00e7\u00e3o o caminho percorrido. <\/p>\n<p style=\"font-weight: 400;\">No final das celebra\u00e7\u00f5es, a diretora Ulrike G\u00f6bel-Kohtz assegurou a todos: &#8220;Como escola, prometemos continuar a desenvolver-nos e a trabalhar de forma sustent\u00e1vel e continuar a lembrar-nos de como \u00e9 importante respeitarmo-nos e valorizarmo-nos uns aos outros.<\/p>\n<p><strong><span style=\"font-weight: 400;\">Ser aceite na rede &#8220;Escola com Coragem &#8211; Escola sem Racismo&#8221; \u00e9 um marco importante para a St. Katharina Grundschule Heinsberg e envia um sinal claro de coopera\u00e7\u00e3o respeitosa e apreciativa.<\/span><\/strong><\/p>\n\t\t\t\t\t\t\t\t<\/div>\n\t\t\t\t<\/div>\n\t\t\t\t\t<\/div>\n\t\t<\/div>\n\t\t\t\t<div class=\"elementor-column elementor-col-50 elementor-top-column elementor-element elementor-element-ebc15e8\" data-id=\"ebc15e8\" data-element_type=\"column\" data-settings=\"{&quot;background_background&quot;:&quot;classic&quot;}\">\n\t\t\t<div class=\"elementor-widget-wrap elementor-element-populated\">\n\t\t\t\t\t\t<div class=\"elementor-element elementor-element-73cd0da elementor-widget elementor-widget-image\" data-id=\"73cd0da\" data-element_type=\"widget\" data-widget_type=\"image.default\">\n\t\t\t\t<div class=\"elementor-widget-container\">\n\t\t\t\t\t\t\t\t\t\t\t\t\t\t\t<img fetchpriority=\"high\" decoding=\"async\" width=\"640\" height=\"480\" src=\"https:\/\/grundschule-heinsberg.de\/wp-content\/uploads\/2024\/07\/IMG_3103.jpg\" class=\"attachment-large size-large wp-image-8529\" alt=\"\" srcset=\"https:\/\/grundschule-heinsberg.de\/wp-content\/uploads\/2024\/07\/IMG_3103.jpg 640w, https:\/\/grundschule-heinsberg.de\/wp-content\/uploads\/2024\/07\/IMG_3103-300x225.jpg 300w\" sizes=\"(max-width: 640px) 100vw, 640px\" \/>\t\t\t\t\t\t\t\t\t\t\t\t\t\t\t<\/div>\n\t\t\t\t<\/div>\n\t\t\t\t<div class=\"elementor-element elementor-element-c195af8 elementor-widget elementor-widget-image\" data-id=\"c195af8\" data-element_type=\"widget\" data-widget_type=\"image.default\">\n\t\t\t\t<div class=\"elementor-widget-container\">\n\t\t\t\t\t\t\t\t\t\t\t\t\t\t\t<img decoding=\"async\" width=\"1000\" height=\"338\" src=\"https:\/\/grundschule-heinsberg.de\/wp-content\/uploads\/2024\/08\/Schule-ohne-Rassismus-Logo.png.webp\" class=\"attachment-1536x1536 size-1536x1536 wp-image-8941\" alt=\"\" srcset=\"https:\/\/grundschule-heinsberg.de\/wp-content\/uploads\/2024\/08\/Schule-ohne-Rassismus-Logo.png.webp 1000w, https:\/\/grundschule-heinsberg.de\/wp-content\/uploads\/2024\/08\/Schule-ohne-Rassismus-Logo.png-300x101.webp 300w, https:\/\/grundschule-heinsberg.de\/wp-content\/uploads\/2024\/08\/Schule-ohne-Rassismus-Logo.png-768x260.webp 768w\" sizes=\"(max-width: 1000px) 100vw, 1000px\" \/>\t\t\t\t\t\t\t\t\t\t\t\t\t\t\t<\/div>\n\t\t\t\t<\/div>\n\t\t\t\t\t<\/div>\n\t\t<\/div>\n\t\t\t\t\t<\/div>\n\t\t<\/section>\n\t\t\t\t<\/div>\n\t\t","protected":false},"excerpt":{"rendered":"<p>Escola com coragem Escola sem racismo &#8211; escola com coragem A elei\u00e7\u00e3o para a admiss\u00e3o na rede &#8220;Escola com Coragem&#8221; foi conclu\u00edda. Estamos muito satisfeitos [&hellip;]<\/p>\n","protected":false},"author":2,"featured_media":0,"parent":0,"menu_order":0,"comment_status":"closed","ping_status":"closed","template":"","meta":{"inline_featured_image":false,"site-sidebar-layout":"no-sidebar","site-content-layout":"page-builder","ast-site-content-layout":"full-width-container","site-content-style":"unboxed","site-sidebar-style":"unboxed","ast-global-header-display":"","ast-banner-title-visibility":"","ast-main-header-display":"","ast-hfb-above-header-display":"","ast-hfb-below-header-display":"","ast-hfb-mobile-header-display":"","site-post-title":"disabled","ast-breadcrumbs-content":"","ast-featured-img":"disabled","footer-sml-layout":"","ast-disable-related-posts":"","theme-transparent-header-meta":"","adv-header-id-meta":"","stick-header-meta":"","header-above-stick-meta":"","header-main-stick-meta":"","header-below-stick-meta":"","astra-migrate-meta-layouts":"default","ast-page-background-enabled":"default","ast-page-background-meta":{"desktop":{"background-color":"","background-image":"","background-repeat":"repeat","background-position":"center center","background-size":"auto","background-attachment":"scroll","background-type":"","background-media":"","overlay-type":"","overlay-color":"","overlay-opacity":"","overlay-gradient":""},"tablet":{"background-color":"","background-image":"","background-repeat":"repeat","background-position":"center center","background-size":"auto","background-attachment":"scroll","background-type":"","background-media":"","overlay-type":"","overlay-color":"","overlay-opacity":"","overlay-gradient":""},"mobile":{"background-color":"","background-image":"","background-repeat":"repeat","background-position":"center center","background-size":"auto","background-attachment":"scroll","background-type":"","background-media":"","overlay-type":"","overlay-color":"","overlay-opacity":"","overlay-gradient":""}},"ast-content-background-meta":{"desktop":{"background-color":"var(--ast-global-color-5)","background-image":"","background-repeat":"repeat","background-position":"center center","background-size":"auto","background-attachment":"scroll","background-type":"","background-media":"","overlay-type":"","overlay-color":"","overlay-opacity":"","overlay-gradient":""},"tablet":{"background-color":"var(--ast-global-color-5)","background-image":"","background-repeat":"repeat","background-position":"center center","background-size":"auto","background-attachment":"scroll","background-type":"","background-media":"","overlay-type":"","overlay-color":"","overlay-opacity":"","overlay-gradient":""},"mobile":{"background-color":"var(--ast-global-color-5)","background-image":"","background-repeat":"repeat","background-position":"center center","background-size":"auto","background-attachment":"scroll","background-type":"","background-media":"","overlay-type":"","overlay-color":"","overlay-opacity":"","overlay-gradient":""}}},"class_list":["post-9318","page","type-page","status-publish","hentry"],"yoast_head":"<!-- This site is optimized with the Yoast SEO plugin v27.4 - https:\/\/yoast.com\/product\/yoast-seo-wordpress\/ -->\n<title>Escola com coragem - St. Katharina Grundschule Heinsberg<\/title>\n<meta name=\"robots\" content=\"index, follow, max-snippet:-1, max-image-preview:large, max-video-preview:-1\" \/>\n<link rel=\"canonical\" href=\"https:\/\/grundschule-heinsberg.de\/pt-pt\/escola-com-coragem\/\" \/>\n<meta property=\"og:locale\" content=\"pt_PT\" \/>\n<meta property=\"og:type\" content=\"article\" \/>\n<meta property=\"og:title\" content=\"Escola com coragem - St. Katharina Grundschule Heinsberg\" \/>\n<meta property=\"og:description\" content=\"Escola com coragem Escola sem racismo &#8211; escola com coragem A elei\u00e7\u00e3o para a admiss\u00e3o na rede &#8220;Escola com Coragem&#8221; foi conclu\u00edda. Estamos muito satisfeitos [&hellip;]\" \/>\n<meta property=\"og:url\" content=\"https:\/\/grundschule-heinsberg.de\/pt-pt\/escola-com-coragem\/\" \/>\n<meta property=\"og:site_name\" content=\"St. Katharina Grundschule Heinsberg\" \/>\n<meta property=\"article:modified_time\" content=\"2024-09-07T17:48:53+00:00\" \/>\n<meta property=\"og:image\" content=\"https:\/\/grundschule-heinsberg.de\/wp-content\/uploads\/2024\/07\/IMG_3103.jpg\" \/>\n<meta name=\"twitter:card\" content=\"summary_large_image\" \/>\n<meta name=\"twitter:label1\" content=\"Tempo estimado de leitura\" \/>\n\t<meta name=\"twitter:data1\" content=\"3 minutos\" \/>\n<script type=\"application\/ld+json\" class=\"yoast-schema-graph\">{\"@context\":\"https:\\\/\\\/schema.org\",\"@graph\":[{\"@type\":\"WebPage\",\"@id\":\"https:\\\/\\\/grundschule-heinsberg.de\\\/pt-pt\\\/escola-com-coragem\\\/\",\"url\":\"https:\\\/\\\/grundschule-heinsberg.de\\\/pt-pt\\\/escola-com-coragem\\\/\",\"name\":\"Escola com coragem - St. Katharina Grundschule Heinsberg\",\"isPartOf\":{\"@id\":\"https:\\\/\\\/grundschule-heinsberg.de\\\/pt-pt\\\/#website\"},\"primaryImageOfPage\":{\"@id\":\"https:\\\/\\\/grundschule-heinsberg.de\\\/pt-pt\\\/escola-com-coragem\\\/#primaryimage\"},\"image\":{\"@id\":\"https:\\\/\\\/grundschule-heinsberg.de\\\/pt-pt\\\/escola-com-coragem\\\/#primaryimage\"},\"thumbnailUrl\":\"https:\\\/\\\/grundschule-heinsberg.de\\\/wp-content\\\/uploads\\\/2024\\\/07\\\/IMG_3103.jpg\",\"datePublished\":\"2024-09-07T17:39:51+00:00\",\"dateModified\":\"2024-09-07T17:48:53+00:00\",\"breadcrumb\":{\"@id\":\"https:\\\/\\\/grundschule-heinsberg.de\\\/pt-pt\\\/escola-com-coragem\\\/#breadcrumb\"},\"inLanguage\":\"pt-PT\",\"potentialAction\":[{\"@type\":\"ReadAction\",\"target\":[\"https:\\\/\\\/grundschule-heinsberg.de\\\/pt-pt\\\/escola-com-coragem\\\/\"]}]},{\"@type\":\"ImageObject\",\"inLanguage\":\"pt-PT\",\"@id\":\"https:\\\/\\\/grundschule-heinsberg.de\\\/pt-pt\\\/escola-com-coragem\\\/#primaryimage\",\"url\":\"https:\\\/\\\/grundschule-heinsberg.de\\\/wp-content\\\/uploads\\\/2024\\\/07\\\/IMG_3103.jpg\",\"contentUrl\":\"https:\\\/\\\/grundschule-heinsberg.de\\\/wp-content\\\/uploads\\\/2024\\\/07\\\/IMG_3103.jpg\"},{\"@type\":\"BreadcrumbList\",\"@id\":\"https:\\\/\\\/grundschule-heinsberg.de\\\/pt-pt\\\/escola-com-coragem\\\/#breadcrumb\",\"itemListElement\":[{\"@type\":\"ListItem\",\"position\":1,\"name\":\"Startseite\",\"item\":\"https:\\\/\\\/grundschule-heinsberg.de\\\/pt-pt\\\/\"},{\"@type\":\"ListItem\",\"position\":2,\"name\":\"Escola com coragem\"}]},{\"@type\":\"WebSite\",\"@id\":\"https:\\\/\\\/grundschule-heinsberg.de\\\/pt-pt\\\/#website\",\"url\":\"https:\\\/\\\/grundschule-heinsberg.de\\\/pt-pt\\\/\",\"name\":\"St. Katharina Grundschule Heinsberg\",\"description\":\"f\u00fcreinander, voneinander, gemeinsam und individuell: Hand in Hand auf dem Weg in die Zukunft\",\"publisher\":{\"@id\":\"https:\\\/\\\/grundschule-heinsberg.de\\\/pt-pt\\\/#organization\"},\"potentialAction\":[{\"@type\":\"SearchAction\",\"target\":{\"@type\":\"EntryPoint\",\"urlTemplate\":\"https:\\\/\\\/grundschule-heinsberg.de\\\/pt-pt\\\/?s={search_term_string}\"},\"query-input\":{\"@type\":\"PropertyValueSpecification\",\"valueRequired\":true,\"valueName\":\"search_term_string\"}}],\"inLanguage\":\"pt-PT\"},{\"@type\":\"Organization\",\"@id\":\"https:\\\/\\\/grundschule-heinsberg.de\\\/pt-pt\\\/#organization\",\"name\":\"St. Katharina Grundschule Heinsberg\",\"url\":\"https:\\\/\\\/grundschule-heinsberg.de\\\/pt-pt\\\/\",\"logo\":{\"@type\":\"ImageObject\",\"inLanguage\":\"pt-PT\",\"@id\":\"https:\\\/\\\/grundschule-heinsberg.de\\\/pt-pt\\\/#\\\/schema\\\/logo\\\/image\\\/\",\"url\":\"https:\\\/\\\/grundschule-heinsberg.de\\\/wp-content\\\/uploads\\\/2023\\\/03\\\/230307_Grundschule-Heinsberg_Logo_RGB.svg\",\"contentUrl\":\"https:\\\/\\\/grundschule-heinsberg.de\\\/wp-content\\\/uploads\\\/2023\\\/03\\\/230307_Grundschule-Heinsberg_Logo_RGB.svg\",\"width\":311,\"height\":135,\"caption\":\"St. Katharina Grundschule Heinsberg\"},\"image\":{\"@id\":\"https:\\\/\\\/grundschule-heinsberg.de\\\/pt-pt\\\/#\\\/schema\\\/logo\\\/image\\\/\"}}]}<\/script>\n<!-- \/ Yoast SEO plugin. -->","yoast_head_json":{"title":"Escola com coragem - St. Katharina Grundschule Heinsberg","robots":{"index":"index","follow":"follow","max-snippet":"max-snippet:-1","max-image-preview":"max-image-preview:large","max-video-preview":"max-video-preview:-1"},"canonical":"https:\/\/grundschule-heinsberg.de\/pt-pt\/escola-com-coragem\/","og_locale":"pt_PT","og_type":"article","og_title":"Escola com coragem - St. Katharina Grundschule Heinsberg","og_description":"Escola com coragem Escola sem racismo &#8211; escola com coragem A elei\u00e7\u00e3o para a admiss\u00e3o na rede &#8220;Escola com Coragem&#8221; foi conclu\u00edda. Estamos muito satisfeitos [&hellip;]","og_url":"https:\/\/grundschule-heinsberg.de\/pt-pt\/escola-com-coragem\/","og_site_name":"St. Katharina Grundschule Heinsberg","article_modified_time":"2024-09-07T17:48:53+00:00","og_image":[{"url":"https:\/\/grundschule-heinsberg.de\/wp-content\/uploads\/2024\/07\/IMG_3103.jpg","type":"","width":"","height":""}],"twitter_card":"summary_large_image","twitter_misc":{"Tempo estimado de leitura":"3 minutos"},"schema":{"@context":"https:\/\/schema.org","@graph":[{"@type":"WebPage","@id":"https:\/\/grundschule-heinsberg.de\/pt-pt\/escola-com-coragem\/","url":"https:\/\/grundschule-heinsberg.de\/pt-pt\/escola-com-coragem\/","name":"Escola com coragem - St. Katharina Grundschule Heinsberg","isPartOf":{"@id":"https:\/\/grundschule-heinsberg.de\/pt-pt\/#website"},"primaryImageOfPage":{"@id":"https:\/\/grundschule-heinsberg.de\/pt-pt\/escola-com-coragem\/#primaryimage"},"image":{"@id":"https:\/\/grundschule-heinsberg.de\/pt-pt\/escola-com-coragem\/#primaryimage"},"thumbnailUrl":"https:\/\/grundschule-heinsberg.de\/wp-content\/uploads\/2024\/07\/IMG_3103.jpg","datePublished":"2024-09-07T17:39:51+00:00","dateModified":"2024-09-07T17:48:53+00:00","breadcrumb":{"@id":"https:\/\/grundschule-heinsberg.de\/pt-pt\/escola-com-coragem\/#breadcrumb"},"inLanguage":"pt-PT","potentialAction":[{"@type":"ReadAction","target":["https:\/\/grundschule-heinsberg.de\/pt-pt\/escola-com-coragem\/"]}]},{"@type":"ImageObject","inLanguage":"pt-PT","@id":"https:\/\/grundschule-heinsberg.de\/pt-pt\/escola-com-coragem\/#primaryimage","url":"https:\/\/grundschule-heinsberg.de\/wp-content\/uploads\/2024\/07\/IMG_3103.jpg","contentUrl":"https:\/\/grundschule-heinsberg.de\/wp-content\/uploads\/2024\/07\/IMG_3103.jpg"},{"@type":"BreadcrumbList","@id":"https:\/\/grundschule-heinsberg.de\/pt-pt\/escola-com-coragem\/#breadcrumb","itemListElement":[{"@type":"ListItem","position":1,"name":"Startseite","item":"https:\/\/grundschule-heinsberg.de\/pt-pt\/"},{"@type":"ListItem","position":2,"name":"Escola com coragem"}]},{"@type":"WebSite","@id":"https:\/\/grundschule-heinsberg.de\/pt-pt\/#website","url":"https:\/\/grundschule-heinsberg.de\/pt-pt\/","name":"St. Katharina Grundschule Heinsberg","description":"f\u00fcreinander, voneinander, gemeinsam und individuell: Hand in Hand auf dem Weg in die Zukunft","publisher":{"@id":"https:\/\/grundschule-heinsberg.de\/pt-pt\/#organization"},"potentialAction":[{"@type":"SearchAction","target":{"@type":"EntryPoint","urlTemplate":"https:\/\/grundschule-heinsberg.de\/pt-pt\/?s={search_term_string}"},"query-input":{"@type":"PropertyValueSpecification","valueRequired":true,"valueName":"search_term_string"}}],"inLanguage":"pt-PT"},{"@type":"Organization","@id":"https:\/\/grundschule-heinsberg.de\/pt-pt\/#organization","name":"St. Katharina Grundschule Heinsberg","url":"https:\/\/grundschule-heinsberg.de\/pt-pt\/","logo":{"@type":"ImageObject","inLanguage":"pt-PT","@id":"https:\/\/grundschule-heinsberg.de\/pt-pt\/#\/schema\/logo\/image\/","url":"https:\/\/grundschule-heinsberg.de\/wp-content\/uploads\/2023\/03\/230307_Grundschule-Heinsberg_Logo_RGB.svg","contentUrl":"https:\/\/grundschule-heinsberg.de\/wp-content\/uploads\/2023\/03\/230307_Grundschule-Heinsberg_Logo_RGB.svg","width":311,"height":135,"caption":"St. Katharina Grundschule Heinsberg"},"image":{"@id":"https:\/\/grundschule-heinsberg.de\/pt-pt\/#\/schema\/logo\/image\/"}}]}},"_links":{"self":[{"href":"https:\/\/grundschule-heinsberg.de\/pt-pt\/wp-json\/wp\/v2\/pages\/9318","targetHints":{"allow":["GET"]}}],"collection":[{"href":"https:\/\/grundschule-heinsberg.de\/pt-pt\/wp-json\/wp\/v2\/pages"}],"about":[{"href":"https:\/\/grundschule-heinsberg.de\/pt-pt\/wp-json\/wp\/v2\/types\/page"}],"author":[{"embeddable":true,"href":"https:\/\/grundschule-heinsberg.de\/pt-pt\/wp-json\/wp\/v2\/users\/2"}],"replies":[{"embeddable":true,"href":"https:\/\/grundschule-heinsberg.de\/pt-pt\/wp-json\/wp\/v2\/comments?post=9318"}],"version-history":[{"count":0,"href":"https:\/\/grundschule-heinsberg.de\/pt-pt\/wp-json\/wp\/v2\/pages\/9318\/revisions"}],"wp:attachment":[{"href":"https:\/\/grundschule-heinsberg.de\/pt-pt\/wp-json\/wp\/v2\/media?parent=9318"}],"curies":[{"name":"wp","href":"https:\/\/api.w.org\/{rel}","templated":true}]}}