{"id":5405,"date":"2023-05-23T11:41:58","date_gmt":"2023-05-23T09:41:58","guid":{"rendered":"https:\/\/grundschule-heinsberg.de\/gjurme\/"},"modified":"2025-07-09T15:07:36","modified_gmt":"2025-07-09T13:07:36","slug":"gjurme","status":"publish","type":"page","link":"https:\/\/grundschule-heinsberg.de\/sq\/gjurme\/","title":{"rendered":"gjurm\u00eb"},"content":{"rendered":"<h2>gjurm\u00eb<\/h2>\n<h4>Informacioni sipas \u00a7 5 DDG:<\/h4>\n<p>Shkolla fillore e komunitetit St. Katharina Heinsberg<br \/>\nBergstrasse 15<br \/>\n57399 Kirchhundem<\/p>\n<p>P\u00ebrfaq\u00ebsuar nga:<br \/>\nSchulleitung: Frau Ulrike G\u00f6bel-Kohtz<\/p>\n<h4>Kontaktoni:<\/h4>\n<p>Telefoni: 02723 \/ 72984<br \/>\nE-Mail: <a href=\"ma&#105;&#108;&#x74;&#x6f;&#x3a;&#x31;34&#52;&#50;&#x39;&#x40;&#x73;&#x63;hu&#108;&#101;&#46;&#x6e;&#x72;&#x77;&#x2e;de\">&#x31;&#51;&#52;4&#x32;&#x39;&#64;s&#x63;&#x68;&#117;le&#x2e;&#110;&#114;w&#x2e;&#x64;&#101;<\/a><\/p>\n<p>Webmaster\/ Webmasterin:<br \/>\nLaura Schreiner<\/p>\n<h4>P\u00ebrgjegj\u00ebsia p\u00ebr p\u00ebrmbajtjen<\/h4>\n<p>Si ofrues sh\u00ebrbimi, ne jemi n\u00eb p\u00ebrputhje me Seksionin 7 Paragrafi 1 TMG \u00ebsht\u00eb p\u00ebrgjegj\u00ebse p\u00ebr p\u00ebrmbajtjen e saj n\u00eb k\u00ebto faqe n\u00eb p\u00ebrputhje me ligjet e p\u00ebrgjithshme. Megjithat\u00eb, sipas seksioneve 8 deri n\u00eb 10 TMG, si ofrues sh\u00ebrbimi, ne nuk jemi t\u00eb detyruar t\u00eb monitorojm\u00eb informacionet e transmetuara ose t\u00eb ruajtura t\u00eb pal\u00ebve t\u00eb treta ose t\u00eb hetojm\u00eb rrethanat q\u00eb tregojn\u00eb aktivitet t\u00eb paligjsh\u00ebm.<\/p>\n<p>Detyrimet p\u00ebr t\u00eb hequr ose bllokuar p\u00ebrdorimin e informacionit n\u00eb p\u00ebrputhje me ligjin e p\u00ebrgjithsh\u00ebm mbeten t\u00eb paprekura. Megjithat\u00eb, p\u00ebrgjegj\u00ebsia n\u00eb k\u00ebt\u00eb drejtim \u00ebsht\u00eb e mundur vet\u00ebm nga momenti i njohjes s\u00eb nj\u00eb shkeljeje specifike ligjore. N\u00ebse marrim dijeni p\u00ebr ndonj\u00eb shkelje ligjore p\u00ebrkat\u00ebse, do ta heqim menj\u00ebher\u00eb k\u00ebt\u00eb p\u00ebrmbajtje.<\/p>\n<h4>P\u00ebrgjegj\u00ebsia p\u00ebr lidhjet<\/h4>\n<p>Oferta jon\u00eb p\u00ebrmban lidhje me uebsajte t\u00eb jashtme t\u00eb pal\u00ebve t\u00eb treta mbi p\u00ebrmbajtjen e t\u00eb cilave ne nuk kemi asnj\u00eb ndikim. Prandaj, ne nuk mund t\u00eb marrim asnj\u00eb p\u00ebrgjegj\u00ebsi p\u00ebr k\u00ebt\u00eb p\u00ebrmbajtje t\u00eb jashtme. Ofruesi ose operatori p\u00ebrkat\u00ebs i faqeve \u00ebsht\u00eb gjithmon\u00eb p\u00ebrgjegj\u00ebs p\u00ebr p\u00ebrmbajtjen e faqeve t\u00eb lidhura. Faqet e lidhura u kontrolluan p\u00ebr shkelje t\u00eb mundshme ligjore n\u00eb momentin e lidhjes. P\u00ebrmbajtja e paligjshme nuk ishte e dukshme n\u00eb koh\u00ebn e lidhjes.<\/p>\n<p>Megjithat\u00eb, kontrolli i p\u00ebrhersh\u00ebm i p\u00ebrmbajtjes s\u00eb faqeve t\u00eb lidhura \u00ebsht\u00eb i paarsyesh\u00ebm pa prova konkrete t\u00eb shkeljes ligjore. N\u00ebse marrim dijeni p\u00ebr ndonj\u00eb shkelje ligjore, ne do t\u00eb heqim menj\u00ebher\u00eb lidhje t\u00eb tilla.<\/p>\n<h4>e drejta e autorit<\/h4>\n<p>P\u00ebrmbajtja dhe veprat n\u00eb k\u00ebto faqe t\u00eb krijuara nga operator\u00ebt e faqes jan\u00eb subjekt i ligjit gjerman p\u00ebr t\u00eb drejtat e autorit. Riprodhimi, p\u00ebrpunimi, shp\u00ebrndarja dhe \u00e7do lloj shfryt\u00ebzimi jasht\u00eb kufijve t\u00eb ligjit p\u00ebr t\u00eb drejt\u00ebn e autorit k\u00ebrkon p\u00eblqimin me shkrim t\u00eb autorit ose krijuesit p\u00ebrkat\u00ebs. Shkarkimet dhe kopjet e k\u00ebsaj faqeje lejohen vet\u00ebm p\u00ebr p\u00ebrdorim privat, jo komercial.<\/p>\n<p>N\u00ebse p\u00ebrmbajtja n\u00eb k\u00ebt\u00eb faqe nuk \u00ebsht\u00eb krijuar nga operatori, t\u00eb drejtat e autorit t\u00eb pal\u00ebve t\u00eb treta respektohen. N\u00eb ve\u00e7anti p\u00ebrmbajtja e pal\u00ebve t\u00eb treta sh\u00ebnohet si e till\u00eb. N\u00ebse megjithat\u00eb viheni n\u00eb dijeni p\u00ebr nj\u00eb shkelje t\u00eb t\u00eb drejt\u00ebs s\u00eb autorit, ju k\u00ebrkojm\u00eb q\u00eb t\u00eb na njoftoni n\u00eb p\u00ebrputhje me rrethanat. N\u00ebse marrim dijeni p\u00ebr ndonj\u00eb shkelje ligjore, ne do ta heqim menj\u00ebher\u00eb k\u00ebt\u00eb p\u00ebrmbajtje.<\/p>\n<p>Projektimi dhe zbatimi me mb\u00ebshtetje miq\u00ebsore<br \/>\n<img decoding=\"async\" src=\"https:\/\/grundschule-heinsberg.de\/wp-content\/uploads\/2023\/05\/iml-logo_02.svg\" alt=\"\" width=\"151\" height=\"28\"><br \/>\n <strong>ide\/\/media_logistics<\/strong><br \/>\n Agjenci reklamash n\u00eb Holzwickede dhe Kirchhundem<\/p>\n<p><a style=\"color: #0069b4;\" href=\"https:\/\/www.idee-medien.com\/\" target=\"_blank\" rel=\"noopener\">idee-medien.com<\/a> | <a href=\"http:\/\/www.wirrockendashandwerk.de\" target=\"_blank\" rel=\"noopener\">www.wirrockendashandwerk.de<\/a><\/p>\n","protected":false},"excerpt":{"rendered":"<p>gjurm\u00eb Informacioni sipas \u00a7 5 DDG: Shkolla fillore e komunitetit St. Katharina Heinsberg Bergstrasse 15 57399 Kirchhundem P\u00ebrfaq\u00ebsuar nga: Schulleitung: Frau Ulrike G\u00f6bel-Kohtz Kontaktoni: Telefoni: [&hellip;]<\/p>\n","protected":false},"author":1,"featured_media":0,"parent":0,"menu_order":0,"comment_status":"closed","ping_status":"closed","template":"","meta":{"inline_featured_image":false,"site-sidebar-layout":"no-sidebar","site-content-layout":"page-builder","ast-site-content-layout":"full-width-container","site-content-style":"unboxed","site-sidebar-style":"unboxed","ast-global-header-display":"","ast-banner-title-visibility":"","ast-main-header-display":"","ast-hfb-above-header-display":"","ast-hfb-below-header-display":"","ast-hfb-mobile-header-display":"","site-post-title":"disabled","ast-breadcrumbs-content":"disabled","ast-featured-img":"disabled","footer-sml-layout":"","ast-disable-related-posts":"","theme-transparent-header-meta":"enabled","adv-header-id-meta":"","stick-header-meta":"","header-above-stick-meta":"","header-main-stick-meta":"","header-below-stick-meta":"","astra-migrate-meta-layouts":"default","ast-page-background-enabled":"default","ast-page-background-meta":{"desktop":{"background-color":"","background-image":"","background-repeat":"repeat","background-position":"center center","background-size":"auto","background-attachment":"scroll","background-type":"","background-media":"","overlay-type":"","overlay-color":"","overlay-opacity":"","overlay-gradient":""},"tablet":{"background-color":"","background-image":"","background-repeat":"repeat","background-position":"center center","background-size":"auto","background-attachment":"scroll","background-type":"","background-media":"","overlay-type":"","overlay-color":"","overlay-opacity":"","overlay-gradient":""},"mobile":{"background-color":"","background-image":"","background-repeat":"repeat","background-position":"center center","background-size":"auto","background-attachment":"scroll","background-type":"","background-media":"","overlay-type":"","overlay-color":"","overlay-opacity":"","overlay-gradient":""}},"ast-content-background-meta":{"desktop":{"background-color":"var(--ast-global-color-5)","background-image":"","background-repeat":"repeat","background-position":"center center","background-size":"auto","background-attachment":"scroll","background-type":"","background-media":"","overlay-type":"","overlay-color":"","overlay-opacity":"","overlay-gradient":""},"tablet":{"background-color":"var(--ast-global-color-5)","background-image":"","background-repeat":"repeat","background-position":"center center","background-size":"auto","background-attachment":"scroll","background-type":"","background-media":"","overlay-type":"","overlay-color":"","overlay-opacity":"","overlay-gradient":""},"mobile":{"background-color":"var(--ast-global-color-5)","background-image":"","background-repeat":"repeat","background-position":"center center","background-size":"auto","background-attachment":"scroll","background-type":"","background-media":"","overlay-type":"","overlay-color":"","overlay-opacity":"","overlay-gradient":""}}},"class_list":["post-5405","page","type-page","status-publish","hentry"],"yoast_head":"<!-- This site is optimized with the Yoast SEO plugin v27.4 - https:\/\/yoast.com\/product\/yoast-seo-wordpress\/ -->\n<title>gjurm\u00eb - St. Katharina Grundschule Heinsberg<\/title>\n<meta name=\"robots\" content=\"index, follow, max-snippet:-1, max-image-preview:large, max-video-preview:-1\" \/>\n<link rel=\"canonical\" href=\"https:\/\/grundschule-heinsberg.de\/sq\/gjurme\/\" \/>\n<meta property=\"og:locale\" content=\"sq_AL\" \/>\n<meta property=\"og:type\" content=\"article\" \/>\n<meta property=\"og:title\" content=\"gjurm\u00eb - St. Katharina Grundschule Heinsberg\" \/>\n<meta property=\"og:description\" content=\"gjurm\u00eb Informacioni sipas \u00a7 5 DDG: Shkolla fillore e komunitetit St. Katharina Heinsberg Bergstrasse 15 57399 Kirchhundem P\u00ebrfaq\u00ebsuar nga: Schulleitung: Frau Ulrike G\u00f6bel-Kohtz Kontaktoni: Telefoni: [&hellip;]\" \/>\n<meta property=\"og:url\" content=\"https:\/\/grundschule-heinsberg.de\/sq\/gjurme\/\" \/>\n<meta property=\"og:site_name\" content=\"St. Katharina Grundschule Heinsberg\" \/>\n<meta property=\"article:modified_time\" content=\"2025-07-09T13:07:36+00:00\" \/>\n<meta property=\"og:image\" content=\"https:\/\/grundschule-heinsberg.de\/wp-content\/uploads\/2023\/05\/iml-logo_02.svg\" \/>\n<meta name=\"twitter:card\" content=\"summary_large_image\" \/>\n<meta name=\"twitter:label1\" content=\"Est. reading time\" \/>\n\t<meta name=\"twitter:data1\" content=\"3 minutes\" \/>\n<script type=\"application\/ld+json\" class=\"yoast-schema-graph\">{\"@context\":\"https:\\\/\\\/schema.org\",\"@graph\":[{\"@type\":\"WebPage\",\"@id\":\"https:\\\/\\\/grundschule-heinsberg.de\\\/sq\\\/gjurme\\\/\",\"url\":\"https:\\\/\\\/grundschule-heinsberg.de\\\/sq\\\/gjurme\\\/\",\"name\":\"gjurm\u00eb - St. Katharina Grundschule Heinsberg\",\"isPartOf\":{\"@id\":\"https:\\\/\\\/grundschule-heinsberg.de\\\/sq\\\/#website\"},\"primaryImageOfPage\":{\"@id\":\"https:\\\/\\\/grundschule-heinsberg.de\\\/sq\\\/gjurme\\\/#primaryimage\"},\"image\":{\"@id\":\"https:\\\/\\\/grundschule-heinsberg.de\\\/sq\\\/gjurme\\\/#primaryimage\"},\"thumbnailUrl\":\"https:\\\/\\\/grundschule-heinsberg.de\\\/wp-content\\\/uploads\\\/2023\\\/05\\\/iml-logo_02.svg\",\"datePublished\":\"2023-05-23T09:41:58+00:00\",\"dateModified\":\"2025-07-09T13:07:36+00:00\",\"breadcrumb\":{\"@id\":\"https:\\\/\\\/grundschule-heinsberg.de\\\/sq\\\/gjurme\\\/#breadcrumb\"},\"inLanguage\":\"sq-AL\",\"potentialAction\":[{\"@type\":\"ReadAction\",\"target\":[\"https:\\\/\\\/grundschule-heinsberg.de\\\/sq\\\/gjurme\\\/\"]}]},{\"@type\":\"ImageObject\",\"inLanguage\":\"sq-AL\",\"@id\":\"https:\\\/\\\/grundschule-heinsberg.de\\\/sq\\\/gjurme\\\/#primaryimage\",\"url\":\"https:\\\/\\\/grundschule-heinsberg.de\\\/wp-content\\\/uploads\\\/2023\\\/05\\\/iml-logo_02.svg\",\"contentUrl\":\"https:\\\/\\\/grundschule-heinsberg.de\\\/wp-content\\\/uploads\\\/2023\\\/05\\\/iml-logo_02.svg\"},{\"@type\":\"BreadcrumbList\",\"@id\":\"https:\\\/\\\/grundschule-heinsberg.de\\\/sq\\\/gjurme\\\/#breadcrumb\",\"itemListElement\":[{\"@type\":\"ListItem\",\"position\":1,\"name\":\"Startseite\",\"item\":\"https:\\\/\\\/grundschule-heinsberg.de\\\/sq\\\/\"},{\"@type\":\"ListItem\",\"position\":2,\"name\":\"gjurm\u00eb\"}]},{\"@type\":\"WebSite\",\"@id\":\"https:\\\/\\\/grundschule-heinsberg.de\\\/sq\\\/#website\",\"url\":\"https:\\\/\\\/grundschule-heinsberg.de\\\/sq\\\/\",\"name\":\"St. Katharina Grundschule Heinsberg\",\"description\":\"f\u00fcreinander, voneinander, gemeinsam und individuell: Hand in Hand auf dem Weg in die Zukunft\",\"publisher\":{\"@id\":\"https:\\\/\\\/grundschule-heinsberg.de\\\/sq\\\/#organization\"},\"potentialAction\":[{\"@type\":\"SearchAction\",\"target\":{\"@type\":\"EntryPoint\",\"urlTemplate\":\"https:\\\/\\\/grundschule-heinsberg.de\\\/sq\\\/?s={search_term_string}\"},\"query-input\":{\"@type\":\"PropertyValueSpecification\",\"valueRequired\":true,\"valueName\":\"search_term_string\"}}],\"inLanguage\":\"sq-AL\"},{\"@type\":\"Organization\",\"@id\":\"https:\\\/\\\/grundschule-heinsberg.de\\\/sq\\\/#organization\",\"name\":\"St. Katharina Grundschule Heinsberg\",\"url\":\"https:\\\/\\\/grundschule-heinsberg.de\\\/sq\\\/\",\"logo\":{\"@type\":\"ImageObject\",\"inLanguage\":\"sq-AL\",\"@id\":\"https:\\\/\\\/grundschule-heinsberg.de\\\/sq\\\/#\\\/schema\\\/logo\\\/image\\\/\",\"url\":\"https:\\\/\\\/grundschule-heinsberg.de\\\/wp-content\\\/uploads\\\/2023\\\/03\\\/230307_Grundschule-Heinsberg_Logo_RGB.svg\",\"contentUrl\":\"https:\\\/\\\/grundschule-heinsberg.de\\\/wp-content\\\/uploads\\\/2023\\\/03\\\/230307_Grundschule-Heinsberg_Logo_RGB.svg\",\"width\":311,\"height\":135,\"caption\":\"St. Katharina Grundschule Heinsberg\"},\"image\":{\"@id\":\"https:\\\/\\\/grundschule-heinsberg.de\\\/sq\\\/#\\\/schema\\\/logo\\\/image\\\/\"}}]}<\/script>\n<!-- \/ Yoast SEO plugin. -->","yoast_head_json":{"title":"gjurm\u00eb - St. Katharina Grundschule Heinsberg","robots":{"index":"index","follow":"follow","max-snippet":"max-snippet:-1","max-image-preview":"max-image-preview:large","max-video-preview":"max-video-preview:-1"},"canonical":"https:\/\/grundschule-heinsberg.de\/sq\/gjurme\/","og_locale":"sq_AL","og_type":"article","og_title":"gjurm\u00eb - St. Katharina Grundschule Heinsberg","og_description":"gjurm\u00eb Informacioni sipas \u00a7 5 DDG: Shkolla fillore e komunitetit St. Katharina Heinsberg Bergstrasse 15 57399 Kirchhundem P\u00ebrfaq\u00ebsuar nga: Schulleitung: Frau Ulrike G\u00f6bel-Kohtz Kontaktoni: Telefoni: [&hellip;]","og_url":"https:\/\/grundschule-heinsberg.de\/sq\/gjurme\/","og_site_name":"St. Katharina Grundschule Heinsberg","article_modified_time":"2025-07-09T13:07:36+00:00","og_image":[{"url":"https:\/\/grundschule-heinsberg.de\/wp-content\/uploads\/2023\/05\/iml-logo_02.svg","type":"","width":"","height":""}],"twitter_card":"summary_large_image","twitter_misc":{"Est. reading time":"3 minutes"},"schema":{"@context":"https:\/\/schema.org","@graph":[{"@type":"WebPage","@id":"https:\/\/grundschule-heinsberg.de\/sq\/gjurme\/","url":"https:\/\/grundschule-heinsberg.de\/sq\/gjurme\/","name":"gjurm\u00eb - St. Katharina Grundschule Heinsberg","isPartOf":{"@id":"https:\/\/grundschule-heinsberg.de\/sq\/#website"},"primaryImageOfPage":{"@id":"https:\/\/grundschule-heinsberg.de\/sq\/gjurme\/#primaryimage"},"image":{"@id":"https:\/\/grundschule-heinsberg.de\/sq\/gjurme\/#primaryimage"},"thumbnailUrl":"https:\/\/grundschule-heinsberg.de\/wp-content\/uploads\/2023\/05\/iml-logo_02.svg","datePublished":"2023-05-23T09:41:58+00:00","dateModified":"2025-07-09T13:07:36+00:00","breadcrumb":{"@id":"https:\/\/grundschule-heinsberg.de\/sq\/gjurme\/#breadcrumb"},"inLanguage":"sq-AL","potentialAction":[{"@type":"ReadAction","target":["https:\/\/grundschule-heinsberg.de\/sq\/gjurme\/"]}]},{"@type":"ImageObject","inLanguage":"sq-AL","@id":"https:\/\/grundschule-heinsberg.de\/sq\/gjurme\/#primaryimage","url":"https:\/\/grundschule-heinsberg.de\/wp-content\/uploads\/2023\/05\/iml-logo_02.svg","contentUrl":"https:\/\/grundschule-heinsberg.de\/wp-content\/uploads\/2023\/05\/iml-logo_02.svg"},{"@type":"BreadcrumbList","@id":"https:\/\/grundschule-heinsberg.de\/sq\/gjurme\/#breadcrumb","itemListElement":[{"@type":"ListItem","position":1,"name":"Startseite","item":"https:\/\/grundschule-heinsberg.de\/sq\/"},{"@type":"ListItem","position":2,"name":"gjurm\u00eb"}]},{"@type":"WebSite","@id":"https:\/\/grundschule-heinsberg.de\/sq\/#website","url":"https:\/\/grundschule-heinsberg.de\/sq\/","name":"St. Katharina Grundschule Heinsberg","description":"f\u00fcreinander, voneinander, gemeinsam und individuell: Hand in Hand auf dem Weg in die Zukunft","publisher":{"@id":"https:\/\/grundschule-heinsberg.de\/sq\/#organization"},"potentialAction":[{"@type":"SearchAction","target":{"@type":"EntryPoint","urlTemplate":"https:\/\/grundschule-heinsberg.de\/sq\/?s={search_term_string}"},"query-input":{"@type":"PropertyValueSpecification","valueRequired":true,"valueName":"search_term_string"}}],"inLanguage":"sq-AL"},{"@type":"Organization","@id":"https:\/\/grundschule-heinsberg.de\/sq\/#organization","name":"St. Katharina Grundschule Heinsberg","url":"https:\/\/grundschule-heinsberg.de\/sq\/","logo":{"@type":"ImageObject","inLanguage":"sq-AL","@id":"https:\/\/grundschule-heinsberg.de\/sq\/#\/schema\/logo\/image\/","url":"https:\/\/grundschule-heinsberg.de\/wp-content\/uploads\/2023\/03\/230307_Grundschule-Heinsberg_Logo_RGB.svg","contentUrl":"https:\/\/grundschule-heinsberg.de\/wp-content\/uploads\/2023\/03\/230307_Grundschule-Heinsberg_Logo_RGB.svg","width":311,"height":135,"caption":"St. Katharina Grundschule Heinsberg"},"image":{"@id":"https:\/\/grundschule-heinsberg.de\/sq\/#\/schema\/logo\/image\/"}}]}},"_links":{"self":[{"href":"https:\/\/grundschule-heinsberg.de\/sq\/wp-json\/wp\/v2\/pages\/5405","targetHints":{"allow":["GET"]}}],"collection":[{"href":"https:\/\/grundschule-heinsberg.de\/sq\/wp-json\/wp\/v2\/pages"}],"about":[{"href":"https:\/\/grundschule-heinsberg.de\/sq\/wp-json\/wp\/v2\/types\/page"}],"author":[{"embeddable":true,"href":"https:\/\/grundschule-heinsberg.de\/sq\/wp-json\/wp\/v2\/users\/1"}],"replies":[{"embeddable":true,"href":"https:\/\/grundschule-heinsberg.de\/sq\/wp-json\/wp\/v2\/comments?post=5405"}],"version-history":[{"count":0,"href":"https:\/\/grundschule-heinsberg.de\/sq\/wp-json\/wp\/v2\/pages\/5405\/revisions"}],"wp:attachment":[{"href":"https:\/\/grundschule-heinsberg.de\/sq\/wp-json\/wp\/v2\/media?parent=5405"}],"curies":[{"name":"wp","href":"https:\/\/api.w.org\/{rel}","templated":true}]}}