{"id":5469,"date":"2023-03-09T10:48:51","date_gmt":"2023-03-09T09:48:51","guid":{"rendered":"https:\/\/grundschule-heinsberg.de\/mbrojtja-e-te-dhenave\/"},"modified":"2024-03-07T14:32:11","modified_gmt":"2024-03-07T13:32:11","slug":"mbrojtja-e-te-dhenave","status":"publish","type":"page","link":"https:\/\/grundschule-heinsberg.de\/sq\/mbrojtja-e-te-dhenave\/","title":{"rendered":"Mbrojtja e t\u00eb dh\u00ebnave"},"content":{"rendered":"\t\t<div data-elementor-type=\"wp-page\" data-elementor-id=\"5469\" class=\"elementor elementor-5469 elementor-3\">\n\t\t\t\t\t\t<section class=\"elementor-section elementor-top-section elementor-element elementor-element-2c5b6433 elementor-section-boxed elementor-section-height-default elementor-section-height-default\" data-id=\"2c5b6433\" data-element_type=\"section\">\n\t\t\t\t\t\t<div class=\"elementor-container elementor-column-gap-default\">\n\t\t\t\t\t<div class=\"elementor-column elementor-col-100 elementor-top-column elementor-element elementor-element-1e698bd7\" data-id=\"1e698bd7\" data-element_type=\"column\">\n\t\t\t<div class=\"elementor-widget-wrap elementor-element-populated\">\n\t\t\t\t\t\t<div class=\"elementor-element elementor-element-d706d7d elementor-widget elementor-widget-text-editor\" data-id=\"d706d7d\" data-element_type=\"widget\" data-widget_type=\"text-editor.default\">\n\t\t\t\t<div class=\"elementor-widget-container\">\n\t\t\t\t\t\t\t\t\t<h3>1. Mbrojtja e t\u00eb dh\u00ebnave me nj\u00eb shikim<\/h3>\n<h4>Informacion i pergjithshem<\/h4>\n<p>Informacioni i m\u00ebposht\u00ebm ofron nj\u00eb pasqyr\u00eb t\u00eb thjesht\u00eb t\u00eb asaj q\u00eb ndodh me t\u00eb dh\u00ebnat tuaja personale kur vizitoni faqen ton\u00eb t\u00eb internetit. T\u00eb dh\u00ebnat personale jan\u00eb \u00e7do e dh\u00ebn\u00eb q\u00eb mund t\u00eb p\u00ebrdoret p\u00ebr t&#8217;ju identifikuar personalisht. Informacione t\u00eb detajuara mbi tem\u00ebn e mbrojtjes s\u00eb t\u00eb dh\u00ebnave mund t\u00eb gjenden n\u00eb deklarat\u00ebn ton\u00eb p\u00ebr mbrojtjen e t\u00eb dh\u00ebnave t\u00eb renditur m\u00eb posht\u00eb k\u00ebtij teksti.<\/p>\n<h4>Mbledhja e t\u00eb dh\u00ebnave n\u00eb faqen ton\u00eb t\u00eb internetit<\/h4>\n<p><strong>Kush \u00ebsht\u00eb p\u00ebrgjegj\u00ebs p\u00ebr mbledhjen e t\u00eb dh\u00ebnave n\u00eb k\u00ebt\u00eb faqe interneti?<\/strong> <br>P\u00ebrpunimi i t\u00eb dh\u00ebnave n\u00eb k\u00ebt\u00eb faqe interneti kryhet nga operatori i faqes s\u00eb internetit. Ju mund t&#8217;i gjeni detajet e kontaktit t\u00eb tyre n\u00eb gjurm\u00ebt e k\u00ebsaj faqeje interneti.<\/p>\n<p><strong>Si i mbledhim t\u00eb dh\u00ebnat tuaja?<\/strong> <br>Nga nj\u00ebra an\u00eb, t\u00eb dh\u00ebnat tuaja mblidhen kur na i jepni ato. K\u00ebto mund t\u00eb jen\u00eb, p\u00ebr shembull, t\u00eb dh\u00ebna q\u00eb futni n\u00eb nj\u00eb formular kontakti. T\u00eb dh\u00ebna t\u00eb tjera mblidhen automatikisht nga sistemet tona t\u00eb TI-s\u00eb kur vizitoni faqen e internetit. K\u00ebto jan\u00eb kryesisht t\u00eb dh\u00ebna teknike (p.sh. shfletuesi i internetit, sistemi operativ ose koha e hyrjes n\u00eb faqe). K\u00ebto t\u00eb dh\u00ebna mblidhen automatikisht sapo t\u00eb hyni n\u00eb faqen ton\u00eb t\u00eb internetit.<\/p>\n<p><strong>P\u00ebr \u00e7far\u00eb i p\u00ebrdorim t\u00eb dh\u00ebnat tuaja?<\/strong> <br>Disa nga t\u00eb dh\u00ebnat jan\u00eb mbledhur p\u00ebr t\u00eb siguruar q\u00eb faqja e internetit t\u00eb ofrohet pa gabime. T\u00eb dh\u00ebna t\u00eb tjera mund t\u00eb p\u00ebrdoren p\u00ebr t\u00eb analizuar sjelljen tuaj t\u00eb p\u00ebrdoruesit.<\/p>\n<p><strong>\u00c7far\u00eb t\u00eb drejtash keni n\u00eb lidhje me t\u00eb dh\u00ebnat tuaja?<\/strong> <br>Ju keni t\u00eb drejt\u00eb t\u00eb merrni informacion n\u00eb lidhje me origjin\u00ebn, marr\u00ebsin dhe q\u00ebllimin e t\u00eb dh\u00ebnave tuaja personale t\u00eb ruajtura pa pages\u00eb n\u00eb \u00e7do koh\u00eb. Ju gjithashtu keni t\u00eb drejt\u00eb t\u00eb k\u00ebrkoni q\u00eb k\u00ebto t\u00eb dh\u00ebna t\u00eb korrigjohen, bllokohen ose fshihen. Ju mund t\u00eb na kontaktoni n\u00eb \u00e7do koh\u00eb n\u00eb adres\u00ebn e dh\u00ebn\u00eb n\u00eb njoftimin ligjor n\u00ebse keni ndonj\u00eb pyetje t\u00eb m\u00ebtejshme n\u00eb lidhje me mbrojtjen e t\u00eb dh\u00ebnave. Ju gjithashtu keni t\u00eb drejt\u00eb t\u00eb b\u00ebni nj\u00eb ankes\u00eb pran\u00eb autoritetit mbik\u00ebqyr\u00ebs p\u00ebrgjegj\u00ebs.<\/p>\n<h3>2. Informacion i p\u00ebrgjithsh\u00ebm dhe informacion i detyruesh\u00ebm<\/h3>\n<h4>mbrojtjen e t\u00eb dh\u00ebnave<\/h4>\n<p>Operator\u00ebt e k\u00ebtyre faqeve e marrin shum\u00eb seriozisht mbrojtjen e t\u00eb dh\u00ebnave tuaja personale. Ne i trajtojm\u00eb t\u00eb dh\u00ebnat tuaja personale n\u00eb m\u00ebnyr\u00eb konfidenciale dhe n\u00eb p\u00ebrputhje me rregulloret ligjore p\u00ebr mbrojtjen e t\u00eb dh\u00ebnave dhe k\u00ebt\u00eb deklarat\u00eb p\u00ebr mbrojtjen e t\u00eb dh\u00ebnave. Kur p\u00ebrdorni k\u00ebt\u00eb faqe interneti, mblidhen t\u00eb dh\u00ebna t\u00eb ndryshme personale. T\u00eb dh\u00ebnat personale jan\u00eb t\u00eb dh\u00ebna q\u00eb mund t\u00eb p\u00ebrdoren p\u00ebr t&#8217;ju identifikuar personalisht. Kjo deklarat\u00eb p\u00ebr mbrojtjen e t\u00eb dh\u00ebnave shpjegon se cilat t\u00eb dh\u00ebna mbledhim dhe p\u00ebr \u00e7far\u00eb i p\u00ebrdorim ato. Ai gjithashtu shpjegon se si dhe p\u00ebr \u00e7far\u00eb q\u00ebllimi ndodh kjo. D\u00ebshirojm\u00eb t\u00eb theksojm\u00eb se transmetimi i t\u00eb dh\u00ebnave p\u00ebrmes internetit (p.sh. kur komunikohet me email) mund t\u00eb ket\u00eb boshll\u00ebqe sigurie. Mbrojtja e plot\u00eb e t\u00eb dh\u00ebnave nga aksesi nga pal\u00ebt e treta nuk \u00ebsht\u00eb e mundur.<\/p>\n<h4>Revokimi i p\u00eblqimit tuaj p\u00ebr p\u00ebrpunimin e t\u00eb dh\u00ebnave<\/h4>\n<p>Shum\u00eb operacione t\u00eb p\u00ebrpunimit t\u00eb t\u00eb dh\u00ebnave jan\u00eb t\u00eb mundshme vet\u00ebm me p\u00eblqimin tuaj t\u00eb shprehur. Ju mund t\u00eb revokoni \u00e7do p\u00eblqim q\u00eb keni dh\u00ebn\u00eb tashm\u00eb n\u00eb \u00e7do koh\u00eb. E t\u00ebra \u00e7far\u00eb ju duhet t\u00eb b\u00ebni \u00ebsht\u00eb t\u00eb na d\u00ebrgoni nj\u00eb email joformal. Ligjshm\u00ebria e p\u00ebrpunimit t\u00eb t\u00eb dh\u00ebnave t\u00eb kryer deri n\u00eb revokimin mbetet e paprekur nga revokimi. Kund\u00ebrshtimi ndaj emaileve reklamuese P\u00ebrdorimi i detajeve t\u00eb kontaktit t\u00eb publikuara si pjes\u00eb e detyrimit t\u00eb shtypur p\u00ebr t\u00eb d\u00ebrguar materiale reklamuese dhe informacioni t\u00eb pak\u00ebrkuara kund\u00ebrshtohet n\u00eb k\u00ebt\u00eb m\u00ebnyr\u00eb. Operator\u00ebt e faqeve rezervojn\u00eb shprehimisht t\u00eb drejt\u00ebn p\u00ebr t\u00eb nd\u00ebrmarr\u00eb veprime ligjore n\u00eb rast t\u00eb d\u00ebrgimit t\u00eb informacioneve reklamuese t\u00eb pak\u00ebrkuara, si\u00e7 jan\u00eb emailet e pad\u00ebshiruara.<\/p>\n<h3>3. Mbledhja e t\u00eb dh\u00ebnave n\u00eb faqen ton\u00eb t\u00eb internetit<\/h3>\n<h4>Biskota<\/h4>\n<p>Disa nga faqet e internetit p\u00ebrdorin t\u00eb ashtuquajturat cookie. Cookies nuk shkaktojn\u00eb ndonj\u00eb d\u00ebm n\u00eb kompjuterin tuaj dhe nuk p\u00ebrmbajn\u00eb viruse. Cookies sh\u00ebrbejn\u00eb p\u00ebr ta b\u00ebr\u00eb ofert\u00ebn ton\u00eb m\u00eb miq\u00ebsore, efektive dhe t\u00eb sigurt p\u00ebr p\u00ebrdoruesit. Cookies jan\u00eb skedar\u00eb t\u00eb vegj\u00ebl teksti q\u00eb ruhen n\u00eb kompjuterin tuaj dhe q\u00eb i ruan shfletuesi juaj. Shumica e cookies q\u00eb p\u00ebrdorim jan\u00eb t\u00eb ashtuquajturat &#8220;cookie sesioni&#8221;. Ato fshihen automatikisht pas vizit\u00ebs suaj. Kuki t\u00eb tjera mbeten t\u00eb ruajtura n\u00eb pajisjen tuaj derisa t&#8217;i fshini ato. K\u00ebto cookie na mund\u00ebsojn\u00eb t\u00eb njohim shfletuesin tuaj her\u00ebn tjet\u00ebr q\u00eb ta vizitoni. Ju mund ta vendosni shfletuesin tuaj n\u00eb m\u00ebnyr\u00eb q\u00eb t\u00eb jeni t\u00eb informuar p\u00ebr vendosjen e cookies dhe t\u00eb lejoni cookie-t vet\u00ebm n\u00eb raste individuale, t\u00eb p\u00ebrjashtoni pranimin e cookies p\u00ebr raste t\u00eb caktuara ose n\u00eb p\u00ebrgjith\u00ebsi dhe t\u00eb aktivizoni fshirjen automatike t\u00eb cookies kur mbyllni shfletuesin. N\u00ebse cookies jan\u00eb \u00e7aktivizuar, funksionaliteti i k\u00ebsaj faqe interneti mund t\u00eb kufizohet. Cookies q\u00eb jan\u00eb t\u00eb nevojshme p\u00ebr t\u00eb kryer procesin e komunikimit elektronik ose p\u00ebr t\u00eb ofruar funksione t\u00eb caktuara q\u00eb d\u00ebshironi (p.sh. funksioni i karroc\u00ebs s\u00eb blerjeve) p\u00ebrdoren n\u00eb baz\u00eb t\u00eb Nenit 6 Parag. 1 lit. f GDPR e ruajtur. Operatori i faqes s\u00eb internetit ka nj\u00eb interes legjitim n\u00eb ruajtjen e cookies n\u00eb m\u00ebnyr\u00eb q\u00eb t\u00eb ofroj\u00eb sh\u00ebrbimet e tij n\u00eb nj\u00eb m\u00ebnyr\u00eb teknikisht pa gabime dhe t\u00eb optimizuar. N\u00ebse ruhen skedar\u00eb t\u00eb tjer\u00eb cookie (p.sh. kuki p\u00ebr t\u00eb analizuar sjelljen tuaj n\u00eb surfim), ato do t\u00eb trajtohen ve\u00e7mas n\u00eb k\u00ebt\u00eb deklarat\u00eb p\u00ebr mbrojtjen e t\u00eb dh\u00ebnave.<\/p>\n<h4>Skedar\u00ebt e regjistrit t\u00eb serverit<\/h4>\n<p>Ofruesi i faqeve mbledh dhe ruan automatikisht informacionin n\u00eb t\u00eb ashtuquajturat skedar\u00eb t\u00eb regjistrimit t\u00eb serverit, t\u00eb cilat shfletuesi juaj na i transmeton automatikisht. K\u00ebto jan\u00eb:<\/p>\n<ul>\n<li>Lloji i shfletuesit dhe versioni i shfletuesit<\/li>\n<li>sistemi operativ i p\u00ebrdorur<\/li>\n<li>URL-ja e referuesit<\/li>\n<li>Emri i hostit t\u00eb kompjuterit q\u00eb hyn<\/li>\n<li>Koha e k\u00ebrkes\u00ebs s\u00eb serverit<\/li>\n<li>adresa IP<\/li>\n<\/ul>\n<p>K\u00ebto t\u00eb dh\u00ebna nuk do t\u00eb bashkohen me burime t\u00eb tjera t\u00eb dh\u00ebnash. Baza p\u00ebr p\u00ebrpunimin e t\u00eb dh\u00ebnave \u00ebsht\u00eb Neni 6 Parag. 1 lit. f GDPR, i cili lejon p\u00ebrpunimin e t\u00eb dh\u00ebnave p\u00ebr t\u00eb p\u00ebrmbushur nj\u00eb kontrat\u00eb ose masa parakontraktore.<\/p>\n<h4>Forma e Kontaktit <\/h4>\n<p>N\u00ebse na d\u00ebrgoni pyetje duke p\u00ebrdorur formularin e kontaktit, t\u00eb dh\u00ebnat tuaja nga formulari i k\u00ebrkes\u00ebs, duke p\u00ebrfshir\u00eb detajet e kontaktit q\u00eb keni dh\u00ebn\u00eb atje, do t\u00eb ruhen nga ne p\u00ebr t\u00eb p\u00ebrpunuar k\u00ebrkes\u00ebn dhe n\u00eb rast t\u00eb pyetjeve vijuese. Ne nuk do t&#8217;i kalojm\u00eb k\u00ebto t\u00eb dh\u00ebna pa p\u00eblqimin tuaj.<\/p>\n<p>Prandaj, t\u00eb dh\u00ebnat e futura n\u00eb formularin e kontaktit p\u00ebrpunohen ekskluzivisht n\u00eb baz\u00eb t\u00eb p\u00eblqimit tuaj (Neni 6 Paragrafi 1 lit. a GDPR). Ju mund ta revokoni k\u00ebt\u00eb p\u00eblqim n\u00eb \u00e7do koh\u00eb. E t\u00ebra \u00e7far\u00eb ju duhet t\u00eb b\u00ebni \u00ebsht\u00eb t\u00eb na d\u00ebrgoni nj\u00eb email joformal. Ligjshm\u00ebria e operacioneve t\u00eb p\u00ebrpunimit t\u00eb t\u00eb dh\u00ebnave t\u00eb kryera deri n\u00eb momentin e revokimit mbetet e paprekur nga revokimi.<\/p>\n<p>T\u00eb dh\u00ebnat q\u00eb futni n\u00eb formularin e kontaktit do t\u00eb mbeten me ne derisa t\u00eb na k\u00ebrkoni t&#8217;i fshijm\u00eb, t\u00eb revokojm\u00eb p\u00eblqimin tuaj p\u00ebr ruajtjen ose q\u00ebllimi p\u00ebr ruajtjen e t\u00eb dh\u00ebnave nuk zbatohet m\u00eb (p.sh. pasi k\u00ebrkesa juaj t\u00eb jet\u00eb p\u00ebrpunuar). Dispozitat ligjore t\u00eb detyrueshme \u2013 n\u00eb ve\u00e7anti periudhat e mbajtjes \u2013 mbeten t\u00eb paprekura.<\/p>\t\t\t\t\t\t\t\t<\/div>\n\t\t\t\t<\/div>\n\t\t\t\t\t<\/div>\n\t\t<\/div>\n\t\t\t\t\t<\/div>\n\t\t<\/section>\n\t\t\t\t<\/div>\n\t\t","protected":false},"excerpt":{"rendered":"<p>1. Mbrojtja e t\u00eb dh\u00ebnave me nj\u00eb shikim Informacion i pergjithshem Informacioni i m\u00ebposht\u00ebm ofron nj\u00eb pasqyr\u00eb t\u00eb thjesht\u00eb t\u00eb asaj q\u00eb ndodh me t\u00eb [&hellip;]<\/p>\n","protected":false},"author":1,"featured_media":0,"parent":0,"menu_order":0,"comment_status":"closed","ping_status":"open","template":"","meta":{"inline_featured_image":false,"site-sidebar-layout":"default","site-content-layout":"","ast-site-content-layout":"default","site-content-style":"default","site-sidebar-style":"default","ast-global-header-display":"","ast-banner-title-visibility":"","ast-main-header-display":"","ast-hfb-above-header-display":"","ast-hfb-below-header-display":"","ast-hfb-mobile-header-display":"","site-post-title":"","ast-breadcrumbs-content":"","ast-featured-img":"","footer-sml-layout":"","ast-disable-related-posts":"","theme-transparent-header-meta":"","adv-header-id-meta":"","stick-header-meta":"","header-above-stick-meta":"","header-main-stick-meta":"","header-below-stick-meta":"","astra-migrate-meta-layouts":"default","ast-page-background-enabled":"default","ast-page-background-meta":{"desktop":{"background-color":"","background-image":"","background-repeat":"repeat","background-position":"center center","background-size":"auto","background-attachment":"scroll","background-type":"","background-media":"","overlay-type":"","overlay-color":"","overlay-opacity":"","overlay-gradient":""},"tablet":{"background-color":"","background-image":"","background-repeat":"repeat","background-position":"center center","background-size":"auto","background-attachment":"scroll","background-type":"","background-media":"","overlay-type":"","overlay-color":"","overlay-opacity":"","overlay-gradient":""},"mobile":{"background-color":"","background-image":"","background-repeat":"repeat","background-position":"center center","background-size":"auto","background-attachment":"scroll","background-type":"","background-media":"","overlay-type":"","overlay-color":"","overlay-opacity":"","overlay-gradient":""}},"ast-content-background-meta":{"desktop":{"background-color":"var(--ast-global-color-5)","background-image":"","background-repeat":"repeat","background-position":"center center","background-size":"auto","background-attachment":"scroll","background-type":"","background-media":"","overlay-type":"","overlay-color":"","overlay-opacity":"","overlay-gradient":""},"tablet":{"background-color":"var(--ast-global-color-5)","background-image":"","background-repeat":"repeat","background-position":"center center","background-size":"auto","background-attachment":"scroll","background-type":"","background-media":"","overlay-type":"","overlay-color":"","overlay-opacity":"","overlay-gradient":""},"mobile":{"background-color":"var(--ast-global-color-5)","background-image":"","background-repeat":"repeat","background-position":"center center","background-size":"auto","background-attachment":"scroll","background-type":"","background-media":"","overlay-type":"","overlay-color":"","overlay-opacity":"","overlay-gradient":""}}},"class_list":["post-5469","page","type-page","status-publish","hentry"],"yoast_head":"<!-- This site is optimized with the Yoast SEO plugin v27.4 - https:\/\/yoast.com\/product\/yoast-seo-wordpress\/ -->\n<title>Mbrojtja e t\u00eb dh\u00ebnave - St. Katharina Grundschule Heinsberg<\/title>\n<meta name=\"robots\" content=\"index, follow, max-snippet:-1, max-image-preview:large, max-video-preview:-1\" \/>\n<link rel=\"canonical\" href=\"https:\/\/grundschule-heinsberg.de\/sq\/mbrojtja-e-te-dhenave\/\" \/>\n<meta property=\"og:locale\" content=\"sq_AL\" \/>\n<meta property=\"og:type\" content=\"article\" \/>\n<meta property=\"og:title\" content=\"Mbrojtja e t\u00eb dh\u00ebnave - St. Katharina Grundschule Heinsberg\" \/>\n<meta property=\"og:description\" content=\"1. Mbrojtja e t\u00eb dh\u00ebnave me nj\u00eb shikim Informacion i pergjithshem Informacioni i m\u00ebposht\u00ebm ofron nj\u00eb pasqyr\u00eb t\u00eb thjesht\u00eb t\u00eb asaj q\u00eb ndodh me t\u00eb [&hellip;]\" \/>\n<meta property=\"og:url\" content=\"https:\/\/grundschule-heinsberg.de\/sq\/mbrojtja-e-te-dhenave\/\" \/>\n<meta property=\"og:site_name\" content=\"St. Katharina Grundschule Heinsberg\" \/>\n<meta property=\"article:modified_time\" content=\"2024-03-07T13:32:11+00:00\" \/>\n<meta property=\"og:image\" content=\"https:\/\/grundschule-heinsberg.de\/wp-content\/uploads\/2023\/03\/head_aussenansicht-grundschule-heinsberg.jpg\" \/>\n\t<meta property=\"og:image:width\" content=\"1080\" \/>\n\t<meta property=\"og:image:height\" content=\"810\" \/>\n\t<meta property=\"og:image:type\" content=\"image\/jpeg\" \/>\n<meta name=\"twitter:card\" content=\"summary_large_image\" \/>\n<meta name=\"twitter:label1\" content=\"Est. reading time\" \/>\n\t<meta name=\"twitter:data1\" content=\"7 minutes\" \/>\n<script type=\"application\/ld+json\" class=\"yoast-schema-graph\">{\"@context\":\"https:\\\/\\\/schema.org\",\"@graph\":[{\"@type\":\"WebPage\",\"@id\":\"https:\\\/\\\/grundschule-heinsberg.de\\\/sq\\\/mbrojtja-e-te-dhenave\\\/\",\"url\":\"https:\\\/\\\/grundschule-heinsberg.de\\\/sq\\\/mbrojtja-e-te-dhenave\\\/\",\"name\":\"Mbrojtja e t\u00eb dh\u00ebnave - St. Katharina Grundschule Heinsberg\",\"isPartOf\":{\"@id\":\"https:\\\/\\\/grundschule-heinsberg.de\\\/sq\\\/#website\"},\"datePublished\":\"2023-03-09T09:48:51+00:00\",\"dateModified\":\"2024-03-07T13:32:11+00:00\",\"breadcrumb\":{\"@id\":\"https:\\\/\\\/grundschule-heinsberg.de\\\/sq\\\/mbrojtja-e-te-dhenave\\\/#breadcrumb\"},\"inLanguage\":\"sq-AL\",\"potentialAction\":[{\"@type\":\"ReadAction\",\"target\":[\"https:\\\/\\\/grundschule-heinsberg.de\\\/sq\\\/mbrojtja-e-te-dhenave\\\/\"]}]},{\"@type\":\"BreadcrumbList\",\"@id\":\"https:\\\/\\\/grundschule-heinsberg.de\\\/sq\\\/mbrojtja-e-te-dhenave\\\/#breadcrumb\",\"itemListElement\":[{\"@type\":\"ListItem\",\"position\":1,\"name\":\"Startseite\",\"item\":\"https:\\\/\\\/grundschule-heinsberg.de\\\/sq\\\/\"},{\"@type\":\"ListItem\",\"position\":2,\"name\":\"Mbrojtja e t\u00eb dh\u00ebnave\"}]},{\"@type\":\"WebSite\",\"@id\":\"https:\\\/\\\/grundschule-heinsberg.de\\\/sq\\\/#website\",\"url\":\"https:\\\/\\\/grundschule-heinsberg.de\\\/sq\\\/\",\"name\":\"St. Katharina Grundschule Heinsberg\",\"description\":\"f\u00fcreinander, voneinander, gemeinsam und individuell: Hand in Hand auf dem Weg in die Zukunft\",\"publisher\":{\"@id\":\"https:\\\/\\\/grundschule-heinsberg.de\\\/sq\\\/#organization\"},\"potentialAction\":[{\"@type\":\"SearchAction\",\"target\":{\"@type\":\"EntryPoint\",\"urlTemplate\":\"https:\\\/\\\/grundschule-heinsberg.de\\\/sq\\\/?s={search_term_string}\"},\"query-input\":{\"@type\":\"PropertyValueSpecification\",\"valueRequired\":true,\"valueName\":\"search_term_string\"}}],\"inLanguage\":\"sq-AL\"},{\"@type\":\"Organization\",\"@id\":\"https:\\\/\\\/grundschule-heinsberg.de\\\/sq\\\/#organization\",\"name\":\"St. Katharina Grundschule Heinsberg\",\"url\":\"https:\\\/\\\/grundschule-heinsberg.de\\\/sq\\\/\",\"logo\":{\"@type\":\"ImageObject\",\"inLanguage\":\"sq-AL\",\"@id\":\"https:\\\/\\\/grundschule-heinsberg.de\\\/sq\\\/#\\\/schema\\\/logo\\\/image\\\/\",\"url\":\"https:\\\/\\\/grundschule-heinsberg.de\\\/wp-content\\\/uploads\\\/2023\\\/03\\\/230307_Grundschule-Heinsberg_Logo_RGB.svg\",\"contentUrl\":\"https:\\\/\\\/grundschule-heinsberg.de\\\/wp-content\\\/uploads\\\/2023\\\/03\\\/230307_Grundschule-Heinsberg_Logo_RGB.svg\",\"width\":311,\"height\":135,\"caption\":\"St. Katharina Grundschule Heinsberg\"},\"image\":{\"@id\":\"https:\\\/\\\/grundschule-heinsberg.de\\\/sq\\\/#\\\/schema\\\/logo\\\/image\\\/\"}}]}<\/script>\n<!-- \/ Yoast SEO plugin. -->","yoast_head_json":{"title":"Mbrojtja e t\u00eb dh\u00ebnave - St. Katharina Grundschule Heinsberg","robots":{"index":"index","follow":"follow","max-snippet":"max-snippet:-1","max-image-preview":"max-image-preview:large","max-video-preview":"max-video-preview:-1"},"canonical":"https:\/\/grundschule-heinsberg.de\/sq\/mbrojtja-e-te-dhenave\/","og_locale":"sq_AL","og_type":"article","og_title":"Mbrojtja e t\u00eb dh\u00ebnave - St. Katharina Grundschule Heinsberg","og_description":"1. Mbrojtja e t\u00eb dh\u00ebnave me nj\u00eb shikim Informacion i pergjithshem Informacioni i m\u00ebposht\u00ebm ofron nj\u00eb pasqyr\u00eb t\u00eb thjesht\u00eb t\u00eb asaj q\u00eb ndodh me t\u00eb [&hellip;]","og_url":"https:\/\/grundschule-heinsberg.de\/sq\/mbrojtja-e-te-dhenave\/","og_site_name":"St. Katharina Grundschule Heinsberg","article_modified_time":"2024-03-07T13:32:11+00:00","og_image":[{"width":1080,"height":810,"url":"https:\/\/grundschule-heinsberg.de\/wp-content\/uploads\/2023\/03\/head_aussenansicht-grundschule-heinsberg.jpg","type":"image\/jpeg"}],"twitter_card":"summary_large_image","twitter_misc":{"Est. reading time":"7 minutes"},"schema":{"@context":"https:\/\/schema.org","@graph":[{"@type":"WebPage","@id":"https:\/\/grundschule-heinsberg.de\/sq\/mbrojtja-e-te-dhenave\/","url":"https:\/\/grundschule-heinsberg.de\/sq\/mbrojtja-e-te-dhenave\/","name":"Mbrojtja e t\u00eb dh\u00ebnave - St. Katharina Grundschule Heinsberg","isPartOf":{"@id":"https:\/\/grundschule-heinsberg.de\/sq\/#website"},"datePublished":"2023-03-09T09:48:51+00:00","dateModified":"2024-03-07T13:32:11+00:00","breadcrumb":{"@id":"https:\/\/grundschule-heinsberg.de\/sq\/mbrojtja-e-te-dhenave\/#breadcrumb"},"inLanguage":"sq-AL","potentialAction":[{"@type":"ReadAction","target":["https:\/\/grundschule-heinsberg.de\/sq\/mbrojtja-e-te-dhenave\/"]}]},{"@type":"BreadcrumbList","@id":"https:\/\/grundschule-heinsberg.de\/sq\/mbrojtja-e-te-dhenave\/#breadcrumb","itemListElement":[{"@type":"ListItem","position":1,"name":"Startseite","item":"https:\/\/grundschule-heinsberg.de\/sq\/"},{"@type":"ListItem","position":2,"name":"Mbrojtja e t\u00eb dh\u00ebnave"}]},{"@type":"WebSite","@id":"https:\/\/grundschule-heinsberg.de\/sq\/#website","url":"https:\/\/grundschule-heinsberg.de\/sq\/","name":"St. Katharina Grundschule Heinsberg","description":"f\u00fcreinander, voneinander, gemeinsam und individuell: Hand in Hand auf dem Weg in die Zukunft","publisher":{"@id":"https:\/\/grundschule-heinsberg.de\/sq\/#organization"},"potentialAction":[{"@type":"SearchAction","target":{"@type":"EntryPoint","urlTemplate":"https:\/\/grundschule-heinsberg.de\/sq\/?s={search_term_string}"},"query-input":{"@type":"PropertyValueSpecification","valueRequired":true,"valueName":"search_term_string"}}],"inLanguage":"sq-AL"},{"@type":"Organization","@id":"https:\/\/grundschule-heinsberg.de\/sq\/#organization","name":"St. Katharina Grundschule Heinsberg","url":"https:\/\/grundschule-heinsberg.de\/sq\/","logo":{"@type":"ImageObject","inLanguage":"sq-AL","@id":"https:\/\/grundschule-heinsberg.de\/sq\/#\/schema\/logo\/image\/","url":"https:\/\/grundschule-heinsberg.de\/wp-content\/uploads\/2023\/03\/230307_Grundschule-Heinsberg_Logo_RGB.svg","contentUrl":"https:\/\/grundschule-heinsberg.de\/wp-content\/uploads\/2023\/03\/230307_Grundschule-Heinsberg_Logo_RGB.svg","width":311,"height":135,"caption":"St. Katharina Grundschule Heinsberg"},"image":{"@id":"https:\/\/grundschule-heinsberg.de\/sq\/#\/schema\/logo\/image\/"}}]}},"_links":{"self":[{"href":"https:\/\/grundschule-heinsberg.de\/sq\/wp-json\/wp\/v2\/pages\/5469","targetHints":{"allow":["GET"]}}],"collection":[{"href":"https:\/\/grundschule-heinsberg.de\/sq\/wp-json\/wp\/v2\/pages"}],"about":[{"href":"https:\/\/grundschule-heinsberg.de\/sq\/wp-json\/wp\/v2\/types\/page"}],"author":[{"embeddable":true,"href":"https:\/\/grundschule-heinsberg.de\/sq\/wp-json\/wp\/v2\/users\/1"}],"replies":[{"embeddable":true,"href":"https:\/\/grundschule-heinsberg.de\/sq\/wp-json\/wp\/v2\/comments?post=5469"}],"version-history":[{"count":0,"href":"https:\/\/grundschule-heinsberg.de\/sq\/wp-json\/wp\/v2\/pages\/5469\/revisions"}],"wp:attachment":[{"href":"https:\/\/grundschule-heinsberg.de\/sq\/wp-json\/wp\/v2\/media?parent=5469"}],"curies":[{"name":"wp","href":"https:\/\/api.w.org\/{rel}","templated":true}]}}