{"id":7280,"date":"2024-05-21T09:55:56","date_gmt":"2024-05-21T07:55:56","guid":{"rendered":"https:\/\/grundschule-heinsberg.de\/shkolle-me-kafshate\/"},"modified":"2024-05-22T21:41:13","modified_gmt":"2024-05-22T19:41:13","slug":"shkolle-me-kafshate","status":"publish","type":"page","link":"https:\/\/grundschule-heinsberg.de\/sq\/shkolle-me-kafshate\/","title":{"rendered":"Shkoll\u00eb me kafshat\u00eb"},"content":{"rendered":"\t\t<div data-elementor-type=\"wp-page\" data-elementor-id=\"7280\" class=\"elementor elementor-7280 elementor-7253\">\n\t\t\t\t\t\t<section class=\"elementor-section elementor-top-section elementor-element elementor-element-2957ae8 elementor-section-content-middle elementor-section-full_width elementor-section-height-default elementor-section-height-default\" data-id=\"2957ae8\" data-element_type=\"section\" data-settings=\"{&quot;background_background&quot;:&quot;classic&quot;}\">\n\t\t\t\t\t\t<div class=\"elementor-container elementor-column-gap-wide\">\n\t\t\t\t\t<div class=\"elementor-column elementor-col-50 elementor-top-column elementor-element elementor-element-8dcf5bc\" data-id=\"8dcf5bc\" data-element_type=\"column\" data-settings=\"{&quot;background_background&quot;:&quot;classic&quot;}\">\n\t\t\t<div class=\"elementor-widget-wrap\">\n\t\t\t\t\t\t\t<\/div>\n\t\t<\/div>\n\t\t\t\t<div class=\"elementor-column elementor-col-50 elementor-top-column elementor-element elementor-element-1ef8d77\" data-id=\"1ef8d77\" data-element_type=\"column\" data-settings=\"{&quot;background_background&quot;:&quot;classic&quot;}\">\n\t\t\t<div class=\"elementor-widget-wrap\">\n\t\t\t\t\t\t\t<\/div>\n\t\t<\/div>\n\t\t\t\t\t<\/div>\n\t\t<\/section>\n\t\t\t\t<section class=\"elementor-section elementor-top-section elementor-element elementor-element-450eede elementor-section-boxed elementor-section-height-default elementor-section-height-default\" data-id=\"450eede\" data-element_type=\"section\">\n\t\t\t\t\t\t<div class=\"elementor-container elementor-column-gap-default\">\n\t\t\t\t\t<div class=\"elementor-column elementor-col-50 elementor-top-column elementor-element elementor-element-838a6e3\" data-id=\"838a6e3\" data-element_type=\"column\">\n\t\t\t<div class=\"elementor-widget-wrap elementor-element-populated\">\n\t\t\t\t\t\t<div class=\"elementor-element elementor-element-053bdaf elementor-widget-mobile__width-inherit elementor-widget elementor-widget-uael-advanced-heading\" data-id=\"053bdaf\" data-element_type=\"widget\" data-widget_type=\"uael-advanced-heading.default\">\n\t\t\t\t<div class=\"elementor-widget-container\">\n\t\t\t\t\t\n\t\t<div class=\"uael-module-content uael-heading-wrapper\">\n\t\t\t\t\t\t\n\t\t\t<h2 class=\"uael-heading\">\n\t\t\t\t\t\t\t\t\t\t<span class=\"uael-heading-text elementor-inline-editing uael-size--xl\" data-elementor-setting-key=\"heading_title\" data-elementor-inline-editing-toolbar=\"basic\">Shkoll\u00eb me kafshat\u00eb<\/span>\n\t\t\t\t\t\t\t<\/h2>\n\n\t\t\t\t\t\t\t<div class=\"uael-sub-heading elementor-inline-editing\" data-elementor-setting-key=\"sub_heading\" data-elementor-inline-editing-toolbar=\"advanced\" ><p>Ne jemi zyrtarisht nj\u00eb \"shkoll\u00eb me kafshat\u00eb\" q\u00eb nga 14 marsi 2024.<\/p><\/div>\n\t\t\t\n\t\t\t\n\t\t\t\n\t\t\t\t\t\t<\/div>\n\t\t\t\t\t\t<\/div>\n\t\t\t\t<\/div>\n\t\t\t\t<div class=\"elementor-element elementor-element-88a6eb0 elementor-widget elementor-widget-text-editor\" data-id=\"88a6eb0\" data-element_type=\"widget\" data-widget_type=\"text-editor.default\">\n\t\t\t\t<div class=\"elementor-widget-container\">\n\t\t\t\t\t\t\t\t\t<div>\n<p><u>Kjo \u00ebsht\u00eb ajo q\u00eb na dallon:<\/u><\/p>\n<\/div>\n<div>\n<p>Larja e dh\u00ebmb\u00ebve n\u00eb shkoll\u00ebn e hapur gjith\u00ebditore ka qen\u00eb prej koh\u00ebsh nj\u00eb nga ritualet tona t\u00eb rregullta. Sepse vet\u00ebm dh\u00ebmb\u00ebt e lar\u00eb mir\u00eb jan\u00eb t\u00eb bukur dhe t\u00eb sh\u00ebndetsh\u00ebm. Rregulli yn\u00eb Kai i mb\u00ebshtet f\u00ebmij\u00ebt n\u00eb pastrimin e plot\u00eb. Ne gjithashtu ofrojm\u00eb rregullisht nj\u00eb projekt t\u00eb larjes s\u00eb dh\u00ebmb\u00ebve.<\/p>\n<\/div>\n<div>\n<p>F\u00ebmij\u00ebt gjat\u00eb gjith\u00eb dit\u00ebs zhvillojn\u00eb standarde p\u00ebr drek\u00ebn n\u00eb m\u00ebnyr\u00eb q\u00eb t\u00eb optimizojn\u00eb ofert\u00ebn e ekuilibruar t\u00eb furnizuesit ton\u00eb, p\u00ebr shembull duke shtuar nj\u00eb sallate.<\/p>\n<\/div>\n<div>\n<p>Dentisti i shkoll\u00ebs viziton \u00e7do vit dhe kontrollon sh\u00ebndetin e dh\u00ebmb\u00ebve. Vizita plot\u00ebsohet nga projekti \u201cI sh\u00ebndetsh\u00ebm n\u00eb goj\u00eb\u201d, i cili ofrohet nga Grupi i Pun\u00ebs p\u00ebr Sh\u00ebndetin Dentar.<\/p>\n<\/div>\n<div>\n<p><u>E r\u00ebnd\u00ebsishme:<\/u> \u00c7do f\u00ebmij\u00eb mund t\u00eb vizitoj\u00eb dentistin pa pages\u00eb. Kjo siguron sh\u00ebndetin e dh\u00ebmb\u00ebve tuaj.<\/p>\n<\/div>\n<div>\n<p>Kontrolli yn\u00eb i m\u00ebngjesit gjat\u00eb m\u00ebngjesit t\u00eb p\u00ebrbashk\u00ebt t\u00eb shkoll\u00ebs n\u00eb klasa i ndihmon t\u00eb gjith\u00eb f\u00ebmij\u00ebt t\u00eb sigurojn\u00eb q\u00eb t\u00eb ken\u00eb nj\u00eb m\u00ebngjes t\u00eb sh\u00ebndetsh\u00ebm me fruta, perime t\u00eb pap\u00ebrpunuara dhe buk\u00eb me drith\u00ebra.<\/p>\n<\/div>\n<div>\n<p>F\u00ebmij\u00ebt tan\u00eb mund t\u00eb ken\u00eb gjithmon\u00eb akses n\u00eb 57ujin, i cili financohet nga donacione. N\u00eb shkoll\u00ebn e hapur gjith\u00ebditore uji plot\u00ebsohet me pije t\u00eb tjera pa sheqer.<\/p>\n<\/div>\n<div>\n<p>Zhvillimi i kujdesit t\u00eb duhur dentar sigurisht q\u00eb diskutohet t\u00ebr\u00ebsisht edhe n\u00eb m\u00ebsimet teknike.<\/p>\n<\/div>\n<div>\n<p><strong>S\u00eb bashku kund\u00ebr prishjes s\u00eb dh\u00ebmb\u00ebve!!<\/strong><\/p>\n<\/div>\n\t\t\t\t\t\t\t\t<\/div>\n\t\t\t\t<\/div>\n\t\t\t\t\t<\/div>\n\t\t<\/div>\n\t\t\t\t<div class=\"elementor-column elementor-col-50 elementor-top-column elementor-element elementor-element-ebc15e8\" data-id=\"ebc15e8\" data-element_type=\"column\" data-settings=\"{&quot;background_background&quot;:&quot;classic&quot;}\">\n\t\t\t<div class=\"elementor-widget-wrap elementor-element-populated\">\n\t\t\t\t\t\t<div class=\"elementor-element elementor-element-c195af8 elementor-widget elementor-widget-image\" data-id=\"c195af8\" data-element_type=\"widget\" data-widget_type=\"image.default\">\n\t\t\t\t<div class=\"elementor-widget-container\">\n\t\t\t\t\t\t\t\t\t\t\t\t\t\t\t<img fetchpriority=\"high\" decoding=\"async\" width=\"640\" height=\"495\" src=\"https:\/\/grundschule-heinsberg.de\/wp-content\/uploads\/2024\/05\/schule-mit-biss-logo-png-e1716123126101.png\" class=\"attachment-large size-large wp-image-7235\" alt=\"\" \/>\t\t\t\t\t\t\t\t\t\t\t\t\t\t\t<\/div>\n\t\t\t\t<\/div>\n\t\t\t\t\t<\/div>\n\t\t<\/div>\n\t\t\t\t\t<\/div>\n\t\t<\/section>\n\t\t\t\t<\/div>\n\t\t","protected":false},"excerpt":{"rendered":"<p>Shkoll\u00eb me kafshat\u00eb Ne jemi zyrtarisht nj\u00eb &#8220;shkoll\u00eb me kafshat\u00eb&#8221; q\u00eb nga 14 marsi 2024. Kjo \u00ebsht\u00eb ajo q\u00eb na dallon: Larja e dh\u00ebmb\u00ebve n\u00eb [&hellip;]<\/p>\n","protected":false},"author":1,"featured_media":0,"parent":0,"menu_order":0,"comment_status":"closed","ping_status":"closed","template":"","meta":{"inline_featured_image":false,"site-sidebar-layout":"no-sidebar","site-content-layout":"page-builder","ast-site-content-layout":"full-width-container","site-content-style":"unboxed","site-sidebar-style":"unboxed","ast-global-header-display":"","ast-banner-title-visibility":"","ast-main-header-display":"","ast-hfb-above-header-display":"","ast-hfb-below-header-display":"","ast-hfb-mobile-header-display":"","site-post-title":"disabled","ast-breadcrumbs-content":"","ast-featured-img":"disabled","footer-sml-layout":"","ast-disable-related-posts":"","theme-transparent-header-meta":"","adv-header-id-meta":"","stick-header-meta":"","header-above-stick-meta":"","header-main-stick-meta":"","header-below-stick-meta":"","astra-migrate-meta-layouts":"default","ast-page-background-enabled":"default","ast-page-background-meta":{"desktop":{"background-color":"","background-image":"","background-repeat":"repeat","background-position":"center center","background-size":"auto","background-attachment":"scroll","background-type":"","background-media":"","overlay-type":"","overlay-color":"","overlay-opacity":"","overlay-gradient":""},"tablet":{"background-color":"","background-image":"","background-repeat":"repeat","background-position":"center center","background-size":"auto","background-attachment":"scroll","background-type":"","background-media":"","overlay-type":"","overlay-color":"","overlay-opacity":"","overlay-gradient":""},"mobile":{"background-color":"","background-image":"","background-repeat":"repeat","background-position":"center center","background-size":"auto","background-attachment":"scroll","background-type":"","background-media":"","overlay-type":"","overlay-color":"","overlay-opacity":"","overlay-gradient":""}},"ast-content-background-meta":{"desktop":{"background-color":"var(--ast-global-color-5)","background-image":"","background-repeat":"repeat","background-position":"center center","background-size":"auto","background-attachment":"scroll","background-type":"","background-media":"","overlay-type":"","overlay-color":"","overlay-opacity":"","overlay-gradient":""},"tablet":{"background-color":"var(--ast-global-color-5)","background-image":"","background-repeat":"repeat","background-position":"center center","background-size":"auto","background-attachment":"scroll","background-type":"","background-media":"","overlay-type":"","overlay-color":"","overlay-opacity":"","overlay-gradient":""},"mobile":{"background-color":"var(--ast-global-color-5)","background-image":"","background-repeat":"repeat","background-position":"center center","background-size":"auto","background-attachment":"scroll","background-type":"","background-media":"","overlay-type":"","overlay-color":"","overlay-opacity":"","overlay-gradient":""}}},"class_list":["post-7280","page","type-page","status-publish","hentry"],"yoast_head":"<!-- This site is optimized with the Yoast SEO plugin v27.5 - https:\/\/yoast.com\/product\/yoast-seo-wordpress\/ -->\n<title>Shkoll\u00eb me kafshat\u00eb - St. Katharina Grundschule Heinsberg<\/title>\n<meta name=\"robots\" content=\"index, follow, max-snippet:-1, max-image-preview:large, max-video-preview:-1\" \/>\n<link rel=\"canonical\" href=\"https:\/\/grundschule-heinsberg.de\/sq\/shkolle-me-kafshate\/\" \/>\n<meta property=\"og:locale\" content=\"sq_AL\" \/>\n<meta property=\"og:type\" content=\"article\" \/>\n<meta property=\"og:title\" content=\"Shkoll\u00eb me kafshat\u00eb - St. Katharina Grundschule Heinsberg\" \/>\n<meta property=\"og:description\" content=\"Shkoll\u00eb me kafshat\u00eb Ne jemi zyrtarisht nj\u00eb &#8220;shkoll\u00eb me kafshat\u00eb&#8221; q\u00eb nga 14 marsi 2024. Kjo \u00ebsht\u00eb ajo q\u00eb na dallon: Larja e dh\u00ebmb\u00ebve n\u00eb [&hellip;]\" \/>\n<meta property=\"og:url\" content=\"https:\/\/grundschule-heinsberg.de\/sq\/shkolle-me-kafshate\/\" \/>\n<meta property=\"og:site_name\" content=\"St. Katharina Grundschule Heinsberg\" \/>\n<meta property=\"article:modified_time\" content=\"2024-05-22T19:41:13+00:00\" \/>\n<meta property=\"og:image\" content=\"https:\/\/grundschule-heinsberg.de\/wp-content\/uploads\/2024\/05\/schule-mit-biss-logo-png-e1716123126101.png\" \/>\n<meta name=\"twitter:card\" content=\"summary_large_image\" \/>\n<meta name=\"twitter:label1\" content=\"Est. reading time\" \/>\n\t<meta name=\"twitter:data1\" content=\"1 minute\" \/>\n<script type=\"application\/ld+json\" class=\"yoast-schema-graph\">{\"@context\":\"https:\\\/\\\/schema.org\",\"@graph\":[{\"@type\":\"WebPage\",\"@id\":\"https:\\\/\\\/grundschule-heinsberg.de\\\/sq\\\/shkolle-me-kafshate\\\/\",\"url\":\"https:\\\/\\\/grundschule-heinsberg.de\\\/sq\\\/shkolle-me-kafshate\\\/\",\"name\":\"Shkoll\u00eb me kafshat\u00eb - St. Katharina Grundschule Heinsberg\",\"isPartOf\":{\"@id\":\"https:\\\/\\\/grundschule-heinsberg.de\\\/sq\\\/#website\"},\"primaryImageOfPage\":{\"@id\":\"https:\\\/\\\/grundschule-heinsberg.de\\\/sq\\\/shkolle-me-kafshate\\\/#primaryimage\"},\"image\":{\"@id\":\"https:\\\/\\\/grundschule-heinsberg.de\\\/sq\\\/shkolle-me-kafshate\\\/#primaryimage\"},\"thumbnailUrl\":\"https:\\\/\\\/grundschule-heinsberg.de\\\/wp-content\\\/uploads\\\/2024\\\/05\\\/schule-mit-biss-logo-png-e1716123126101.png\",\"datePublished\":\"2024-05-21T07:55:56+00:00\",\"dateModified\":\"2024-05-22T19:41:13+00:00\",\"breadcrumb\":{\"@id\":\"https:\\\/\\\/grundschule-heinsberg.de\\\/sq\\\/shkolle-me-kafshate\\\/#breadcrumb\"},\"inLanguage\":\"sq-AL\",\"potentialAction\":[{\"@type\":\"ReadAction\",\"target\":[\"https:\\\/\\\/grundschule-heinsberg.de\\\/sq\\\/shkolle-me-kafshate\\\/\"]}]},{\"@type\":\"ImageObject\",\"inLanguage\":\"sq-AL\",\"@id\":\"https:\\\/\\\/grundschule-heinsberg.de\\\/sq\\\/shkolle-me-kafshate\\\/#primaryimage\",\"url\":\"https:\\\/\\\/grundschule-heinsberg.de\\\/wp-content\\\/uploads\\\/2024\\\/05\\\/schule-mit-biss-logo-png-e1716123126101.png\",\"contentUrl\":\"https:\\\/\\\/grundschule-heinsberg.de\\\/wp-content\\\/uploads\\\/2024\\\/05\\\/schule-mit-biss-logo-png-e1716123126101.png\"},{\"@type\":\"BreadcrumbList\",\"@id\":\"https:\\\/\\\/grundschule-heinsberg.de\\\/sq\\\/shkolle-me-kafshate\\\/#breadcrumb\",\"itemListElement\":[{\"@type\":\"ListItem\",\"position\":1,\"name\":\"Startseite\",\"item\":\"https:\\\/\\\/grundschule-heinsberg.de\\\/sq\\\/\"},{\"@type\":\"ListItem\",\"position\":2,\"name\":\"Shkoll\u00eb me kafshat\u00eb\"}]},{\"@type\":\"WebSite\",\"@id\":\"https:\\\/\\\/grundschule-heinsberg.de\\\/sq\\\/#website\",\"url\":\"https:\\\/\\\/grundschule-heinsberg.de\\\/sq\\\/\",\"name\":\"St. Katharina Grundschule Heinsberg\",\"description\":\"f\u00fcreinander, voneinander, gemeinsam und individuell: Hand in Hand auf dem Weg in die Zukunft\",\"publisher\":{\"@id\":\"https:\\\/\\\/grundschule-heinsberg.de\\\/sq\\\/#organization\"},\"potentialAction\":[{\"@type\":\"SearchAction\",\"target\":{\"@type\":\"EntryPoint\",\"urlTemplate\":\"https:\\\/\\\/grundschule-heinsberg.de\\\/sq\\\/?s={search_term_string}\"},\"query-input\":{\"@type\":\"PropertyValueSpecification\",\"valueRequired\":true,\"valueName\":\"search_term_string\"}}],\"inLanguage\":\"sq-AL\"},{\"@type\":\"Organization\",\"@id\":\"https:\\\/\\\/grundschule-heinsberg.de\\\/sq\\\/#organization\",\"name\":\"St. Katharina Grundschule Heinsberg\",\"url\":\"https:\\\/\\\/grundschule-heinsberg.de\\\/sq\\\/\",\"logo\":{\"@type\":\"ImageObject\",\"inLanguage\":\"sq-AL\",\"@id\":\"https:\\\/\\\/grundschule-heinsberg.de\\\/sq\\\/#\\\/schema\\\/logo\\\/image\\\/\",\"url\":\"https:\\\/\\\/grundschule-heinsberg.de\\\/wp-content\\\/uploads\\\/2023\\\/03\\\/230307_Grundschule-Heinsberg_Logo_RGB.svg\",\"contentUrl\":\"https:\\\/\\\/grundschule-heinsberg.de\\\/wp-content\\\/uploads\\\/2023\\\/03\\\/230307_Grundschule-Heinsberg_Logo_RGB.svg\",\"width\":311,\"height\":135,\"caption\":\"St. Katharina Grundschule Heinsberg\"},\"image\":{\"@id\":\"https:\\\/\\\/grundschule-heinsberg.de\\\/sq\\\/#\\\/schema\\\/logo\\\/image\\\/\"}}]}<\/script>\n<!-- \/ Yoast SEO plugin. -->","yoast_head_json":{"title":"Shkoll\u00eb me kafshat\u00eb - St. Katharina Grundschule Heinsberg","robots":{"index":"index","follow":"follow","max-snippet":"max-snippet:-1","max-image-preview":"max-image-preview:large","max-video-preview":"max-video-preview:-1"},"canonical":"https:\/\/grundschule-heinsberg.de\/sq\/shkolle-me-kafshate\/","og_locale":"sq_AL","og_type":"article","og_title":"Shkoll\u00eb me kafshat\u00eb - St. Katharina Grundschule Heinsberg","og_description":"Shkoll\u00eb me kafshat\u00eb Ne jemi zyrtarisht nj\u00eb &#8220;shkoll\u00eb me kafshat\u00eb&#8221; q\u00eb nga 14 marsi 2024. Kjo \u00ebsht\u00eb ajo q\u00eb na dallon: Larja e dh\u00ebmb\u00ebve n\u00eb [&hellip;]","og_url":"https:\/\/grundschule-heinsberg.de\/sq\/shkolle-me-kafshate\/","og_site_name":"St. Katharina Grundschule Heinsberg","article_modified_time":"2024-05-22T19:41:13+00:00","og_image":[{"url":"https:\/\/grundschule-heinsberg.de\/wp-content\/uploads\/2024\/05\/schule-mit-biss-logo-png-e1716123126101.png","type":"","width":"","height":""}],"twitter_card":"summary_large_image","twitter_misc":{"Est. reading time":"1 minute"},"schema":{"@context":"https:\/\/schema.org","@graph":[{"@type":"WebPage","@id":"https:\/\/grundschule-heinsberg.de\/sq\/shkolle-me-kafshate\/","url":"https:\/\/grundschule-heinsberg.de\/sq\/shkolle-me-kafshate\/","name":"Shkoll\u00eb me kafshat\u00eb - St. Katharina Grundschule Heinsberg","isPartOf":{"@id":"https:\/\/grundschule-heinsberg.de\/sq\/#website"},"primaryImageOfPage":{"@id":"https:\/\/grundschule-heinsberg.de\/sq\/shkolle-me-kafshate\/#primaryimage"},"image":{"@id":"https:\/\/grundschule-heinsberg.de\/sq\/shkolle-me-kafshate\/#primaryimage"},"thumbnailUrl":"https:\/\/grundschule-heinsberg.de\/wp-content\/uploads\/2024\/05\/schule-mit-biss-logo-png-e1716123126101.png","datePublished":"2024-05-21T07:55:56+00:00","dateModified":"2024-05-22T19:41:13+00:00","breadcrumb":{"@id":"https:\/\/grundschule-heinsberg.de\/sq\/shkolle-me-kafshate\/#breadcrumb"},"inLanguage":"sq-AL","potentialAction":[{"@type":"ReadAction","target":["https:\/\/grundschule-heinsberg.de\/sq\/shkolle-me-kafshate\/"]}]},{"@type":"ImageObject","inLanguage":"sq-AL","@id":"https:\/\/grundschule-heinsberg.de\/sq\/shkolle-me-kafshate\/#primaryimage","url":"https:\/\/grundschule-heinsberg.de\/wp-content\/uploads\/2024\/05\/schule-mit-biss-logo-png-e1716123126101.png","contentUrl":"https:\/\/grundschule-heinsberg.de\/wp-content\/uploads\/2024\/05\/schule-mit-biss-logo-png-e1716123126101.png"},{"@type":"BreadcrumbList","@id":"https:\/\/grundschule-heinsberg.de\/sq\/shkolle-me-kafshate\/#breadcrumb","itemListElement":[{"@type":"ListItem","position":1,"name":"Startseite","item":"https:\/\/grundschule-heinsberg.de\/sq\/"},{"@type":"ListItem","position":2,"name":"Shkoll\u00eb me kafshat\u00eb"}]},{"@type":"WebSite","@id":"https:\/\/grundschule-heinsberg.de\/sq\/#website","url":"https:\/\/grundschule-heinsberg.de\/sq\/","name":"St. Katharina Grundschule Heinsberg","description":"f\u00fcreinander, voneinander, gemeinsam und individuell: Hand in Hand auf dem Weg in die Zukunft","publisher":{"@id":"https:\/\/grundschule-heinsberg.de\/sq\/#organization"},"potentialAction":[{"@type":"SearchAction","target":{"@type":"EntryPoint","urlTemplate":"https:\/\/grundschule-heinsberg.de\/sq\/?s={search_term_string}"},"query-input":{"@type":"PropertyValueSpecification","valueRequired":true,"valueName":"search_term_string"}}],"inLanguage":"sq-AL"},{"@type":"Organization","@id":"https:\/\/grundschule-heinsberg.de\/sq\/#organization","name":"St. Katharina Grundschule Heinsberg","url":"https:\/\/grundschule-heinsberg.de\/sq\/","logo":{"@type":"ImageObject","inLanguage":"sq-AL","@id":"https:\/\/grundschule-heinsberg.de\/sq\/#\/schema\/logo\/image\/","url":"https:\/\/grundschule-heinsberg.de\/wp-content\/uploads\/2023\/03\/230307_Grundschule-Heinsberg_Logo_RGB.svg","contentUrl":"https:\/\/grundschule-heinsberg.de\/wp-content\/uploads\/2023\/03\/230307_Grundschule-Heinsberg_Logo_RGB.svg","width":311,"height":135,"caption":"St. Katharina Grundschule Heinsberg"},"image":{"@id":"https:\/\/grundschule-heinsberg.de\/sq\/#\/schema\/logo\/image\/"}}]}},"_links":{"self":[{"href":"https:\/\/grundschule-heinsberg.de\/sq\/wp-json\/wp\/v2\/pages\/7280","targetHints":{"allow":["GET"]}}],"collection":[{"href":"https:\/\/grundschule-heinsberg.de\/sq\/wp-json\/wp\/v2\/pages"}],"about":[{"href":"https:\/\/grundschule-heinsberg.de\/sq\/wp-json\/wp\/v2\/types\/page"}],"author":[{"embeddable":true,"href":"https:\/\/grundschule-heinsberg.de\/sq\/wp-json\/wp\/v2\/users\/1"}],"replies":[{"embeddable":true,"href":"https:\/\/grundschule-heinsberg.de\/sq\/wp-json\/wp\/v2\/comments?post=7280"}],"version-history":[{"count":0,"href":"https:\/\/grundschule-heinsberg.de\/sq\/wp-json\/wp\/v2\/pages\/7280\/revisions"}],"wp:attachment":[{"href":"https:\/\/grundschule-heinsberg.de\/sq\/wp-json\/wp\/v2\/media?parent=7280"}],"curies":[{"name":"wp","href":"https:\/\/api.w.org\/{rel}","templated":true}]}}